{"id":31303,"date":"2021-10-12T15:51:09","date_gmt":"2021-10-12T07:51:09","guid":{"rendered":"https:\/\/blownfilmlines.com\/quienes-somos"},"modified":"2025-05-14T08:21:10","modified_gmt":"2025-05-14T00:21:10","slug":"quienes-somos","status":"publish","type":"page","link":"https:\/\/blownfilmlines.com\/es\/quienes-somos","title":{"rendered":"Qui\u00e9nes somos"},"content":{"rendered":"\t\t<div data-elementor-type=\"wp-page\" data-elementor-id=\"31303\" class=\"elementor elementor-31303 elementor-4400\" data-elementor-post-type=\"page\">\n\t\t\t\t<div class=\"wd-negative-gap elementor-element elementor-element-c981187 wd-section-stretch e-flex e-con-boxed e-con e-parent\" data-id=\"c981187\" data-element_type=\"container\" data-settings=\"{&quot;background_background&quot;:&quot;classic&quot;}\">\n\t\t\t\t\t<div class=\"e-con-inner\">\n\t\t<div class=\"elementor-element elementor-element-0fd10c5 e-con-full e-flex e-con e-child\" data-id=\"0fd10c5\" data-element_type=\"container\">\n\t\t\t\t<div class=\"elementor-element elementor-element-0a3bd19 elementor-widget elementor-widget-heading\" data-id=\"0a3bd19\" data-element_type=\"widget\" data-widget_type=\"heading.default\">\n\t\t\t\t<div class=\"elementor-widget-container\">\n\t\t\t\t\t<h2 class=\"elementor-heading-title elementor-size-default\">Introducir el Reino<\/h2>\t\t\t\t<\/div>\n\t\t\t\t<\/div>\n\t\t\t\t<div class=\"elementor-element elementor-element-7a6b9ca li-check color-scheme-inherit text-left elementor-widget elementor-widget-text-editor\" data-id=\"7a6b9ca\" data-element_type=\"widget\" data-widget_type=\"text-editor.default\">\n\t\t\t\t<div class=\"elementor-widget-container\">\n\t\t\t\t\t\t\t\t\t<ul><li>Desde 2005, se han instalado m\u00e1s de 1.700 m\u00e1quinas Kingdom en todo el mundo.<\/li><li>\u00c9xito y comentarios positivos de clientes satisfechos de 102 pa\u00edses<\/li><li>Dise\u00f1o flexible y personalizado de la m\u00e1quina para satisfacer tus requisitos espec\u00edficos y la disposici\u00f3n de tu f\u00e1brica<\/li><li>Componentes de alta calidad utilizados en las m\u00e1quinas: motores de alto rendimiento que ahorran energ\u00eda<\/li><li>M\u00e1quinas muy rentables: m\u00e1quinas con bajos costes de inversi\u00f3n, alta calidad y durabilidad<\/li><\/ul>\t\t\t\t\t\t\t\t<\/div>\n\t\t\t\t<\/div>\n\t\t\t\t<\/div>\n\t\t<div class=\"elementor-element elementor-element-f365786 e-con-full elementor-hidden-mobile e-flex e-con e-child\" data-id=\"f365786\" data-element_type=\"container\">\n\t\t<div class=\"elementor-element elementor-element-3804d1b e-con-full e-flex e-con e-child\" data-id=\"3804d1b\" data-element_type=\"container\">\n\t\t<div class=\"elementor-element elementor-element-b104cdd e-con-full e-flex e-con e-child\" data-id=\"b104cdd\" data-element_type=\"container\">\n\t\t\t\t<div class=\"elementor-element elementor-element-a21ab51 elementor-view-default elementor-position-top elementor-mobile-position-top elementor-widget elementor-widget-icon-box\" data-id=\"a21ab51\" data-element_type=\"widget\" data-widget_type=\"icon-box.default\">\n\t\t\t\t<div class=\"elementor-widget-container\">\n\t\t\t\t\t\t\t<div class=\"elementor-icon-box-wrapper\">\n\n\t\t\t\t\t\t<div class=\"elementor-icon-box-icon\">\n\t\t\t\t<span  class=\"elementor-icon\">\n\t\t\t\t<svg aria-hidden=\"true\" class=\"e-font-icon-svg e-far-gem\" viewBox=\"0 0 576 512\" xmlns=\"http:\/\/www.w3.org\/2000\/svg\"><path d=\"M464 0H112c-4 0-7.8 2-10 5.4L2 152.6c-2.9 4.4-2.6 10.2.7 14.2l276 340.8c4.8 5.9 13.8 5.9 18.6 0l276-340.8c3.3-4.1 3.6-9.8.7-14.2L474.1 5.4C471.8 2 468.1 0 464 0zm-19.3 48l63.3 96h-68.4l-51.7-96h56.8zm-202.1 0h90.7l51.7 96H191l51.6-96zm-111.3 0h56.8l-51.7 96H68l63.3-96zm-43 144h51.4L208 352 88.3 192zm102.9 0h193.6L288 435.3 191.2 192zM368 352l68.2-160h51.4L368 352z\"><\/path><\/svg>\t\t\t\t<\/span>\n\t\t\t<\/div>\n\t\t\t\n\t\t\t\t\t\t<div class=\"elementor-icon-box-content\">\n\n\t\t\t\t\t\t\t\t\t<h3 class=\"elementor-icon-box-title\">\n\t\t\t\t\t\t<span  >\n\t\t\t\t\t\t\tGarant\u00eda de calidad\t\t\t\t\t\t<\/span>\n\t\t\t\t\t<\/h3>\n\t\t\t\t\n\t\t\t\t\n\t\t\t<\/div>\n\t\t\t\n\t\t<\/div>\n\t\t\t\t\t\t<\/div>\n\t\t\t\t<\/div>\n\t\t\t\t<\/div>\n\t\t<div class=\"elementor-element elementor-element-2b3d979 e-con-full e-flex e-con e-child\" data-id=\"2b3d979\" data-element_type=\"container\">\n\t\t\t\t<div class=\"elementor-element elementor-element-8ebd915 elementor-view-default elementor-position-top elementor-mobile-position-top elementor-widget elementor-widget-icon-box\" data-id=\"8ebd915\" data-element_type=\"widget\" data-widget_type=\"icon-box.default\">\n\t\t\t\t<div class=\"elementor-widget-container\">\n\t\t\t\t\t\t\t<div class=\"elementor-icon-box-wrapper\">\n\n\t\t\t\t\t\t<div class=\"elementor-icon-box-icon\">\n\t\t\t\t<span  class=\"elementor-icon\">\n\t\t\t\t<svg aria-hidden=\"true\" class=\"e-font-icon-svg e-far-chart-bar\" viewBox=\"0 0 512 512\" xmlns=\"http:\/\/www.w3.org\/2000\/svg\"><path d=\"M396.8 352h22.4c6.4 0 12.8-6.4 12.8-12.8V108.8c0-6.4-6.4-12.8-12.8-12.8h-22.4c-6.4 0-12.8 6.4-12.8 12.8v230.4c0 6.4 6.4 12.8 12.8 12.8zm-192 0h22.4c6.4 0 12.8-6.4 12.8-12.8V140.8c0-6.4-6.4-12.8-12.8-12.8h-22.4c-6.4 0-12.8 6.4-12.8 12.8v198.4c0 6.4 6.4 12.8 12.8 12.8zm96 0h22.4c6.4 0 12.8-6.4 12.8-12.8V204.8c0-6.4-6.4-12.8-12.8-12.8h-22.4c-6.4 0-12.8 6.4-12.8 12.8v134.4c0 6.4 6.4 12.8 12.8 12.8zM496 400H48V80c0-8.84-7.16-16-16-16H16C7.16 64 0 71.16 0 80v336c0 17.67 14.33 32 32 32h464c8.84 0 16-7.16 16-16v-16c0-8.84-7.16-16-16-16zm-387.2-48h22.4c6.4 0 12.8-6.4 12.8-12.8v-70.4c0-6.4-6.4-12.8-12.8-12.8h-22.4c-6.4 0-12.8 6.4-12.8 12.8v70.4c0 6.4 6.4 12.8 12.8 12.8z\"><\/path><\/svg>\t\t\t\t<\/span>\n\t\t\t<\/div>\n\t\t\t\n\t\t\t\t\t\t<div class=\"elementor-icon-box-content\">\n\n\t\t\t\t\t\t\t\t\t<h3 class=\"elementor-icon-box-title\">\n\t\t\t\t\t\t<span  >\n\t\t\t\t\t\t\tAn\u00e1lisis completo del mercado\t\t\t\t\t\t<\/span>\n\t\t\t\t\t<\/h3>\n\t\t\t\t\n\t\t\t\t\n\t\t\t<\/div>\n\t\t\t\n\t\t<\/div>\n\t\t\t\t\t\t<\/div>\n\t\t\t\t<\/div>\n\t\t\t\t<\/div>\n\t\t<div class=\"elementor-element elementor-element-2167aab e-con-full e-flex e-con e-child\" data-id=\"2167aab\" data-element_type=\"container\">\n\t\t\t\t<div class=\"elementor-element elementor-element-574acb3 elementor-view-default elementor-position-top elementor-mobile-position-top elementor-widget elementor-widget-icon-box\" data-id=\"574acb3\" data-element_type=\"widget\" data-widget_type=\"icon-box.default\">\n\t\t\t\t<div class=\"elementor-widget-container\">\n\t\t\t\t\t\t\t<div class=\"elementor-icon-box-wrapper\">\n\n\t\t\t\t\t\t<div class=\"elementor-icon-box-icon\">\n\t\t\t\t<span  class=\"elementor-icon\">\n\t\t\t\t<svg aria-hidden=\"true\" class=\"e-font-icon-svg e-fas-bezier-curve\" viewBox=\"0 0 640 512\" xmlns=\"http:\/\/www.w3.org\/2000\/svg\"><path d=\"M368 32h-96c-17.67 0-32 14.33-32 32v96c0 17.67 14.33 32 32 32h96c17.67 0 32-14.33 32-32V64c0-17.67-14.33-32-32-32zM208 88h-84.75C113.75 64.56 90.84 48 64 48 28.66 48 0 76.65 0 112s28.66 64 64 64c26.84 0 49.75-16.56 59.25-40h79.73c-55.37 32.52-95.86 87.32-109.54 152h49.4c11.3-41.61 36.77-77.21 71.04-101.56-3.7-8.08-5.88-16.99-5.88-26.44V88zm-48 232H64c-17.67 0-32 14.33-32 32v96c0 17.67 14.33 32 32 32h96c17.67 0 32-14.33 32-32v-96c0-17.67-14.33-32-32-32zM576 48c-26.84 0-49.75 16.56-59.25 40H432v72c0 9.45-2.19 18.36-5.88 26.44 34.27 24.35 59.74 59.95 71.04 101.56h49.4c-13.68-64.68-54.17-119.48-109.54-152h79.73c9.5 23.44 32.41 40 59.25 40 35.34 0 64-28.65 64-64s-28.66-64-64-64zm0 272h-96c-17.67 0-32 14.33-32 32v96c0 17.67 14.33 32 32 32h96c17.67 0 32-14.33 32-32v-96c0-17.67-14.33-32-32-32z\"><\/path><\/svg>\t\t\t\t<\/span>\n\t\t\t<\/div>\n\t\t\t\n\t\t\t\t\t\t<div class=\"elementor-icon-box-content\">\n\n\t\t\t\t\t\t\t\t\t<h3 class=\"elementor-icon-box-title\">\n\t\t\t\t\t\t<span  >\n\t\t\t\t\t\t\tMejoras continuas del producto\t\t\t\t\t\t<\/span>\n\t\t\t\t\t<\/h3>\n\t\t\t\t\n\t\t\t\t\n\t\t\t<\/div>\n\t\t\t\n\t\t<\/div>\n\t\t\t\t\t\t<\/div>\n\t\t\t\t<\/div>\n\t\t\t\t<\/div>\n\t\t\t\t<\/div>\n\t\t<div class=\"elementor-element elementor-element-9e71d81 e-con-full e-flex e-con e-child\" data-id=\"9e71d81\" data-element_type=\"container\">\n\t\t<div class=\"elementor-element elementor-element-607a882 e-con-full e-flex e-con e-child\" data-id=\"607a882\" data-element_type=\"container\">\n\t\t\t\t<div class=\"elementor-element elementor-element-6a2a232 elementor-view-default elementor-position-top elementor-mobile-position-top elementor-widget elementor-widget-icon-box\" data-id=\"6a2a232\" data-element_type=\"widget\" data-widget_type=\"icon-box.default\">\n\t\t\t\t<div class=\"elementor-widget-container\">\n\t\t\t\t\t\t\t<div class=\"elementor-icon-box-wrapper\">\n\n\t\t\t\t\t\t<div class=\"elementor-icon-box-icon\">\n\t\t\t\t<span  class=\"elementor-icon\">\n\t\t\t\t<svg aria-hidden=\"true\" class=\"e-font-icon-svg e-far-clock\" viewBox=\"0 0 512 512\" xmlns=\"http:\/\/www.w3.org\/2000\/svg\"><path d=\"M256 8C119 8 8 119 8 256s111 248 248 248 248-111 248-248S393 8 256 8zm0 448c-110.5 0-200-89.5-200-200S145.5 56 256 56s200 89.5 200 200-89.5 200-200 200zm61.8-104.4l-84.9-61.7c-3.1-2.3-4.9-5.9-4.9-9.7V116c0-6.6 5.4-12 12-12h32c6.6 0 12 5.4 12 12v141.7l66.8 48.6c5.4 3.9 6.5 11.4 2.6 16.8L334.6 349c-3.9 5.3-11.4 6.5-16.8 2.6z\"><\/path><\/svg>\t\t\t\t<\/span>\n\t\t\t<\/div>\n\t\t\t\n\t\t\t\t\t\t<div class=\"elementor-icon-box-content\">\n\n\t\t\t\t\t\t\t\t\t<h3 class=\"elementor-icon-box-title\">\n\t\t\t\t\t\t<span  >\n\t\t\t\t\t\t\tTiempo de rotaci\u00f3n corto\t\t\t\t\t\t<\/span>\n\t\t\t\t\t<\/h3>\n\t\t\t\t\n\t\t\t\t\n\t\t\t<\/div>\n\t\t\t\n\t\t<\/div>\n\t\t\t\t\t\t<\/div>\n\t\t\t\t<\/div>\n\t\t\t\t<\/div>\n\t\t<div class=\"elementor-element elementor-element-5a3aeca e-con-full e-flex e-con e-child\" data-id=\"5a3aeca\" data-element_type=\"container\">\n\t\t\t\t<div class=\"elementor-element elementor-element-b76ea10 elementor-view-default elementor-position-top elementor-mobile-position-top elementor-widget elementor-widget-icon-box\" data-id=\"b76ea10\" data-element_type=\"widget\" data-widget_type=\"icon-box.default\">\n\t\t\t\t<div class=\"elementor-widget-container\">\n\t\t\t\t\t\t\t<div class=\"elementor-icon-box-wrapper\">\n\n\t\t\t\t\t\t<div class=\"elementor-icon-box-icon\">\n\t\t\t\t<span  class=\"elementor-icon\">\n\t\t\t\t<svg aria-hidden=\"true\" class=\"e-font-icon-svg e-fas-user-friends\" viewBox=\"0 0 640 512\" xmlns=\"http:\/\/www.w3.org\/2000\/svg\"><path d=\"M192 256c61.9 0 112-50.1 112-112S253.9 32 192 32 80 82.1 80 144s50.1 112 112 112zm76.8 32h-8.3c-20.8 10-43.9 16-68.5 16s-47.6-6-68.5-16h-8.3C51.6 288 0 339.6 0 403.2V432c0 26.5 21.5 48 48 48h288c26.5 0 48-21.5 48-48v-28.8c0-63.6-51.6-115.2-115.2-115.2zM480 256c53 0 96-43 96-96s-43-96-96-96-96 43-96 96 43 96 96 96zm48 32h-3.8c-13.9 4.8-28.6 8-44.2 8s-30.3-3.2-44.2-8H432c-20.4 0-39.2 5.9-55.7 15.4 24.4 26.3 39.7 61.2 39.7 99.8v38.4c0 2.2-.5 4.3-.6 6.4H592c26.5 0 48-21.5 48-48 0-61.9-50.1-112-112-112z\"><\/path><\/svg>\t\t\t\t<\/span>\n\t\t\t<\/div>\n\t\t\t\n\t\t\t\t\t\t<div class=\"elementor-icon-box-content\">\n\n\t\t\t\t\t\t\t\t\t<h3 class=\"elementor-icon-box-title\">\n\t\t\t\t\t\t<span  >\n\t\t\t\t\t\t\tEquipo OEM experimentado\t\t\t\t\t\t<\/span>\n\t\t\t\t\t<\/h3>\n\t\t\t\t\n\t\t\t\t\n\t\t\t<\/div>\n\t\t\t\n\t\t<\/div>\n\t\t\t\t\t\t<\/div>\n\t\t\t\t<\/div>\n\t\t\t\t<\/div>\n\t\t<div class=\"elementor-element elementor-element-5193117 e-con-full e-flex e-con e-child\" data-id=\"5193117\" data-element_type=\"container\">\n\t\t\t\t<div class=\"elementor-element elementor-element-a5173a8 elementor-view-default elementor-position-top elementor-mobile-position-top elementor-widget elementor-widget-icon-box\" data-id=\"a5173a8\" data-element_type=\"widget\" data-widget_type=\"icon-box.default\">\n\t\t\t\t<div class=\"elementor-widget-container\">\n\t\t\t\t\t\t\t<div class=\"elementor-icon-box-wrapper\">\n\n\t\t\t\t\t\t<div class=\"elementor-icon-box-icon\">\n\t\t\t\t<span  class=\"elementor-icon\">\n\t\t\t\t<svg aria-hidden=\"true\" class=\"e-font-icon-svg e-fas-praying-hands\" viewBox=\"0 0 640 512\" xmlns=\"http:\/\/www.w3.org\/2000\/svg\"><path d=\"M272 191.91c-17.6 0-32 14.4-32 32v80c0 8.84-7.16 16-16 16s-16-7.16-16-16v-76.55c0-17.39 4.72-34.47 13.69-49.39l77.75-129.59c9.09-15.16 4.19-34.81-10.97-43.91-14.45-8.67-32.72-4.3-42.3 9.21-.2.23-.62.21-.79.48l-117.26 175.9C117.56 205.9 112 224.31 112 243.29v80.23l-90.12 30.04A31.974 31.974 0 0 0 0 383.91v96c0 10.82 8.52 32 32 32 2.69 0 5.41-.34 8.06-1.03l179.19-46.62C269.16 449.99 304 403.8 304 351.91v-128c0-17.6-14.4-32-32-32zm346.12 161.73L528 323.6v-80.23c0-18.98-5.56-37.39-16.12-53.23L394.62 14.25c-.18-.27-.59-.24-.79-.48-9.58-13.51-27.85-17.88-42.3-9.21-15.16 9.09-20.06 28.75-10.97 43.91l77.75 129.59c8.97 14.92 13.69 32 13.69 49.39V304c0 8.84-7.16 16-16 16s-16-7.16-16-16v-80c0-17.6-14.4-32-32-32s-32 14.4-32 32v128c0 51.89 34.84 98.08 84.75 112.34l179.19 46.62c2.66.69 5.38 1.03 8.06 1.03 23.48 0 32-21.18 32-32v-96c0-13.77-8.81-25.99-21.88-30.35z\"><\/path><\/svg>\t\t\t\t<\/span>\n\t\t\t<\/div>\n\t\t\t\n\t\t\t\t\t\t<div class=\"elementor-icon-box-content\">\n\n\t\t\t\t\t\t\t\t\t<h3 class=\"elementor-icon-box-title\">\n\t\t\t\t\t\t<span  >\n\t\t\t\t\t\t\tGran servicio postventa\t\t\t\t\t\t<\/span>\n\t\t\t\t\t<\/h3>\n\t\t\t\t\n\t\t\t\t\n\t\t\t<\/div>\n\t\t\t\n\t\t<\/div>\n\t\t\t\t\t\t<\/div>\n\t\t\t\t<\/div>\n\t\t\t\t<\/div>\n\t\t\t\t<\/div>\n\t\t\t\t<\/div>\n\t\t\t\t\t<\/div>\n\t\t\t\t<\/div>\n\t\t<div class=\"wd-negative-gap elementor-element elementor-element-7c7c544 wd-section-stretch e-flex e-con-boxed e-con e-parent\" data-id=\"7c7c544\" data-element_type=\"container\">\n\t\t\t\t\t<div class=\"e-con-inner\">\n\t\t<div class=\"elementor-element elementor-element-e7cb5cd e-con-full e-flex e-con e-child\" data-id=\"e7cb5cd\" data-element_type=\"container\">\n\t\t\t\t<div class=\"elementor-element elementor-element-29398b1 elementor-widget elementor-widget-image\" data-id=\"29398b1\" data-element_type=\"widget\" data-widget_type=\"image.default\">\n\t\t\t\t<div class=\"elementor-widget-container\">\n\t\t\t\t\t\t\t\t\t\t\t\t\t\t\t<img fetchpriority=\"high\" decoding=\"async\" width=\"960\" height=\"656\" src=\"https:\/\/blownfilmlines.com\/wp-content\/uploads\/2025\/02\/about.jpg\" class=\"attachment-large size-large wp-image-30721\" alt=\"\" srcset=\"https:\/\/blownfilmlines.com\/wp-content\/uploads\/2025\/02\/about.jpg 960w, https:\/\/blownfilmlines.com\/wp-content\/uploads\/2025\/02\/about-400x273.jpg 400w, https:\/\/blownfilmlines.com\/wp-content\/uploads\/2025\/02\/about-768x525.jpg 768w, https:\/\/blownfilmlines.com\/wp-content\/uploads\/2025\/02\/about-430x294.jpg 430w, https:\/\/blownfilmlines.com\/wp-content\/uploads\/2025\/02\/about-700x478.jpg 700w, https:\/\/blownfilmlines.com\/wp-content\/uploads\/2025\/02\/about-150x103.jpg 150w\" sizes=\"(max-width: 960px) 100vw, 960px\" \/>\t\t\t\t\t\t\t\t\t\t\t\t\t\t\t<\/div>\n\t\t\t\t<\/div>\n\t\t\t\t<\/div>\n\t\t<div class=\"elementor-element elementor-element-97d6084 e-con-full e-flex e-con e-child\" data-id=\"97d6084\" data-element_type=\"container\">\n\t\t\t\t<div class=\"elementor-element elementor-element-b05c74d color-scheme-inherit text-left elementor-widget elementor-widget-text-editor\" data-id=\"b05c74d\" data-element_type=\"widget\" data-widget_type=\"text-editor.default\">\n\t\t\t\t<div class=\"elementor-widget-container\">\n\t\t\t\t\t\t\t\t\t<p>Ruian Evergreen Machine Co.,Ltd. Es una empresa bien establecida en la fabricaci\u00f3n de una amplia gama de l\u00edneas de m\u00e1quinas para bolsas de pl\u00e1stico, incluidas la extrusi\u00f3n de film soplado, la m\u00e1quina de hacer bolsas de pl\u00e1stico, la m\u00e1quina de impresi\u00f3n flexogr\u00e1fica, la m\u00e1quina de impresi\u00f3n en huecograbado, la m\u00e1quina de film estirable, la m\u00e1quina de reciclaje, la m\u00e1quina de hacer pajitas y otras m\u00e1quinas de pl\u00e1stico.   <br><br>Kingdom Machine\u00bb es nuestra marca, el equipo de producci\u00f3n de \u00abRuian Evergreen Machine Co.,Ltd\u00bb tiene m\u00e1s de 15 a\u00f1os de experiencia en producci\u00f3n, la mayor\u00eda de nuestras m\u00e1quinas se exportan a Chlie, Brasil, Colombia, Argentina, Per\u00fa, Venezuela, Uruguay, Surinam, M\u00e9xico Egipto, Ir\u00e1n, Israel, Bahrein, Chipre, Irak, Jordania, Kuwait, L\u00edbano, Om\u00e1n, Qatar, Arabia Saud\u00ed, Siria, Turqu\u00eda, Nigeria, Sud\u00e1frica, Ir\u00e1n, Dubai, Sud\u00e1frica y otras partes del mundo. \u00abKingdom\u00bb insiste en fabricar m\u00e1quinas de dise\u00f1o sencillo, primero el cliente. <br><br>Nuestras m\u00e1quinas gozan del favor de los clientes por su f\u00e1cil manejo, su perfecto rendimiento, su f\u00e1cil mantenimiento y su r\u00e1pido servicio posventa.<\/p>\t\t\t\t\t\t\t\t<\/div>\n\t\t\t\t<\/div>\n\t\t\t\t<\/div>\n\t\t\t\t\t<\/div>\n\t\t\t\t<\/div>\n\t\t<div class=\"wd-negative-gap elementor-element elementor-element-c4c6f6a wd-section-stretch sub-bottom-forms e-flex e-con-boxed e-con e-parent\" data-id=\"c4c6f6a\" data-element_type=\"container\">\n\t\t\t\t\t<div class=\"e-con-inner\">\n\t\t\t\t<div class=\"elementor-element elementor-element-87d8cec elementor-widget elementor-widget-shortcode\" data-id=\"87d8cec\" data-element_type=\"widget\" data-widget_type=\"shortcode.default\">\n\t\t\t\t<div class=\"elementor-widget-container\">\n\t\t\t\t\t\t\t<div class=\"elementor-shortcode\">\t\t<div data-elementor-type=\"section\" data-elementor-id=\"31323\" class=\"elementor elementor-31323 elementor-29130\" data-elementor-post-type=\"elementor_library\">\n\t\t\t<div class=\"elementor-element elementor-element-daa5089 e-con-full e-flex e-con e-child\" data-id=\"daa5089\" data-element_type=\"container\">\n\t\t\t\t<div class=\"elementor-element elementor-element-750a42f elementor-widget elementor-widget-heading\" data-id=\"750a42f\" data-element_type=\"widget\" data-widget_type=\"heading.default\">\n\t\t\t\t<div class=\"elementor-widget-container\">\n\t\t\t\t\t<h2 class=\"elementor-heading-title elementor-size-default\">Contacta con nosotros<\/h2>\t\t\t\t<\/div>\n\t\t\t\t<\/div>\n\t\t\t\t<div class=\"elementor-element elementor-element-1d92fc6 color-scheme-inherit text-left elementor-widget elementor-widget-text-editor\" data-id=\"1d92fc6\" data-element_type=\"widget\" data-widget_type=\"text-editor.default\">\n\t\t\t\t<div class=\"elementor-widget-container\">\n\t\t\t\t\t\t\t\t\t<p>Env\u00eda un mensaje<\/p>\t\t\t\t\t\t\t\t<\/div>\n\t\t\t\t<\/div>\n\t\t\t\t<div class=\"elementor-element elementor-element-a8b3a20 elementor-widget elementor-widget-wpforms\" data-id=\"a8b3a20\" data-element_type=\"widget\" data-widget_type=\"wpforms.default\">\n\t\t\t\t<div class=\"elementor-widget-container\">\n\t\t\t\t\t<style id=\"wpforms-css-vars-root\">\n\t\t\t\t:root {\n\t\t\t\t\t--wpforms-field-border-radius: 3px;\n--wpforms-field-border-style: solid;\n--wpforms-field-border-size: 1px;\n--wpforms-field-background-color: #ffffff;\n--wpforms-field-border-color: rgba( 0, 0, 0, 0.25 );\n--wpforms-field-border-color-spare: rgba( 0, 0, 0, 0.25 );\n--wpforms-field-text-color: rgba( 0, 0, 0, 0.7 );\n--wpforms-field-menu-color: #ffffff;\n--wpforms-label-color: rgba( 0, 0, 0, 0.85 );\n--wpforms-label-sublabel-color: rgba( 0, 0, 0, 0.55 );\n--wpforms-label-error-color: #d63637;\n--wpforms-button-border-radius: 3px;\n--wpforms-button-border-style: none;\n--wpforms-button-border-size: 1px;\n--wpforms-button-background-color: #066aab;\n--wpforms-button-border-color: #066aab;\n--wpforms-button-text-color: #ffffff;\n--wpforms-page-break-color: #066aab;\n--wpforms-background-image: none;\n--wpforms-background-position: center center;\n--wpforms-background-repeat: no-repeat;\n--wpforms-background-size: cover;\n--wpforms-background-width: 100px;\n--wpforms-background-height: 100px;\n--wpforms-background-color: rgba( 0, 0, 0, 0 );\n--wpforms-background-url: none;\n--wpforms-container-padding: 0px;\n--wpforms-container-border-style: none;\n--wpforms-container-border-width: 1px;\n--wpforms-container-border-color: #000000;\n--wpforms-container-border-radius: 3px;\n--wpforms-field-size-input-height: 43px;\n--wpforms-field-size-input-spacing: 15px;\n--wpforms-field-size-font-size: 16px;\n--wpforms-field-size-line-height: 19px;\n--wpforms-field-size-padding-h: 14px;\n--wpforms-field-size-checkbox-size: 16px;\n--wpforms-field-size-sublabel-spacing: 5px;\n--wpforms-field-size-icon-size: 1;\n--wpforms-label-size-font-size: 16px;\n--wpforms-label-size-line-height: 19px;\n--wpforms-label-size-sublabel-font-size: 14px;\n--wpforms-label-size-sublabel-line-height: 17px;\n--wpforms-button-size-font-size: 17px;\n--wpforms-button-size-height: 41px;\n--wpforms-button-size-padding-h: 15px;\n--wpforms-button-size-margin-top: 10px;\n--wpforms-container-shadow-size-box-shadow: none;\n\n\t\t\t\t}\n\t\t\t<\/style><style id=\"wpforms-css-vars-elementor-widget-a8b3a20\">\n\t\t\t\t.elementor-widget-wpforms.elementor-element-a8b3a20 {\n\t\t\t\t\t--wpforms-field-size-input-height: 43px;\n--wpforms-field-size-input-spacing: 15px;\n--wpforms-field-size-font-size: 16px;\n--wpforms-field-size-line-height: 19px;\n--wpforms-field-size-padding-h: 14px;\n--wpforms-field-size-checkbox-size: 16px;\n--wpforms-field-size-sublabel-spacing: 5px;\n--wpforms-field-size-icon-size: 1;\n--wpforms-label-size-font-size: 16px;\n--wpforms-label-size-line-height: 19px;\n--wpforms-label-size-sublabel-font-size: 14px;\n--wpforms-label-size-sublabel-line-height: 17px;\n--wpforms-button-size-font-size: 17px;\n--wpforms-button-size-height: 41px;\n--wpforms-button-size-padding-h: 15px;\n--wpforms-button-size-margin-top: 10px;\n\n\t\t\t\t}\n\t\t\t<\/style><div class=\"wpforms-container wpforms-container-full wpforms-render-modern\" id=\"wpforms-28395\"><form id=\"wpforms-form-28395\" class=\"wpforms-validate wpforms-form wpforms-ajax-form\" data-formid=\"28395\" method=\"post\" enctype=\"multipart\/form-data\" action=\"\/es\/wp-json\/wp\/v2\/pages\/31303\" data-token=\"bf088a06245730b5d35510c655448b86\" data-token-time=\"1776293610\"><noscript class=\"wpforms-error-noscript\">Por favor, activa JavaScript en tu navegador para completar este formulario.<\/noscript><div class=\"wpforms-hidden\" id=\"wpforms-error-noscript\">Por favor, activa JavaScript en tu navegador para completar este formulario.<\/div><div class=\"wpforms-field-container\"><div id=\"wpforms-28395-field_1-container\" class=\"wpforms-field wpforms-field-layout\" data-field-id=\"1\"><div class=\"wpforms-field-layout-rows wpforms-field-large\"><div class=\"wpforms-layout-row\"><div class=\"wpforms-layout-column wpforms-layout-column-50\"><div id=\"wpforms-28395-field_2-container\" class=\"wpforms-field wpforms-field-text\" data-field-id=\"2\"><label class=\"wpforms-field-label wpforms-label-hide\" for=\"wpforms-28395-field_2\" aria-hidden=\"false\"> Name <span class=\"wpforms-required-label\" aria-hidden=\"true\">*<\/span><\/label><input type=\"text\" id=\"wpforms-28395-field_2\" class=\"wpforms-field-medium wpforms-field-required\" name=\"wpforms[fields][2]\" placeholder=\" Name\" aria-errormessage=\"wpforms-28395-field_2-error\" required><\/div><\/div><div class=\"wpforms-layout-column wpforms-layout-column-50\"><div id=\"wpforms-28395-field_3-container\" class=\"wpforms-field wpforms-field-email\" data-field-id=\"3\"><label class=\"wpforms-field-label wpforms-label-hide\" for=\"wpforms-28395-field_3\" aria-hidden=\"false\">Email <span class=\"wpforms-required-label\" aria-hidden=\"true\">*<\/span><\/label><input type=\"email\" id=\"wpforms-28395-field_3\" class=\"wpforms-field-medium wpforms-field-required\" name=\"wpforms[fields][3]\" placeholder=\"Email\" spellcheck=\"false\" aria-errormessage=\"wpforms-28395-field_3-error\" required><\/div><\/div><\/div><div class=\"wpforms-layout-row\"><div class=\"wpforms-layout-column wpforms-layout-column-50\"><div id=\"wpforms-28395-field_8-container\" class=\"wpforms-field wpforms-field-text\" data-field-id=\"8\"><label class=\"wpforms-field-label wpforms-label-hide\" for=\"wpforms-28395-field_8\" aria-hidden=\"false\">Whatsapp<\/label><input type=\"text\" id=\"wpforms-28395-field_8\" class=\"wpforms-field-medium\" name=\"wpforms[fields][8]\" placeholder=\"Whatsapp\" aria-errormessage=\"wpforms-28395-field_8-error\" ><\/div><\/div><div class=\"wpforms-layout-column wpforms-layout-column-50\"><div id=\"wpforms-28395-field_4-container\" class=\"wpforms-field wpforms-field-text\" data-field-id=\"4\"><label class=\"wpforms-field-label wpforms-label-hide\" for=\"wpforms-28395-field_4\" aria-hidden=\"false\">Company<\/label><input type=\"text\" id=\"wpforms-28395-field_4\" class=\"wpforms-field-medium\" name=\"wpforms[fields][4]\" placeholder=\"Company\" aria-errormessage=\"wpforms-28395-field_4-error\" ><\/div><\/div><\/div><\/div><\/div><div id=\"wpforms-28395-field_7-container\" class=\"wpforms-field wpforms-field-textarea\" data-field-id=\"7\"><label class=\"wpforms-field-label wpforms-label-hide\" for=\"wpforms-28395-field_7\" aria-hidden=\"false\">Message <span class=\"wpforms-required-label\" aria-hidden=\"true\">*<\/span><\/label><textarea id=\"wpforms-28395-field_7\" class=\"wpforms-field-medium wpforms-field-required\" name=\"wpforms[fields][7]\" placeholder=\"Message\" aria-errormessage=\"wpforms-28395-field_7-error\" required><\/textarea><\/div><\/div><!-- .wpforms-field-container --><div class=\"wpforms-submit-container\" ><input type=\"hidden\" name=\"wpforms[id]\" value=\"28395\"><input type=\"hidden\" name=\"page_title\" value=\"\"><input type=\"hidden\" name=\"page_url\" value=\"https:\/\/blownfilmlines.com\/es\/wp-json\/wp\/v2\/pages\/31303\"><button type=\"submit\" name=\"wpforms[submit]\" id=\"wpforms-submit-28395\" class=\"wpforms-submit\" data-alt-text=\"Send...\" data-submit-text=\"Send\" aria-live=\"assertive\" value=\"wpforms-submit\">Send<\/button><img decoding=\"async\" src=\"https:\/\/blownfilmlines.com\/wp-content\/plugins\/wpforms\/assets\/images\/submit-spin.svg\" class=\"wpforms-submit-spinner\" style=\"display: none;\" width=\"26\" height=\"26\" alt=\"Cargando\"><\/div><\/form><\/div>  <!-- .wpforms-container -->\t\t\t\t<\/div>\n\t\t\t\t<\/div>\n\t\t\t\t<\/div>\n\t\t\t\t<\/div>\n\t\t<\/div>\n\t\t\t\t\t\t<\/div>\n\t\t\t\t<\/div>\n\t\t\t\t\t<\/div>\n\t\t\t\t<\/div>\n\t\t\t\t<\/div>\n\t\t","protected":false},"excerpt":{"rendered":"<p>Introducir el Reino Desde 2005, se han instalado m\u00e1s de 1.700 m\u00e1quinas Kingdom en todo el mundo. \u00c9xito y comentarios<\/p>\n","protected":false},"author":1,"featured_media":0,"parent":0,"menu_order":0,"comment_status":"closed","ping_status":"closed","template":"","meta":{"_acf_changed":false,"footnotes":""},"class_list":["post-31303","page","type-page","status-publish","hentry"],"acf":[],"_links":{"self":[{"href":"https:\/\/blownfilmlines.com\/es\/wp-json\/wp\/v2\/pages\/31303","targetHints":{"allow":["GET"]}}],"collection":[{"href":"https:\/\/blownfilmlines.com\/es\/wp-json\/wp\/v2\/pages"}],"about":[{"href":"https:\/\/blownfilmlines.com\/es\/wp-json\/wp\/v2\/types\/page"}],"author":[{"embeddable":true,"href":"https:\/\/blownfilmlines.com\/es\/wp-json\/wp\/v2\/users\/1"}],"replies":[{"embeddable":true,"href":"https:\/\/blownfilmlines.com\/es\/wp-json\/wp\/v2\/comments?post=31303"}],"version-history":[{"count":2,"href":"https:\/\/blownfilmlines.com\/es\/wp-json\/wp\/v2\/pages\/31303\/revisions"}],"predecessor-version":[{"id":31305,"href":"https:\/\/blownfilmlines.com\/es\/wp-json\/wp\/v2\/pages\/31303\/revisions\/31305"}],"wp:attachment":[{"href":"https:\/\/blownfilmlines.com\/es\/wp-json\/wp\/v2\/media?parent=31303"}],"curies":[{"name":"wp","href":"https:\/\/api.w.org\/{rel}","templated":true}]}}