{"id":31267,"date":"2025-03-28T21:17:55","date_gmt":"2025-03-28T13:17:55","guid":{"rendered":"https:\/\/blownfilmlines.com\/product\/cuchilla-de-corte-para-maquina-de-bolsas-de-plastico"},"modified":"2025-05-14T08:20:42","modified_gmt":"2025-05-14T00:20:42","slug":"cuchilla-de-corte-para-maquina-de-bolsas-de-plastico","status":"publish","type":"product","link":"https:\/\/blownfilmlines.com\/es\/product\/cuchilla-de-corte-para-maquina-de-bolsas-de-plastico","title":{"rendered":"Cuchilla de corte para m\u00e1quina de bolsas de pl\u00e1stico"},"content":{"rendered":"<div class=\"product-tab-desc\">\n<div>cuchillo\/cuchilla de corte para m\u00e1quina de bolsas de pl\u00e1stico<\/div>\n<div>anchura de la hoja :600mm,700mm,800mm,900mm,1000mm,1200mm,1500mm etc<\/div>\n<div>\n<p class=\"magic-11\" align=\"left\"><span style=\"font-family: Arial, Helvetica; font-size: medium;\"><strong><span class=\"magic-12\">Superficie de alta precisi\u00f3n, sin rebabas<\/span><\/strong><\/span><\/p>\n<p class=\"magic-11\" align=\"left\"><span style=\"font-family: Arial, Helvetica; font-size: medium;\"><strong><span class=\"magic-12\">m\u00e1s de 15 a\u00f1os de experiencia profesional en la fabricaci\u00f3n<\/span><\/strong><\/span><\/p>\n<p class=\"magic-11\" align=\"left\"><span style=\"font-family: Arial, Helvetica; font-size: medium;\"><strong><span class=\"magic-12\">Estricto sistema de gesti\u00f3n de la calidad<\/span><\/strong><\/span><\/p>\n<p class=\"magic-11\" align=\"left\"><span style=\"font-family: Arial, Helvetica; font-size: medium;\"><strong><span class=\"magic-12\">Se aceptan pedidos peque\u00f1os.<\/span><\/strong><\/span><\/p>\n<\/div>\n<div><img decoding=\"async\" src=\"https:\/\/shopic.mcmcclass.com\/20211229112032605315933.jpg\" alt=\"hoja 7.jpg\" width=\"500\"><\/div>\n<div>&nbsp;<\/div>\n<div><img decoding=\"async\" src=\"https:\/\/shopic.mcmcclass.com\/20211229112032732732108.webp\" alt=\"cuchilla 01(1).webp\" width=\"500\"><\/div>\n<div>&nbsp;<\/div>\n<div><img decoding=\"async\" src=\"https:\/\/shopic.mcmcclass.com\/20211229112032735462223.jpg\" alt=\"balde03.jpg\" width=\"500\"><\/div>\n<div>&nbsp;<\/div>\n<div><img decoding=\"async\" src=\"https:\/\/shopic.mcmcclass.com\/20211229112032455523432.jpg\" alt=\"hoja 6.jpg\" width=\"500\"><\/div>\n<div>&nbsp;<\/div>\n<div><img decoding=\"async\" src=\"https:\/\/shopic.mcmcclass.com\/20211229112032486483775.jpg\" alt=\"balde 04.jpg\" width=\"500\"><\/div>\n<div>&nbsp;<\/div>\n<div><img decoding=\"async\" src=\"https:\/\/shopic.mcmcclass.com\/20211229112032915786477.webp\" alt=\"balde(1).webp\" width=\"500\"><\/div>\n<div>&nbsp;<\/div>\n<div>&nbsp;<\/div>\n<div>paquete con caja de madera para proteger la cuchilla<\/div>\n<div><img decoding=\"async\" src=\"https:\/\/shopic.mcmcclass.com\/20211229112033199009862.jpg\" alt=\"embalaje(1).jpg\" width=\"500\"><\/div>\n<div>&nbsp;<\/div>\n<div><img decoding=\"async\" src=\"https:\/\/shopic.mcmcclass.com\/20211228115001195156867.jpg\" alt=\"bolsa-de-pl\u00e1stico-m\u00e1quina-proveedor.jpg\"><\/div>\n<div><img decoding=\"async\" src=\"https:\/\/shopic.mcmcclass.com\/20211228114935210710163.jpg\" alt=\"  maquina-sopladora-2.jpg\" width=\"500\"><\/div>\n<div><img decoding=\"async\" src=\"https:\/\/shopic.mcmcclass.com\/20211228114923643729522.jpg\" alt=\"env\u00edo\" width=\"500\"><\/div>\n<div>&nbsp;<\/div>\n<\/p><\/div>\n","protected":false},"excerpt":{"rendered":"<p>cuchillo\/cuchilla de corte para m\u00e1quina de bolsas de pl\u00e1stico anchura de la hoja :600mm,700mm,800mm,900mm,1000mm,1200mm,1500mm etc Superficie de alta precisi\u00f3n, sin<\/p>\n","protected":false},"featured_media":30337,"comment_status":"closed","ping_status":"closed","template":"","meta":{"_acf_changed":false,"_oss_video_url":""},"product_brand":[],"product_cat":[101],"product_tag":[],"class_list":{"0":"post-31267","1":"product","2":"type-product","3":"status-publish","4":"has-post-thumbnail","6":"product_cat-sin-categoria","8":"first","9":"instock","10":"shipping-taxable","11":"product-type-simple"},"acf":[],"_links":{"self":[{"href":"https:\/\/blownfilmlines.com\/es\/wp-json\/wp\/v2\/product\/31267","targetHints":{"allow":["GET"]}}],"collection":[{"href":"https:\/\/blownfilmlines.com\/es\/wp-json\/wp\/v2\/product"}],"about":[{"href":"https:\/\/blownfilmlines.com\/es\/wp-json\/wp\/v2\/types\/product"}],"replies":[{"embeddable":true,"href":"https:\/\/blownfilmlines.com\/es\/wp-json\/wp\/v2\/comments?post=31267"}],"version-history":[{"count":1,"href":"https:\/\/blownfilmlines.com\/es\/wp-json\/wp\/v2\/product\/31267\/revisions"}],"predecessor-version":[{"id":31269,"href":"https:\/\/blownfilmlines.com\/es\/wp-json\/wp\/v2\/product\/31267\/revisions\/31269"}],"wp:featuredmedia":[{"embeddable":true,"href":"https:\/\/blownfilmlines.com\/es\/wp-json\/wp\/v2\/media\/30337"}],"wp:attachment":[{"href":"https:\/\/blownfilmlines.com\/es\/wp-json\/wp\/v2\/media?parent=31267"}],"wp:term":[{"taxonomy":"product_brand","embeddable":true,"href":"https:\/\/blownfilmlines.com\/es\/wp-json\/wp\/v2\/product_brand?post=31267"},{"taxonomy":"product_cat","embeddable":true,"href":"https:\/\/blownfilmlines.com\/es\/wp-json\/wp\/v2\/product_cat?post=31267"},{"taxonomy":"product_tag","embeddable":true,"href":"https:\/\/blownfilmlines.com\/es\/wp-json\/wp\/v2\/product_tag?post=31267"}],"curies":[{"name":"wp","href":"https:\/\/api.w.org\/{rel}","templated":true}]}}