{"id":31270,"date":"2025-03-28T21:24:15","date_gmt":"2025-03-28T13:24:15","guid":{"rendered":"https:\/\/blownfilmlines.com\/product\/envio-de-extrusion-de-pelicula-soplada-a-mexico"},"modified":"2025-05-14T08:20:43","modified_gmt":"2025-05-14T00:20:43","slug":"envio-de-extrusion-de-pelicula-soplada-a-mexico","status":"publish","type":"product","link":"https:\/\/blownfilmlines.com\/es\/product\/envio-de-extrusion-de-pelicula-soplada-a-mexico","title":{"rendered":"Env\u00edo de extrusi\u00f3n de pel\u00edcula soplada a M\u00e9xico"},"content":{"rendered":"<div id=\"tab-desc\" class=\"tab-pane active\" role=\"tabpanel\">\n<div class=\"ProductAttr\">\n<div class=\"ProductAttrItem\">\n<div class=\"ProductAttr-title\">color<\/div>\n<div class=\"ProductAttr-text\">rojo,azul,amarillo<\/div>\n<\/div>\n<\/div>\n<div class=\"product-tab-desc\">\n<p>Env\u00edo de extrusi\u00f3n de pel\u00edcula soplada a M\u00e9xico<\/p>\n<div>\n<div>\n<p><img decoding=\"async\" src=\"https:\/\/shopic.mcmcclass.com\/20211228115001195156867.jpg\" alt=\"bolsa-de-pl\u00e1stico-m\u00e1quina-proveedor.jpg\"><\/p>\n<p><img fetchpriority=\"high\" decoding=\"async\" src=\"https:\/\/shopic.mcmcclass.com\/20211215213723786217429.JPG\" alt=\"F\u00e1brica de m\u00e1quinas de bolsas de pl\u00e1stico.JPG\" width=\"489\" height=\"496\"><\/p>\n<p><img decoding=\"async\" src=\"https:\/\/shopic.mcmcclass.com\/20211228114650196065744.jpg\" alt=\"\u6bcf\u4e2a\u4ea7\u54c1\u540e\u9762\u90fd\u653e\u4e0a\u8fd9\u4e2a\u56fe\u7247 01.jpg\" width=\"500\"><\/p>\n<p><img decoding=\"async\" src=\"https:\/\/shopic.mcmcclass.com\/20211228114923643729522.jpg\" alt=\"maquina de corte automatico-9.jpg\" width=\"500\"><\/p>\n<\/div>\n<\/div>\n<\/div>\n<\/div>\n","protected":false},"excerpt":{"rendered":"<p>color rojo,azul,amarillo Env\u00edo de extrusi\u00f3n de pel\u00edcula soplada a M\u00e9xico<\/p>\n","protected":false},"featured_media":30363,"comment_status":"closed","ping_status":"closed","template":"","meta":{"_acf_changed":false,"_oss_video_url":""},"product_brand":[],"product_cat":[102],"product_tag":[],"class_list":{"0":"post-31270","1":"product","2":"type-product","3":"status-publish","4":"has-post-thumbnail","6":"product_cat-envio-e-instalacion","8":"first","9":"instock","10":"shipping-taxable","11":"product-type-simple"},"acf":[],"_links":{"self":[{"href":"https:\/\/blownfilmlines.com\/es\/wp-json\/wp\/v2\/product\/31270","targetHints":{"allow":["GET"]}}],"collection":[{"href":"https:\/\/blownfilmlines.com\/es\/wp-json\/wp\/v2\/product"}],"about":[{"href":"https:\/\/blownfilmlines.com\/es\/wp-json\/wp\/v2\/types\/product"}],"replies":[{"embeddable":true,"href":"https:\/\/blownfilmlines.com\/es\/wp-json\/wp\/v2\/comments?post=31270"}],"version-history":[{"count":1,"href":"https:\/\/blownfilmlines.com\/es\/wp-json\/wp\/v2\/product\/31270\/revisions"}],"predecessor-version":[{"id":31271,"href":"https:\/\/blownfilmlines.com\/es\/wp-json\/wp\/v2\/product\/31270\/revisions\/31271"}],"wp:featuredmedia":[{"embeddable":true,"href":"https:\/\/blownfilmlines.com\/es\/wp-json\/wp\/v2\/media\/30363"}],"wp:attachment":[{"href":"https:\/\/blownfilmlines.com\/es\/wp-json\/wp\/v2\/media?parent=31270"}],"wp:term":[{"taxonomy":"product_brand","embeddable":true,"href":"https:\/\/blownfilmlines.com\/es\/wp-json\/wp\/v2\/product_brand?post=31270"},{"taxonomy":"product_cat","embeddable":true,"href":"https:\/\/blownfilmlines.com\/es\/wp-json\/wp\/v2\/product_cat?post=31270"},{"taxonomy":"product_tag","embeddable":true,"href":"https:\/\/blownfilmlines.com\/es\/wp-json\/wp\/v2\/product_tag?post=31270"}],"curies":[{"name":"wp","href":"https:\/\/api.w.org\/{rel}","templated":true}]}}