{"id":31352,"date":"2025-03-28T21:14:26","date_gmt":"2025-03-28T13:14:26","guid":{"rendered":"https:\/\/blownfilmlines.com\/product\/inversor-kewo-15kw-para-maquina-de-bolsas-de-plastico"},"modified":"2025-05-14T08:21:49","modified_gmt":"2025-05-14T00:21:49","slug":"inversor-kewo-15kw-para-maquina-de-bolsas-de-plastico","status":"publish","type":"product","link":"https:\/\/blownfilmlines.com\/es\/product\/inversor-kewo-15kw-para-maquina-de-bolsas-de-plastico","title":{"rendered":"Inversor Kewo 1,5kw para m\u00e1quina de bolsas de pl\u00e1stico"},"content":{"rendered":"<p>Inversor Kewo 1,5kw para m\u00e1quina de bolsas de pl\u00e1stico<\/p>\n","protected":false},"excerpt":{"rendered":"<p>Inversor Kewo 1,5kw para m\u00e1quina de bolsas de pl\u00e1stico<\/p>\n","protected":false},"featured_media":30325,"comment_status":"closed","ping_status":"closed","template":"","meta":{"_acf_changed":false,"_oss_video_url":""},"product_brand":[],"product_cat":[101],"product_tag":[],"class_list":{"0":"post-31352","1":"product","2":"type-product","3":"status-publish","4":"has-post-thumbnail","6":"product_cat-sin-categoria","8":"first","9":"instock","10":"shipping-taxable","11":"product-type-simple"},"acf":[],"_links":{"self":[{"href":"https:\/\/blownfilmlines.com\/es\/wp-json\/wp\/v2\/product\/31352","targetHints":{"allow":["GET"]}}],"collection":[{"href":"https:\/\/blownfilmlines.com\/es\/wp-json\/wp\/v2\/product"}],"about":[{"href":"https:\/\/blownfilmlines.com\/es\/wp-json\/wp\/v2\/types\/product"}],"replies":[{"embeddable":true,"href":"https:\/\/blownfilmlines.com\/es\/wp-json\/wp\/v2\/comments?post=31352"}],"version-history":[{"count":1,"href":"https:\/\/blownfilmlines.com\/es\/wp-json\/wp\/v2\/product\/31352\/revisions"}],"predecessor-version":[{"id":31353,"href":"https:\/\/blownfilmlines.com\/es\/wp-json\/wp\/v2\/product\/31352\/revisions\/31353"}],"wp:featuredmedia":[{"embeddable":true,"href":"https:\/\/blownfilmlines.com\/es\/wp-json\/wp\/v2\/media\/30325"}],"wp:attachment":[{"href":"https:\/\/blownfilmlines.com\/es\/wp-json\/wp\/v2\/media?parent=31352"}],"wp:term":[{"taxonomy":"product_brand","embeddable":true,"href":"https:\/\/blownfilmlines.com\/es\/wp-json\/wp\/v2\/product_brand?post=31352"},{"taxonomy":"product_cat","embeddable":true,"href":"https:\/\/blownfilmlines.com\/es\/wp-json\/wp\/v2\/product_cat?post=31352"},{"taxonomy":"product_tag","embeddable":true,"href":"https:\/\/blownfilmlines.com\/es\/wp-json\/wp\/v2\/product_tag?post=31352"}],"curies":[{"name":"wp","href":"https:\/\/api.w.org\/{rel}","templated":true}]}}