{"id":31354,"date":"2025-03-28T21:26:31","date_gmt":"2025-03-28T13:26:31","guid":{"rendered":"https:\/\/blownfilmlines.com\/product\/pla-pbat-biodegradable-para-maquina-sopladora-de-film"},"modified":"2025-05-14T08:21:54","modified_gmt":"2025-05-14T00:21:54","slug":"pla-pbat-biodegradable-para-maquina-sopladora-de-film","status":"publish","type":"product","link":"https:\/\/blownfilmlines.com\/es\/product\/pla-pbat-biodegradable-para-maquina-sopladora-de-film","title":{"rendered":"PLA PBAT biodegradable para m\u00e1quina sopladora de film"},"content":{"rendered":"<div id=\"tab-desc\" class=\"tab-pane active\" role=\"tabpanel\">\n<div class=\"ProductAttr\">\n<div class=\"ProductAttrItem\">\n<div class=\"ProductAttr-title\">color<\/div>\n<div class=\"ProductAttr-text\">blanco<\/div>\n<\/div>\n<\/div>\n<div class=\"product-tab-desc\">\n<p><span style=\"font-size: 18px;\"><strong>El tipo de producto<\/strong><\/span><\/p>\n<p><span style=\"font-size: 18px;\">PLA PBAT biodegradable para m\u00e1quina sopladora de film<\/span><\/p>\n<p>&nbsp;<\/p>\n<p><span style=\"font-size: 18px;\"><strong>Caracter\u00edsticas del producto<\/strong><\/span><\/p>\n<p><span style=\"font-size: 18px;\">Adecuado para el moldeo por soplado de resina biodegradable, sin PE, PP ni otros materiales de poliolefina, se puede procesar con los equipos tradicionales de film soplado. Tras 180 d\u00edas en condiciones de compostaje, puede ser completamente biodegradable en agua, di\u00f3xido de carbono y minerales no t\u00f3xicos, sin contaminar el medio ambiente. <\/span><\/p>\n<p>&nbsp;<\/p>\n<p><span style=\"font-size: 18px;\"><strong>Certificaci\u00f3n del producto<\/strong><\/span><\/p>\n<p><span style=\"font-size: 18px;\">Cumple la norma europea EN 13432 y la estadounidense ASTM 6400 de biodegradaci\u00f3n completa, y ha superado la certificaci\u00f3n europea DINCERTCO de producto de compostaje<\/span><\/p>\n<p><span style=\"font-size: 18px;\"><strong>\u00c1mbito de aplicaci\u00f3n<\/strong><\/span><\/p>\n<p><span style=\"font-size: 18px;\">Film de envasado totalmente degradable, incluido el film enrollable y el film termorretr\u00e1ctil;<\/span><\/p>\n<p><span style=\"font-size: 18px;\">Bolsas de embalaje totalmente degradables, incluidas bolsas de la compra del supermercado, bolsas de basura, bolsas expr\u00e9s, bolsas para residuos de mascotas, bolsas de embalaje de productos electr\u00f3nicos, bolsas de embalaje de alimentos;<\/span><\/p>\n<p><span style=\"font-size: 18px;\">Film de pl\u00e1stico agr\u00edcola, etc.<\/span><\/p>\n<p>&nbsp;<\/p>\n<p><span style=\"font-size: 18px;\"><strong>Equipos de proceso<\/strong><\/span><\/p>\n<p><span style=\"font-size: 18px;\">Se pueden fabricar m\u00e1quinas sopladoras de film en general, m\u00e1quinas de fundici\u00f3n, m\u00e1quinas de fabricaci\u00f3n de bolsas, m\u00e1quinas de impresi\u00f3n y m\u00e1quinas de sellado;<\/span><\/p>\n<p><span style=\"font-size: 18px;\">Para la producci\u00f3n se seleccion\u00f3 un cabezal de LDPE, la relaci\u00f3n longitud-di\u00e1metro L\/D 30:1, la relaci\u00f3n de soplado &gt; 3, para facilitar la plastificaci\u00f3n y mejorar la calidad y el rendimiento del producto;<\/span><\/p>\n<p><span style=\"font-size: 18px;\">Temperatura del film soplado y del film estirable 150-170 \u2103, 200-230 \u2103 temperatura de termosellado.<\/span><\/p>\n<p>&nbsp;<\/p>\n<p><span style=\"font-size: 18px;\"><strong>Almacenamiento y envasado<\/strong><\/span><\/p>\n<p><span style=\"font-size: 18px;\">Adecuado para almacenar en lugar seco y fresco, envasado al vac\u00edo con bolsa de pl\u00e1stico de pel\u00edcula de aluminio dentro de papel o cart\u00f3n, envasado de 25Kg\/saco.<\/span><\/p>\n<p>&nbsp;<\/p>\n<p><span style=\"font-size: 18px;\"><strong>Asuntos que requieren atenci\u00f3n<\/strong><\/span><\/p>\n<p><span style=\"font-size: 18px;\">\u25c6 Presta atenci\u00f3n a la humedad, mant\u00e9n el paquete intacto y evita que se da\u00f1e.<\/span><\/p>\n<p><span style=\"font-size: 18px;\">\u25c6 Abrir el paquete se puede utilizar directamente, no hay necesidad de secar, no se utiliza el paquete debe ser sellado de almacenamiento. Tales como bolsas abiertas durante mucho tiempo no es necesario, debe volver a ocupar el procesamiento en seco, las condiciones de secado al vac\u00edo bajo 80 \u2103 mantener 3 horas, o tambor de viento horno de secado 90 \u2103 durante 1 hora. <\/span><\/p>\n<p><span style=\"font-size: 18px;\">\u25c6 El material de cola del barril debe retirarse despu\u00e9s de que la m\u00e1quina se detenga durante mucho tiempo en el proceso de elaboraci\u00f3n, para no provocar la degradaci\u00f3n y decoloraci\u00f3n del material.<\/span><\/p>\n<p><span style=\"font-size: 18px;\"><img decoding=\"async\" src=\"https:\/\/shopic.mcmcclass.com\/20211213231123384144503.jpg\" alt=\"ECO-Bolsas biodegradables-m\u00e1quina-ciclo.jpg\"><img fetchpriority=\"high\" decoding=\"async\" src=\"https:\/\/shopic.mcmcclass.com\/20211213225734008113094.JPG\" alt=\"bolsa biodegradable 2.JPG\" width=\"797\" height=\"302\"><img decoding=\"async\" src=\"https:\/\/shopic.mcmcclass.com\/20211213225720597239416.jpg\" alt=\"Film de Biodegradable .jpg\"><\/span><\/p>\n<p><span style=\"font-size: 18px;\"><strong>Par\u00e1metros t\u00e9cnicos<\/strong><\/span><\/p>\n<p><span style=\"font-size: 18px;\"><strong>KD-100 Rendimiento t\u00edpico<\/strong><\/span><\/p>\n<table cellspacing=\"0\" align=\"center\">\n<tbody>\n<tr class=\"firstRow\">\n<td class=\"selectTdClass\" align=\"center\" valign=\"middle\"><span style=\"font-size: 18px;\"><strong>Rendimiento<\/strong><\/span><\/td>\n<td class=\"selectTdClass\" align=\"center\" valign=\"middle\"><span style=\"font-size: 18px;\"><strong>Indicadores<\/strong><\/span><\/td>\n<td class=\"selectTdClass\" align=\"center\" valign=\"middle\"><span style=\"font-size: 18px;\"><strong>Norma de ensayo<\/strong><\/span><\/td>\n<\/tr>\n<tr>\n<td class=\"selectTdClass\" align=\"left\" valign=\"middle\"><span style=\"font-size: 18px;\"><strong>La densidad de\uff08g\/cm3\uff09<\/strong><\/span><\/td>\n<td class=\"selectTdClass\" align=\"center\" valign=\"middle\"><span style=\"font-size: 18px;\">1.25\uff5e1.40<\/span><\/td>\n<td class=\"selectTdClass\" align=\"center\" valign=\"middle\"><span style=\"font-size: 18px;\">GB\/T 1033-2008 <\/span><\/td>\n<\/tr>\n<tr>\n<td class=\"selectTdClass\" align=\"left\" valign=\"middle\"><span style=\"font-size: 18px;\"><strong>Contenido de humedad(%)<\/strong><\/span><\/td>\n<td class=\"selectTdClass\" align=\"center\" valign=\"middle\"><span style=\"font-size: 18px;\">\u22641.0<\/span><\/td>\n<td class=\"selectTdClass\" align=\"center\" valign=\"middle\"><span style=\"font-size: 18px;\">&#8211;<\/span><\/td>\n<\/tr>\n<tr>\n<td class=\"selectTdClass\" align=\"left\" valign=\"middle\"><span style=\"font-size: 18px;\"><strong>Caudal de fusi\u00f3n(g\/10min)<\/strong><\/span><\/td>\n<td class=\"selectTdClass\" align=\"center\" valign=\"middle\"><span style=\"font-size: 18px;\">3\uff5e8<\/span><\/td>\n<td class=\"selectTdClass\" align=\"center\" valign=\"middle\"><span style=\"font-size: 18px;\">GB\/T 3682-2000<\/span><\/td>\n<\/tr>\n<tr>\n<td class=\"selectTdClass\" align=\"left\" valign=\"middle\"><span style=\"font-size: 18px;\"><strong>Resistencia a la tracci\u00f3n\uff08MPa\uff09<\/strong><\/span><\/td>\n<td class=\"selectTdClass\" align=\"center\" valign=\"middle\"><span style=\"font-size: 18px;\">\u226515.00<\/span><\/td>\n<td class=\"selectTdClass\" align=\"center\" valign=\"middle\"><span style=\"font-size: 18px;\">GB\/T 1040.2-2006 <\/span><\/td>\n<\/tr>\n<tr>\n<td class=\"selectTdClass\" align=\"left\" valign=\"middle\"><span style=\"font-size: 18px;\"><strong>Tensi\u00f3n de rotura\uff08\uff05\uff09<\/strong><\/span><\/td>\n<td class=\"selectTdClass\" align=\"center\" valign=\"middle\"><span style=\"font-size: 18px;\">\u2265200.00<\/span><\/td>\n<td class=\"selectTdClass\" align=\"center\" valign=\"middle\"><span style=\"font-size: 18px;\">GB\/T 1040.2-2006<\/span><\/td>\n<\/tr>\n<tr>\n<td class=\"selectTdClass\" align=\"left\" valign=\"middle\"><span style=\"font-size: 18px;\"><strong>Temperatura de fusi\u00f3n(\u2103)<\/strong><\/span><\/td>\n<td class=\"selectTdClass\" align=\"center\" valign=\"middle\"><span style=\"font-size: 18px;\">150\uff5e170<\/span><\/td>\n<td class=\"selectTdClass\" align=\"center\" valign=\"middle\"><span style=\"font-size: 18px;\">&#8211;<\/span><\/td>\n<\/tr>\n<tr>\n<td class=\"selectTdClass\" align=\"left\" valign=\"middle\"><span style=\"font-size: 18px;\"><strong>Temperatura de reblandecimiento Vicat(\u2103)<\/strong><\/span><\/td>\n<td class=\"selectTdClass\" align=\"center\" valign=\"middle\"><span style=\"font-size: 18px;\">90\uff5e100<\/span><\/td>\n<td class=\"selectTdClass\" align=\"center\" valign=\"middle\"><span style=\"font-size: 18px;\">GB\/T 1633-2000<\/span><\/td>\n<\/tr>\n<tr>\n<td class=\"selectTdClass\" align=\"left\" valign=\"middle\"><span style=\"font-size: 18px;\"><strong>Velocidad de biodegradaci\u00f3n\uff08\uff05\uff09<\/strong><\/span><\/td>\n<td class=\"selectTdClass\" align=\"center\" valign=\"middle\"><span style=\"font-size: 18px;\">\u226590<\/span><\/td>\n<td class=\"selectTdClass\" align=\"center\" valign=\"middle\"><span style=\"font-size: 18px;\">ASTM D6400<\/span><\/td>\n<\/tr>\n<\/tbody>\n<\/table>\n<\/div>\n<\/div>\n","protected":false},"excerpt":{"rendered":"<p>color blanco El tipo de producto PLA PBAT biodegradable para m\u00e1quina sopladora de film &nbsp; Caracter\u00edsticas del producto Adecuado para<\/p>\n","protected":false},"featured_media":30369,"comment_status":"closed","ping_status":"closed","template":"","meta":{"_acf_changed":false,"_oss_video_url":""},"product_brand":[],"product_cat":[103],"product_tag":[],"class_list":{"0":"post-31354","1":"product","2":"type-product","3":"status-publish","4":"has-post-thumbnail","6":"product_cat-material-es","8":"first","9":"instock","10":"shipping-taxable","11":"product-type-simple"},"acf":[],"_links":{"self":[{"href":"https:\/\/blownfilmlines.com\/es\/wp-json\/wp\/v2\/product\/31354","targetHints":{"allow":["GET"]}}],"collection":[{"href":"https:\/\/blownfilmlines.com\/es\/wp-json\/wp\/v2\/product"}],"about":[{"href":"https:\/\/blownfilmlines.com\/es\/wp-json\/wp\/v2\/types\/product"}],"replies":[{"embeddable":true,"href":"https:\/\/blownfilmlines.com\/es\/wp-json\/wp\/v2\/comments?post=31354"}],"version-history":[{"count":1,"href":"https:\/\/blownfilmlines.com\/es\/wp-json\/wp\/v2\/product\/31354\/revisions"}],"predecessor-version":[{"id":31355,"href":"https:\/\/blownfilmlines.com\/es\/wp-json\/wp\/v2\/product\/31354\/revisions\/31355"}],"wp:featuredmedia":[{"embeddable":true,"href":"https:\/\/blownfilmlines.com\/es\/wp-json\/wp\/v2\/media\/30369"}],"wp:attachment":[{"href":"https:\/\/blownfilmlines.com\/es\/wp-json\/wp\/v2\/media?parent=31354"}],"wp:term":[{"taxonomy":"product_brand","embeddable":true,"href":"https:\/\/blownfilmlines.com\/es\/wp-json\/wp\/v2\/product_brand?post=31354"},{"taxonomy":"product_cat","embeddable":true,"href":"https:\/\/blownfilmlines.com\/es\/wp-json\/wp\/v2\/product_cat?post=31354"},{"taxonomy":"product_tag","embeddable":true,"href":"https:\/\/blownfilmlines.com\/es\/wp-json\/wp\/v2\/product_tag?post=31354"}],"curies":[{"name":"wp","href":"https:\/\/api.w.org\/{rel}","templated":true}]}}