{"id":31356,"date":"2025-03-28T21:12:54","date_gmt":"2025-03-28T13:12:54","guid":{"rendered":"https:\/\/blownfilmlines.com\/product\/maquina-de-hacer-bolsas-de-plastico-con-controlador-informatico-xc2001"},"modified":"2025-05-14T08:21:54","modified_gmt":"2025-05-14T00:21:54","slug":"maquina-de-hacer-bolsas-de-plastico-con-controlador-informatico-xc2001","status":"publish","type":"product","link":"https:\/\/blownfilmlines.com\/es\/product\/maquina-de-hacer-bolsas-de-plastico-con-controlador-informatico-xc2001","title":{"rendered":"M\u00e1quina de hacer bolsas de pl\u00e1stico con controlador inform\u00e1tico XC2001"},"content":{"rendered":"<div class=\"product-tab-desc\">\n<div>XC2001 XC2005B XC2005A XC2006A 2003A Ordenador Controlador de posici\u00f3n para m\u00e1quina de bolsas de pl\u00e1stico,xuncheng control de posici\u00f3n,xuncheng control,adecuado para m\u00e1quina de bolsas de pl\u00e1stico,m\u00e1quina de bolsas de papel,m\u00e1quina de sellado lateral,m\u00e1quina de sellado inferior.<\/div>\n<div><\/div>\n<div>Par\u00e1metros t\u00e9cnicos:<br \/>\nalimentaci\u00f3n: 220V (AC) \u00b1 10%; 50Hz\/60Hz; 1A<br \/>\n\u00c1mbito de aplicaci\u00f3n: sellado de fondo simple, Fumo; sellado de fondo de corte caliente \/ fr\u00edo; autom\u00e1tico (incluyendo bolsas de pie, con cremallera) y otros equipos de control de posici\u00f3n fija (envasado m\u00e9dico)<br \/>\nEl di\u00e1metro del rodillo: 0 ~ 149,9mm<br \/>\nLa longitud fija: 0000 ~ 9999mm<br \/>\nLa velocidad: 0 a 600 \/ min, la longitud fija es diferente en diferentes velocidades.<br \/>\nEl conjunto de este n\u00famero: 0000 ~ 9999<br \/>\nn\u00famero de lote: 000 ~ 999<br \/>\ndimensiones: 334 mm (ancho) x 154 mm (alto) * 122 mm (fondo); otras especificaciones especiales.<br \/>\nComo tama\u00f1o del orificio: 306mm (ancho) x 140mm (alto);<br \/>\nPeso del cuerpo: 2Kg<br \/>\nPantalla LCD en ingl\u00e9s, 320*240<br \/>\nUtiliza 12 m\u00f3dulos de impulsos digitales independientes, mejora la precisi\u00f3n de la frecuencia, hace que el motor de alimentaci\u00f3n funcione m\u00e1s suavemente, mejora la velocidad.<br \/>\nSoporte de controlador: canal simple, doble, puede adoptar el doble color m\u00e1s el control de balanceo flotante.<\/div>\n<div><img decoding=\"async\" src=\"https:\/\/shopic.mcmcclass.com\/20211228235621141499585.jpg\" alt=\"xuncheng ordenador de control de posici\u00f3n XC2005D.jpg.jpg\" width=\"500\"><\/div>\n<div><img fetchpriority=\"high\" decoding=\"async\" src=\"https:\/\/shopic.mcmcclass.com\/20211228235620902446338.jpg\" alt=\"xuncheng ordenador de control de posici\u00f3n XC2001.jpg.jpg\" width=\"500\" height=\"500\"><\/div>\n<div><img decoding=\"async\" src=\"https:\/\/shopic.mcmcclass.com\/20211228235620483768348.jpg\" alt=\"Control de posici\u00f3n por ordenador XC2005B.jpg\"><\/div>\n<div><\/div>\n<div><img decoding=\"async\" src=\"https:\/\/shopic.mcmcclass.com\/20211228235621100566330.jpg\" alt=\"xuncheng ordenador de control de posici\u00f3n XC2006B.jpg\" width=\"500\"><\/div>\n<div>\n<p><img decoding=\"async\" src=\"https:\/\/fshop.oss-accelerate.aliyuncs.com\/20211228115001195156867.jpg\" alt=\"bolsa-de-pl\u00e1stico-m\u00e1quina-proveedor.jpg\"><\/p>\n<p><img decoding=\"async\" src=\"https:\/\/fshop.oss-accelerate.aliyuncs.com\/20211215213723786217429.JPG\" alt=\"F\u00e1brica de m\u00e1quinas de bolsas de pl\u00e1stico.JPG\" width=\"489\" height=\"496\"><\/p>\n<p><img decoding=\"async\" src=\"https:\/\/fshop.oss-accelerate.aliyuncs.com\/20211228114650196065744.jpg\" alt=\"\u6bcf\u4e2a\u4ea7\u54c1\u540e\u9762\u90fd\u653e\u4e0a\u8fd9\u4e2a\u56fe\u7247 01.jpg\" width=\"500\"><\/p>\n<p><img decoding=\"async\" src=\"https:\/\/fshop.oss-accelerate.aliyuncs.com\/20211228114923643729522.jpg\" alt=\"maquina de corte automatico-9.jpg\" width=\"500\"><\/p>\n<\/div>\n<\/div>\n","protected":false},"excerpt":{"rendered":"<p>XC2001 XC2005B XC2005A XC2006A 2003A Ordenador Controlador de posici\u00f3n para m\u00e1quina de bolsas de pl\u00e1stico,xuncheng control de posici\u00f3n,xuncheng control,adecuado para<\/p>\n","protected":false},"featured_media":30314,"comment_status":"closed","ping_status":"closed","template":"","meta":{"_acf_changed":false,"_oss_video_url":""},"product_brand":[],"product_cat":[101],"product_tag":[],"class_list":{"0":"post-31356","1":"product","2":"type-product","3":"status-publish","4":"has-post-thumbnail","6":"product_cat-sin-categoria","8":"first","9":"instock","10":"shipping-taxable","11":"product-type-simple"},"acf":[],"_links":{"self":[{"href":"https:\/\/blownfilmlines.com\/es\/wp-json\/wp\/v2\/product\/31356","targetHints":{"allow":["GET"]}}],"collection":[{"href":"https:\/\/blownfilmlines.com\/es\/wp-json\/wp\/v2\/product"}],"about":[{"href":"https:\/\/blownfilmlines.com\/es\/wp-json\/wp\/v2\/types\/product"}],"replies":[{"embeddable":true,"href":"https:\/\/blownfilmlines.com\/es\/wp-json\/wp\/v2\/comments?post=31356"}],"version-history":[{"count":1,"href":"https:\/\/blownfilmlines.com\/es\/wp-json\/wp\/v2\/product\/31356\/revisions"}],"predecessor-version":[{"id":31357,"href":"https:\/\/blownfilmlines.com\/es\/wp-json\/wp\/v2\/product\/31356\/revisions\/31357"}],"wp:featuredmedia":[{"embeddable":true,"href":"https:\/\/blownfilmlines.com\/es\/wp-json\/wp\/v2\/media\/30314"}],"wp:attachment":[{"href":"https:\/\/blownfilmlines.com\/es\/wp-json\/wp\/v2\/media?parent=31356"}],"wp:term":[{"taxonomy":"product_brand","embeddable":true,"href":"https:\/\/blownfilmlines.com\/es\/wp-json\/wp\/v2\/product_brand?post=31356"},{"taxonomy":"product_cat","embeddable":true,"href":"https:\/\/blownfilmlines.com\/es\/wp-json\/wp\/v2\/product_cat?post=31356"},{"taxonomy":"product_tag","embeddable":true,"href":"https:\/\/blownfilmlines.com\/es\/wp-json\/wp\/v2\/product_tag?post=31356"}],"curies":[{"name":"wp","href":"https:\/\/api.w.org\/{rel}","templated":true}]}}