{"id":31358,"date":"2025-03-28T21:27:27","date_gmt":"2025-03-28T13:27:27","guid":{"rendered":"https:\/\/blownfilmlines.com\/product\/carbonato-calcico-pbat-pla-biodegradable-para-sopladora-de-film-101"},"modified":"2025-05-14T08:21:58","modified_gmt":"2025-05-14T00:21:58","slug":"carbonato-calcico-pbat-pla-biodegradable-para-sopladora-de-film-101","status":"publish","type":"product","link":"https:\/\/blownfilmlines.com\/es\/product\/carbonato-calcico-pbat-pla-biodegradable-para-sopladora-de-film-101","title":{"rendered":"Carbonato c\u00e1lcico PBAT PLA biodegradable para sopladora de film 101"},"content":{"rendered":"<div id=\"tab-desc\" class=\"tab-pane active\" role=\"tabpanel\">\n<div class=\"ProductAttr\">\n<div class=\"ProductAttrItem\">\n<div class=\"ProductAttr-title\">color<\/div>\n<div class=\"ProductAttr-text\">blanco<\/div>\n<\/div>\n<\/div>\n<div class=\"product-tab-desc\">\n<p><span style=\"font-size: 18px;\">Carbonato c\u00e1lcico PBAT PLA biodegradable para sopladora de film 101<\/span><\/p>\n<p><span style=\"font-size: 18px;\">Caracter\u00edsticas del producto<\/span><\/p>\n<p><span style=\"font-size: 18px;\">Adecuado para el moldeo por soplado de resina biodegradable, sin PE, PP ni otros materiales de poliolefina, se puede procesar con los equipos tradicionales de film soplado. Tras 180 d\u00edas en condiciones de compostaje, puede ser completamente biodegradable en agua, di\u00f3xido de carbono y minerales no t\u00f3xicos, sin contaminar el medio ambiente. <\/span><\/p>\n<p>&nbsp;<\/p>\n<p><span style=\"font-size: 18px;\">Certificaci\u00f3n del producto<\/span><\/p>\n<p><span style=\"font-size: 18px;\">Cumple la norma europea EN 13432 y la estadounidense ASTM 6400 de biodegradaci\u00f3n completa, y ha superado la certificaci\u00f3n europea DINCERTCO de producto de compostaje<\/span><\/p>\n<p>&nbsp;<\/p>\n<p><span style=\"font-size: 18px;\">\u00c1mbito de aplicaci\u00f3n<\/span><\/p>\n<p><span style=\"font-size: 18px;\">Film de envasado totalmente degradable, incluido el film enrollable y el film termorretr\u00e1ctil;<\/span><\/p>\n<p><span style=\"font-size: 18px;\">Bolsas de embalaje totalmente degradables, incluidas bolsas de la compra del supermercado, bolsas de basura, bolsas expr\u00e9s, bolsas para residuos de mascotas, bolsas de embalaje de productos electr\u00f3nicos, bolsas de embalaje de alimentos;<\/span><\/p>\n<p><span style=\"font-size: 18px;\">Film de pl\u00e1stico agr\u00edcola, etc.<\/span><\/p>\n<p><span style=\"font-size: 18px;\"><img fetchpriority=\"high\" decoding=\"async\" src=\"https:\/\/shopic.mcmcclass.com\/20211213225734008113094.JPG\" alt=\"bolsa biodegradable 2.JPG\" width=\"797\" height=\"302\"><\/span><\/p>\n<p><span style=\"font-size: 18px;\">Equipos de proceso<\/span><\/p>\n<p><span style=\"font-size: 18px;\">Puede fabricarse con una m\u00e1quina universal de soplado de film, una m\u00e1quina de fundici\u00f3n, una m\u00e1quina de fabricaci\u00f3n de bolsas, una m\u00e1quina de impresi\u00f3n y una m\u00e1quina de sellado.<\/span><\/p>\n<p><span style=\"font-size: 18px;\">Para la producci\u00f3n se seleccion\u00f3 un cabezal de LDPE, la relaci\u00f3n longitud-di\u00e1metro L\/D 30:1, la relaci\u00f3n de soplado &gt; 3, para facilitar la plastificaci\u00f3n y mejorar la calidad y el rendimiento del producto.<\/span><\/p>\n<p><span style=\"font-size: 18px;\">Temperatura del film soplado y del film estirable 170-190 \u2103<\/span><\/p>\n<p>&nbsp;<\/p>\n<p><span style=\"font-size: 18px;\">Almacenamiento y envasado<\/span><\/p>\n<p><span style=\"font-size: 18px;\">Adecuado para almacenar en lugar seco y fresco, envasado al vac\u00edo con bolsa de pl\u00e1stico de pel\u00edcula de aluminio dentro de papel o cart\u00f3n, envasado de 25Kg\/saco.<\/span><\/p>\n<p>&nbsp;<\/p>\n<p><span style=\"font-size: 18px;\">Asuntos que requieren atenci\u00f3n<\/span><\/p>\n<p><span style=\"font-size: 18px;\">\u25c6 Presta atenci\u00f3n a la humedad, mant\u00e9n el paquete intacto y evita que se da\u00f1e.<\/span><\/p>\n<p><span style=\"font-size: 18px;\">\u25c6 Abrir el paquete se puede utilizar directamente, no hay necesidad de secar, no se utiliza el paquete debe ser sellado de almacenamiento. Tales como bolsas abiertas durante mucho tiempo no es necesario, debe volver a ocupar el procesamiento en seco, las condiciones de secado al vac\u00edo bajo 80 \u2103 mantener 3 horas, o tambor de viento horno de secado 90 \u2103 durante 1 hora. <\/span><\/p>\n<p><span style=\"font-size: 18px;\">\u25c6 El material de cola del barril debe retirarse despu\u00e9s de que la m\u00e1quina se detenga durante mucho tiempo en el proceso de elaboraci\u00f3n, para no provocar la degradaci\u00f3n y decoloraci\u00f3n del material.<\/span><\/p>\n<p><span style=\"font-size: 18px;\"><img decoding=\"async\" src=\"https:\/\/shopic.mcmcclass.com\/20211213231123384144503.jpg\" alt=\"ECO-Bolsas biodegradables-m\u00e1quina-ciclo.jpg\"><\/span><\/p>\n<p><span style=\"font-size: 18px;\">Par\u00e1metros t\u00e9cnicos<\/span><\/p>\n<p><span style=\"font-size: 18px;\">KD-101 Rendimiento t\u00edpico<\/span><\/p>\n<table style=\"width: 537px; height: 519px;\" cellspacing=\"0\" align=\"center\">\n<tbody>\n<tr style=\"height: 55px;\">\n<td style=\"width: 271px; height: 55px;\" align=\"center\" valign=\"middle\"><span style=\"font-size: 18px;\">Rendimiento<\/span><\/td>\n<td style=\"width: 90px; height: 55px;\" align=\"center\" valign=\"middle\"><span style=\"font-size: 18px;\">Indicadores<\/span><\/td>\n<td style=\"width: 166px; height: 55px;\" align=\"center\" valign=\"middle\"><span style=\"font-size: 18px;\">Norma de ensayo<\/span><\/td>\n<\/tr>\n<tr style=\"height: 55px;\">\n<td style=\"width: 271px; height: 55px;\" align=\"left\" valign=\"middle\"><span style=\"font-size: 18px;\">Densidad\uff08g\/cm3\uff09<\/span><\/td>\n<td style=\"width: 90px; height: 55px;\" align=\"center\" valign=\"middle\"><span style=\"font-size: 18px;\">1.30\uff5e1.50<\/span><\/td>\n<td style=\"width: 166px; height: 55px;\" align=\"center\" valign=\"middle\"><span style=\"font-size: 18px;\">GB\/T 1033-2008 <\/span><\/td>\n<\/tr>\n<tr style=\"height: 55px;\">\n<td style=\"width: 271px; height: 55px;\" align=\"left\" valign=\"middle\"><span style=\"font-size: 18px;\">Contenido de humedad(%)<\/span><\/td>\n<td style=\"width: 90px; height: 55px;\" align=\"center\" valign=\"middle\"><span style=\"font-size: 18px;\">\u22641.0<\/span><\/td>\n<td style=\"width: 166px; height: 55px;\" align=\"center\" valign=\"middle\"><span style=\"font-size: 18px;\">&#8211;<\/span><\/td>\n<\/tr>\n<tr style=\"height: 55px;\">\n<td style=\"width: 271px; height: 55px;\" align=\"left\" valign=\"middle\"><span style=\"font-size: 18px;\">Caudal de fusi\u00f3n(g\/10min)<\/span><\/td>\n<td style=\"width: 90px; height: 55px;\" align=\"center\" valign=\"middle\"><span style=\"font-size: 18px;\">3\uff5e8<\/span><\/td>\n<td style=\"width: 166px; height: 55px;\" align=\"center\" valign=\"middle\"><span style=\"font-size: 18px;\">GB\/T 3682-2000<\/span><\/td>\n<\/tr>\n<tr style=\"height: 55px;\">\n<td style=\"width: 271px; height: 55px;\" align=\"left\" valign=\"middle\"><span style=\"font-size: 18px;\">Resistencia a la tracci\u00f3n\uff08MPa\uff09<\/span><\/td>\n<td style=\"width: 90px; height: 55px;\" align=\"center\" valign=\"middle\"><span style=\"font-size: 18px;\">\u226515.00<\/span><\/td>\n<td style=\"width: 166px; height: 55px;\" align=\"center\" valign=\"middle\"><span style=\"font-size: 18px;\">GB\/T 1040.2-2006 <\/span><\/td>\n<\/tr>\n<tr style=\"height: 55px;\">\n<td style=\"width: 271px; height: 55px;\" align=\"left\" valign=\"middle\"><span style=\"font-size: 18px;\">Tensi\u00f3n de rotura\uff08\uff05\uff09<\/span><\/td>\n<td style=\"width: 90px; height: 55px;\" align=\"center\" valign=\"middle\"><span style=\"font-size: 18px;\">\u2265200.00<\/span><\/td>\n<td style=\"width: 166px; height: 55px;\" align=\"center\" valign=\"middle\"><span style=\"font-size: 18px;\">GB\/T 1040.2-2006<\/span><\/td>\n<\/tr>\n<tr style=\"height: 55px;\">\n<td style=\"width: 271px; height: 55px;\" align=\"left\" valign=\"middle\"><span style=\"font-size: 18px;\">Temperatura de fusi\u00f3n(\u2103)<\/span><\/td>\n<td style=\"width: 90px; height: 55px;\" align=\"center\" valign=\"middle\"><span style=\"font-size: 18px;\">150\uff5e170<\/span><\/td>\n<td style=\"width: 166px; height: 55px;\" align=\"center\" valign=\"middle\"><span style=\"font-size: 18px;\">&#8211;<\/span><\/td>\n<\/tr>\n<tr style=\"height: 79px;\">\n<td style=\"width: 271px; height: 79px;\" align=\"left\" valign=\"middle\"><span style=\"font-size: 18px;\">Temperatura de reblandecimiento Vicat(\u2103)<\/span><\/td>\n<td style=\"width: 90px; height: 79px;\" align=\"center\" valign=\"middle\"><span style=\"font-size: 18px;\">90\uff5e100<\/span><\/td>\n<td style=\"width: 166px; height: 79px;\" align=\"center\" valign=\"middle\"><span style=\"font-size: 18px;\">GB\/T 1633-2000<\/span><\/td>\n<\/tr>\n<tr style=\"height: 55px;\">\n<td style=\"width: 271px; height: 55px;\" align=\"left\" valign=\"middle\"><span style=\"font-size: 18px;\">Velocidad de biodegradaci\u00f3n\uff08\uff05\uff09<\/span><\/td>\n<td style=\"width: 90px; height: 55px;\" align=\"center\" valign=\"middle\"><span style=\"font-size: 18px;\">\u226590<\/span><\/td>\n<td style=\"width: 166px; height: 55px;\" align=\"center\" valign=\"middle\"><span style=\"font-size: 18px;\">ASTM D6400<\/span><\/td>\n<\/tr>\n<\/tbody>\n<\/table>\n<p><span style=\"font-size: 18px;\"><img decoding=\"async\" src=\"https:\/\/shopic.mcmcclass.com\/20211213225720597239416.jpg\" alt=\"Film de Biodegradable .jpg\"><\/span><\/p>\n<p><span style=\"font-size: 18px;\">Par\u00e1metros t\u00e9cnicos<\/span><\/p>\n<p><span style=\"font-size: 18px;\">KD-101 Rendimiento t\u00edpico<\/span><\/p>\n<table cellspacing=\"0\" align=\"center\">\n<tbody>\n<tr>\n<td align=\"center\" valign=\"middle\"><span style=\"font-size: 18px;\">Rendimiento<\/span><\/td>\n<td align=\"center\" valign=\"middle\"><span style=\"font-size: 18px;\">Indicadores<\/span><\/td>\n<td align=\"center\" valign=\"middle\"><span style=\"font-size: 18px;\">Norma de ensayo<\/span><\/td>\n<\/tr>\n<tr>\n<td align=\"left\" valign=\"middle\"><span style=\"font-size: 18px;\">La densidad de\uff08g\/cm3\uff09<\/span><\/td>\n<td align=\"center\" valign=\"middle\"><span style=\"font-size: 18px;\">1.25\uff5e1.40<\/span><\/td>\n<td align=\"center\" valign=\"middle\"><span style=\"font-size: 18px;\">GB\/T 1033-2008 <\/span><\/td>\n<\/tr>\n<tr>\n<td align=\"left\" valign=\"middle\"><span style=\"font-size: 18px;\">Contenido de humedad(%)<\/span><\/td>\n<td align=\"center\" valign=\"middle\"><span style=\"font-size: 18px;\">\u22641.0<\/span><\/td>\n<td align=\"center\" valign=\"middle\"><span style=\"font-size: 18px;\">&#8211;<\/span><\/td>\n<\/tr>\n<tr>\n<td align=\"left\" valign=\"middle\"><span style=\"font-size: 18px;\">Caudal de fusi\u00f3n(g\/10min)<\/span><\/td>\n<td align=\"center\" valign=\"middle\"><span style=\"font-size: 18px;\">3\uff5e8<\/span><\/td>\n<td align=\"center\" valign=\"middle\"><span style=\"font-size: 18px;\">GB\/T 3682-2000<\/span><\/td>\n<\/tr>\n<tr>\n<td align=\"left\" valign=\"middle\"><span style=\"font-size: 18px;\">Resistencia a la tracci\u00f3n\uff08MPa\uff09<\/span><\/td>\n<td align=\"center\" valign=\"middle\"><span style=\"font-size: 18px;\">\u226515.00<\/span><\/td>\n<td align=\"center\" valign=\"middle\"><span style=\"font-size: 18px;\">GB\/T 1040.2-2006 <\/span><\/td>\n<\/tr>\n<tr>\n<td align=\"left\" valign=\"middle\"><span style=\"font-size: 18px;\">Tensi\u00f3n de rotura\uff08\uff05\uff09<\/span><\/td>\n<td align=\"center\" valign=\"middle\"><span style=\"font-size: 18px;\">\u2265200.00<\/span><\/td>\n<td align=\"center\" valign=\"middle\"><span style=\"font-size: 18px;\">GB\/T 1040.2-2006<\/span><\/td>\n<\/tr>\n<tr>\n<td align=\"left\" valign=\"middle\"><span style=\"font-size: 18px;\">Temperatura de fusi\u00f3n(\u2103)<\/span><\/td>\n<td align=\"center\" valign=\"middle\"><span style=\"font-size: 18px;\">150\uff5e170<\/span><\/td>\n<td align=\"center\" valign=\"middle\"><span style=\"font-size: 18px;\">&#8211;<\/span><\/td>\n<\/tr>\n<tr>\n<td align=\"left\" valign=\"middle\"><span style=\"font-size: 18px;\">Temperatura de reblandecimiento Vicat(\u2103)<\/span><\/td>\n<td align=\"center\" valign=\"middle\"><span style=\"font-size: 18px;\">90\uff5e100<\/span><\/td>\n<td align=\"center\" valign=\"middle\"><span style=\"font-size: 18px;\">GB\/T 1633-2000<\/span><\/td>\n<\/tr>\n<tr>\n<td align=\"left\" valign=\"middle\"><span style=\"font-size: 18px;\">Velocidad de biodegradaci\u00f3n\uff08\uff05\uff09<\/span><\/td>\n<td align=\"center\" valign=\"middle\"><span style=\"font-size: 18px;\">\u226590<\/span><\/td>\n<td align=\"center\" valign=\"middle\"><span style=\"font-size: 18px;\">ASTM D6400<\/span><\/td>\n<\/tr>\n<\/tbody>\n<\/table>\n<\/div>\n<\/div>\n","protected":false},"excerpt":{"rendered":"<p>color blanco Carbonato c\u00e1lcico PBAT PLA biodegradable para sopladora de film 101 Caracter\u00edsticas del producto Adecuado para el moldeo por<\/p>\n","protected":false},"featured_media":30372,"comment_status":"closed","ping_status":"closed","template":"","meta":{"_acf_changed":false,"_oss_video_url":""},"product_brand":[],"product_cat":[103],"product_tag":[],"class_list":{"0":"post-31358","1":"product","2":"type-product","3":"status-publish","4":"has-post-thumbnail","6":"product_cat-material-es","8":"first","9":"instock","10":"shipping-taxable","11":"product-type-simple"},"acf":[],"_links":{"self":[{"href":"https:\/\/blownfilmlines.com\/es\/wp-json\/wp\/v2\/product\/31358","targetHints":{"allow":["GET"]}}],"collection":[{"href":"https:\/\/blownfilmlines.com\/es\/wp-json\/wp\/v2\/product"}],"about":[{"href":"https:\/\/blownfilmlines.com\/es\/wp-json\/wp\/v2\/types\/product"}],"replies":[{"embeddable":true,"href":"https:\/\/blownfilmlines.com\/es\/wp-json\/wp\/v2\/comments?post=31358"}],"version-history":[{"count":1,"href":"https:\/\/blownfilmlines.com\/es\/wp-json\/wp\/v2\/product\/31358\/revisions"}],"predecessor-version":[{"id":31359,"href":"https:\/\/blownfilmlines.com\/es\/wp-json\/wp\/v2\/product\/31358\/revisions\/31359"}],"wp:featuredmedia":[{"embeddable":true,"href":"https:\/\/blownfilmlines.com\/es\/wp-json\/wp\/v2\/media\/30372"}],"wp:attachment":[{"href":"https:\/\/blownfilmlines.com\/es\/wp-json\/wp\/v2\/media?parent=31358"}],"wp:term":[{"taxonomy":"product_brand","embeddable":true,"href":"https:\/\/blownfilmlines.com\/es\/wp-json\/wp\/v2\/product_brand?post=31358"},{"taxonomy":"product_cat","embeddable":true,"href":"https:\/\/blownfilmlines.com\/es\/wp-json\/wp\/v2\/product_cat?post=31358"},{"taxonomy":"product_tag","embeddable":true,"href":"https:\/\/blownfilmlines.com\/es\/wp-json\/wp\/v2\/product_tag?post=31358"}],"curies":[{"name":"wp","href":"https:\/\/api.w.org\/{rel}","templated":true}]}}