{"id":31360,"date":"2025-03-28T21:09:32","date_gmt":"2025-03-28T13:09:32","guid":{"rendered":"https:\/\/blownfilmlines.com\/product\/muelle-para-maquina-copiadora-de-bolsas-de-plastico"},"modified":"2025-05-14T08:21:58","modified_gmt":"2025-05-14T00:21:58","slug":"muelle-para-maquina-copiadora-de-bolsas-de-plastico","status":"publish","type":"product","link":"https:\/\/blownfilmlines.com\/es\/product\/muelle-para-maquina-copiadora-de-bolsas-de-plastico","title":{"rendered":"Muelle para m\u00e1quina-copiadora de bolsas de pl\u00e1stico"},"content":{"rendered":"<p>Muelle para m\u00e1quina de hacer bolsas de pl\u00e1stico<\/p>\n","protected":false},"excerpt":{"rendered":"<p>Muelle para m\u00e1quina de hacer bolsas de pl\u00e1stico<\/p>\n","protected":false},"featured_media":30304,"comment_status":"closed","ping_status":"closed","template":"","meta":{"_acf_changed":false,"_oss_video_url":""},"product_brand":[],"product_cat":[101],"product_tag":[],"class_list":{"0":"post-31360","1":"product","2":"type-product","3":"status-publish","4":"has-post-thumbnail","6":"product_cat-sin-categoria","8":"first","9":"instock","10":"shipping-taxable","11":"product-type-simple"},"acf":[],"_links":{"self":[{"href":"https:\/\/blownfilmlines.com\/es\/wp-json\/wp\/v2\/product\/31360","targetHints":{"allow":["GET"]}}],"collection":[{"href":"https:\/\/blownfilmlines.com\/es\/wp-json\/wp\/v2\/product"}],"about":[{"href":"https:\/\/blownfilmlines.com\/es\/wp-json\/wp\/v2\/types\/product"}],"replies":[{"embeddable":true,"href":"https:\/\/blownfilmlines.com\/es\/wp-json\/wp\/v2\/comments?post=31360"}],"version-history":[{"count":1,"href":"https:\/\/blownfilmlines.com\/es\/wp-json\/wp\/v2\/product\/31360\/revisions"}],"predecessor-version":[{"id":31361,"href":"https:\/\/blownfilmlines.com\/es\/wp-json\/wp\/v2\/product\/31360\/revisions\/31361"}],"wp:featuredmedia":[{"embeddable":true,"href":"https:\/\/blownfilmlines.com\/es\/wp-json\/wp\/v2\/media\/30304"}],"wp:attachment":[{"href":"https:\/\/blownfilmlines.com\/es\/wp-json\/wp\/v2\/media?parent=31360"}],"wp:term":[{"taxonomy":"product_brand","embeddable":true,"href":"https:\/\/blownfilmlines.com\/es\/wp-json\/wp\/v2\/product_brand?post=31360"},{"taxonomy":"product_cat","embeddable":true,"href":"https:\/\/blownfilmlines.com\/es\/wp-json\/wp\/v2\/product_cat?post=31360"},{"taxonomy":"product_tag","embeddable":true,"href":"https:\/\/blownfilmlines.com\/es\/wp-json\/wp\/v2\/product_tag?post=31360"}],"curies":[{"name":"wp","href":"https:\/\/api.w.org\/{rel}","templated":true}]}}