{"id":31362,"date":"2025-03-28T21:07:03","date_gmt":"2025-03-28T13:07:03","guid":{"rendered":"https:\/\/blownfilmlines.com\/product\/controlador-informatico-sch-ii-para-maquina-de-bolsas-de-plastico"},"modified":"2025-05-14T08:22:05","modified_gmt":"2025-05-14T00:22:05","slug":"controlador-informatico-sch-ii-para-maquina-de-bolsas-de-plastico","status":"publish","type":"product","link":"https:\/\/blownfilmlines.com\/es\/product\/controlador-informatico-sch-ii-para-maquina-de-bolsas-de-plastico","title":{"rendered":"Controlador inform\u00e1tico SCH-II para m\u00e1quina de bolsas de pl\u00e1stico"},"content":{"rendered":"<div class=\"product-tab-desc\">\n<div>Controlador inform\u00e1tico SCH-II para m\u00e1quina de bolsas de pl\u00e1stico, adecuado para m\u00e1quina de bolsas de pl\u00e1stico, m\u00e1quina de bolsas de papel, m\u00e1quina de sellado lateral, m\u00e1quina de sellado inferior.<\/div>\n<div><\/div>\n<div>El controlador de posici\u00f3n por ordenador SCH-II es adecuado para controlar la longitud de la bolsa, la m\u00e1quina de bolsas, la m\u00e1quina de corte, la cortadora, la pel\u00edcula simple y otra maquinaria de envasado flexible. El sistema est\u00e1 dise\u00f1ado para el\u00e9ctrica, ligera en su conjunto, utilizando microordenador de un solo chip de alto rendimiento como el n\u00facleo, para controlar el alto par, de alta precisi\u00f3n motor paso a paso interruptor de control de longitud fija de alta definici\u00f3n \u00f3ptica de correcci\u00f3n de seguimiento para que la maquinaria est\u00e1 equipada con el sistema, de alta velocidad, precisa y estable caracter\u00edsticas de rendimiento.<br \/>\nIntroducci\u00f3n :<br \/>\nPotencia : 220V (AC), 50HZ-60HZ, 2A<br \/>\n\u00c1mbito de aplicaci\u00f3n: Individual , Fumo sello inferior , sello inferior ansiosamente , Cortador y m\u00e1quina de sellado lateral equipos de la industria de envases de pl\u00e1stico .<br \/>\nVelocidad de trabajo :10- 450 \/ min<br \/>\nTrabajo: 12 tipos de selecci\u00f3n de modelos <\/div>\n<div><img decoding=\"async\" src=\"https:\/\/shopic.mcmcclass.com\/20211229001325147731080.jpg\" alt=\"SCH-II ordenador control posicion frontal.jpg\"><\/div>\n<div><\/div>\n<div><img decoding=\"async\" src=\"https:\/\/shopic.mcmcclass.com\/20211229001325388510213.jpg\" alt=\"SCH-II ordenador control posicion atras.jpg\"><\/div>\n<div>\n<p><img decoding=\"async\" src=\"https:\/\/fshop.oss-accelerate.aliyuncs.com\/20211228115001195156867.jpg\" alt=\"bolsa-de-pl\u00e1stico-m\u00e1quina-proveedor.jpg\"><\/p>\n<p><img fetchpriority=\"high\" decoding=\"async\" src=\"https:\/\/fshop.oss-accelerate.aliyuncs.com\/20211215213723786217429.JPG\" alt=\"F\u00e1brica de m\u00e1quinas de bolsas de pl\u00e1stico.JPG\" width=\"489\" height=\"496\"><\/p>\n<p><img decoding=\"async\" src=\"https:\/\/fshop.oss-accelerate.aliyuncs.com\/20211228114650196065744.jpg\" alt=\"\u6bcf\u4e2a\u4ea7\u54c1\u540e\u9762\u90fd\u653e\u4e0a\u8fd9\u4e2a\u56fe\u7247 01.jpg\" width=\"500\"><\/p>\n<p><img decoding=\"async\" src=\"https:\/\/fshop.oss-accelerate.aliyuncs.com\/20211228114923643729522.jpg\" alt=\"maquina de corte automatico-9.jpg\" width=\"500\"><\/p>\n<\/div>\n<div><\/div>\n<div><\/div>\n<\/div>\n","protected":false},"excerpt":{"rendered":"<p>Controlador inform\u00e1tico SCH-II para m\u00e1quina de bolsas de pl\u00e1stico, adecuado para m\u00e1quina de bolsas de pl\u00e1stico, m\u00e1quina de bolsas de<\/p>\n","protected":false},"featured_media":30289,"comment_status":"closed","ping_status":"closed","template":"","meta":{"_acf_changed":false,"_oss_video_url":""},"product_brand":[],"product_cat":[101],"product_tag":[],"class_list":{"0":"post-31362","1":"product","2":"type-product","3":"status-publish","4":"has-post-thumbnail","6":"product_cat-sin-categoria","8":"first","9":"instock","10":"shipping-taxable","11":"product-type-simple"},"acf":[],"_links":{"self":[{"href":"https:\/\/blownfilmlines.com\/es\/wp-json\/wp\/v2\/product\/31362","targetHints":{"allow":["GET"]}}],"collection":[{"href":"https:\/\/blownfilmlines.com\/es\/wp-json\/wp\/v2\/product"}],"about":[{"href":"https:\/\/blownfilmlines.com\/es\/wp-json\/wp\/v2\/types\/product"}],"replies":[{"embeddable":true,"href":"https:\/\/blownfilmlines.com\/es\/wp-json\/wp\/v2\/comments?post=31362"}],"version-history":[{"count":1,"href":"https:\/\/blownfilmlines.com\/es\/wp-json\/wp\/v2\/product\/31362\/revisions"}],"predecessor-version":[{"id":31363,"href":"https:\/\/blownfilmlines.com\/es\/wp-json\/wp\/v2\/product\/31362\/revisions\/31363"}],"wp:featuredmedia":[{"embeddable":true,"href":"https:\/\/blownfilmlines.com\/es\/wp-json\/wp\/v2\/media\/30289"}],"wp:attachment":[{"href":"https:\/\/blownfilmlines.com\/es\/wp-json\/wp\/v2\/media?parent=31362"}],"wp:term":[{"taxonomy":"product_brand","embeddable":true,"href":"https:\/\/blownfilmlines.com\/es\/wp-json\/wp\/v2\/product_brand?post=31362"},{"taxonomy":"product_cat","embeddable":true,"href":"https:\/\/blownfilmlines.com\/es\/wp-json\/wp\/v2\/product_cat?post=31362"},{"taxonomy":"product_tag","embeddable":true,"href":"https:\/\/blownfilmlines.com\/es\/wp-json\/wp\/v2\/product_tag?post=31362"}],"curies":[{"name":"wp","href":"https:\/\/api.w.org\/{rel}","templated":true}]}}