{"id":31364,"date":"2025-03-22T20:41:31","date_gmt":"2025-03-22T12:41:31","guid":{"rendered":"https:\/\/blownfilmlines.com\/product\/maquina-de-hacer-bolsas-de-plastico-desechables-para-jeringuillas"},"modified":"2025-05-14T08:22:08","modified_gmt":"2025-05-14T00:22:08","slug":"maquina-de-hacer-bolsas-de-plastico-desechables-para-jeringuillas","status":"publish","type":"product","link":"https:\/\/blownfilmlines.com\/es\/product\/maquina-de-hacer-bolsas-de-plastico-desechables-para-jeringuillas","title":{"rendered":"M\u00e1quina de hacer bolsas de pl\u00e1stico desechables para jeringuillas"},"content":{"rendered":"<div class=\"product-tab-desc\">\n<p>La m\u00e1quina de hacer bolsas de pl\u00e1stico para jeringuillas desechables produce bolsas de pl\u00e1stico para jeringuillas desechables. Se utiliza para producir bolsas planas, bolsas con y sin impresi\u00f3n.<\/p>\n<p>M\u00e1quina de bolsas de pl\u00e1stico con ordenador de pantalla t\u00e1ctil, puede settting longitud de la bolsa en el ordenador, m\u00e1quina con fotoc\u00e9lula.<\/p>\n<p><img decoding=\"async\" class=\"alignnone size-full wp-image-29837\" src=\"https:\/\/blownfilmlines.com\/wp-content\/uploads\/2025\/03\/Disposable-Syringe-Plastic-Bag-Machines-1.webp\" alt=\"\" width=\"500\" srcset=\"https:\/\/blownfilmlines.com\/wp-content\/uploads\/2025\/03\/Disposable-Syringe-Plastic-Bag-Machines-1.webp 1200w, https:\/\/blownfilmlines.com\/wp-content\/uploads\/2025\/03\/Disposable-Syringe-Plastic-Bag-Machines-1-300x300.webp 300w, https:\/\/blownfilmlines.com\/wp-content\/uploads\/2025\/03\/Disposable-Syringe-Plastic-Bag-Machines-1-800x800.webp 800w, https:\/\/blownfilmlines.com\/wp-content\/uploads\/2025\/03\/Disposable-Syringe-Plastic-Bag-Machines-1-150x150.webp 150w, https:\/\/blownfilmlines.com\/wp-content\/uploads\/2025\/03\/Disposable-Syringe-Plastic-Bag-Machines-1-768x768.webp 768w, https:\/\/blownfilmlines.com\/wp-content\/uploads\/2025\/03\/Disposable-Syringe-Plastic-Bag-Machines-1-430x430.webp 430w, https:\/\/blownfilmlines.com\/wp-content\/uploads\/2025\/03\/Disposable-Syringe-Plastic-Bag-Machines-1-700x700.webp 700w\" sizes=\"(max-width: 1200px) 100vw, 1200px\" \/><\/p>\n<p style=\"text-indent: 1em;\"><img decoding=\"async\" class=\"alignnone size-full wp-image-29838\" src=\"https:\/\/blownfilmlines.com\/wp-content\/uploads\/2025\/03\/Disposable-Syringe-10ml-Luer-Slip-PE-Bag.webp\" alt=\"\" width=\"500\" srcset=\"https:\/\/blownfilmlines.com\/wp-content\/uploads\/2025\/03\/Disposable-Syringe-10ml-Luer-Slip-PE-Bag.webp 550w, https:\/\/blownfilmlines.com\/wp-content\/uploads\/2025\/03\/Disposable-Syringe-10ml-Luer-Slip-PE-Bag-400x297.webp 400w, https:\/\/blownfilmlines.com\/wp-content\/uploads\/2025\/03\/Disposable-Syringe-10ml-Luer-Slip-PE-Bag-430x320.webp 430w, https:\/\/blownfilmlines.com\/wp-content\/uploads\/2025\/03\/Disposable-Syringe-10ml-Luer-Slip-PE-Bag-150x112.webp 150w\" sizes=\"(max-width: 550px) 100vw, 550px\" \/><\/p>\n<p style=\"text-indent: 1em;\">V\u00eddeo de la m\u00e1quina de hacer bolsas de pl\u00e1stico desechables para jeringuillas<\/p>\n<p style=\"text-indent: 1em;\"><video style=\"width: 476px; height: 226px;\" controls=\"controls\" width=\"476\" height=\"226\"><source src=\"https:\/\/shopic.mcmcclass.com\/20230105145154528277741-transcode.mp4\" type=\"video\/mp4\"><\/source><\/video><\/p>\n<div>Si s\u00f3lo compras una m\u00e1quina, embalaremos la m\u00e1quina con embalaje de madera, y el contenedor de carga con<strong> <\/strong><strong>Less Than Container Load\uff08LCL\uff09.<\/strong><\/div>\n<div>\n<p><img decoding=\"async\" class=\"alignnone size-full wp-image-29829\" src=\"https:\/\/blownfilmlines.com\/wp-content\/uploads\/2025\/03\/image.webp\" alt=\"\" width=\"500\" srcset=\"https:\/\/blownfilmlines.com\/wp-content\/uploads\/2025\/03\/image.webp 768w, https:\/\/blownfilmlines.com\/wp-content\/uploads\/2025\/03\/image-400x295.webp 400w, https:\/\/blownfilmlines.com\/wp-content\/uploads\/2025\/03\/image-430x317.webp 430w, https:\/\/blownfilmlines.com\/wp-content\/uploads\/2025\/03\/image-700x517.webp 700w, https:\/\/blownfilmlines.com\/wp-content\/uploads\/2025\/03\/image-150x111.webp 150w\" sizes=\"(max-width: 768px) 100vw, 768px\" \/><\/p>\n<p>Nuestro cooperador de piezas principales como marca siguiente, pero las piezas est\u00e1ndar todas hechas de China.<\/p>\n<p><img decoding=\"async\" class=\"alignnone size-full wp-image-29830\" src=\"https:\/\/blownfilmlines.com\/wp-content\/uploads\/2025\/03\/image-1.webp\" alt=\"\" width=\"500\" srcset=\"https:\/\/blownfilmlines.com\/wp-content\/uploads\/2025\/03\/image-1.webp 875w, https:\/\/blownfilmlines.com\/wp-content\/uploads\/2025\/03\/image-1-400x230.webp 400w, https:\/\/blownfilmlines.com\/wp-content\/uploads\/2025\/03\/image-1-768x442.webp 768w, https:\/\/blownfilmlines.com\/wp-content\/uploads\/2025\/03\/image-1-430x248.webp 430w, https:\/\/blownfilmlines.com\/wp-content\/uploads\/2025\/03\/image-1-700x403.webp 700w, https:\/\/blownfilmlines.com\/wp-content\/uploads\/2025\/03\/image-1-150x86.webp 150w\" sizes=\"(max-width: 875px) 100vw, 875px\" \/><\/p>\n<p><img decoding=\"async\" class=\"alignnone size-full wp-image-29832\" src=\"https:\/\/blownfilmlines.com\/wp-content\/uploads\/2025\/03\/plastic-bag-machine-supplier.webp\" alt=\"\" width=\"500\" srcset=\"https:\/\/blownfilmlines.com\/wp-content\/uploads\/2025\/03\/plastic-bag-machine-supplier.webp 497w, https:\/\/blownfilmlines.com\/wp-content\/uploads\/2025\/03\/plastic-bag-machine-supplier-300x300.webp 300w, https:\/\/blownfilmlines.com\/wp-content\/uploads\/2025\/03\/plastic-bag-machine-supplier-150x150.webp 150w, https:\/\/blownfilmlines.com\/wp-content\/uploads\/2025\/03\/plastic-bag-machine-supplier-430x430.webp 430w\" sizes=\"(max-width: 497px) 100vw, 497px\" \/><\/p>\n<p><img decoding=\"async\" class=\"alignnone size-full wp-image-29833\" src=\"https:\/\/blownfilmlines.com\/wp-content\/uploads\/2025\/03\/Plastic-bag-machine-factory.webp\" alt=\"\" width=\"500\" srcset=\"https:\/\/blownfilmlines.com\/wp-content\/uploads\/2025\/03\/Plastic-bag-machine-factory.webp 467w, https:\/\/blownfilmlines.com\/wp-content\/uploads\/2025\/03\/Plastic-bag-machine-factory-296x300.webp 296w, https:\/\/blownfilmlines.com\/wp-content\/uploads\/2025\/03\/Plastic-bag-machine-factory-430x436.webp 430w, https:\/\/blownfilmlines.com\/wp-content\/uploads\/2025\/03\/Plastic-bag-machine-factory-150x152.webp 150w\" sizes=\"(max-width: 467px) 100vw, 467px\" \/><\/p>\n<p><img decoding=\"async\" class=\"alignnone size-full wp-image-29834\" src=\"https:\/\/blownfilmlines.com\/wp-content\/uploads\/2025\/03\/01.webp\" alt=\"\" width=\"500\" srcset=\"https:\/\/blownfilmlines.com\/wp-content\/uploads\/2025\/03\/01.webp 1038w, https:\/\/blownfilmlines.com\/wp-content\/uploads\/2025\/03\/01-315x300.webp 315w, https:\/\/blownfilmlines.com\/wp-content\/uploads\/2025\/03\/01-840x800.webp 840w, https:\/\/blownfilmlines.com\/wp-content\/uploads\/2025\/03\/01-768x732.webp 768w, https:\/\/blownfilmlines.com\/wp-content\/uploads\/2025\/03\/01-430x410.webp 430w, https:\/\/blownfilmlines.com\/wp-content\/uploads\/2025\/03\/01-700x667.webp 700w, https:\/\/blownfilmlines.com\/wp-content\/uploads\/2025\/03\/01-150x143.webp 150w\" sizes=\"(max-width: 1038px) 100vw, 1038px\" \/><\/p>\n<p><img decoding=\"async\" class=\"alignnone size-full wp-image-29835\" src=\"https:\/\/blownfilmlines.com\/wp-content\/uploads\/2025\/03\/automatic-slitting-machine-9.webp\" alt=\"\" width=\"500\" srcset=\"https:\/\/blownfilmlines.com\/wp-content\/uploads\/2025\/03\/automatic-slitting-machine-9.webp 800w, https:\/\/blownfilmlines.com\/wp-content\/uploads\/2025\/03\/automatic-slitting-machine-9-400x202.webp 400w, https:\/\/blownfilmlines.com\/wp-content\/uploads\/2025\/03\/automatic-slitting-machine-9-768x387.webp 768w, https:\/\/blownfilmlines.com\/wp-content\/uploads\/2025\/03\/automatic-slitting-machine-9-430x217.webp 430w, https:\/\/blownfilmlines.com\/wp-content\/uploads\/2025\/03\/automatic-slitting-machine-9-700x353.webp 700w, https:\/\/blownfilmlines.com\/wp-content\/uploads\/2025\/03\/automatic-slitting-machine-9-150x76.webp 150w\" sizes=\"(max-width: 800px) 100vw, 800px\" \/><\/p>\n<\/div>\n<p>&nbsp;<\/p>\n<\/div>\n","protected":false},"excerpt":{"rendered":"<p>La m\u00e1quina para fabricar bolsas de pl\u00e1stico produce bolsas de pl\u00e1stico para envasar jeringuillas, jeringuillas, inyectores.<\/p>\n","protected":false},"featured_media":29821,"comment_status":"closed","ping_status":"closed","template":"","meta":{"_acf_changed":false,"_oss_video_url":""},"product_brand":[],"product_cat":[104],"product_tag":[],"class_list":{"0":"post-31364","1":"product","2":"type-product","3":"status-publish","4":"has-post-thumbnail","6":"product_cat-maquina-de-hacer-bolsas-de-plastico","8":"first","9":"instock","10":"shipping-taxable","11":"product-type-simple"},"acf":[],"_links":{"self":[{"href":"https:\/\/blownfilmlines.com\/es\/wp-json\/wp\/v2\/product\/31364","targetHints":{"allow":["GET"]}}],"collection":[{"href":"https:\/\/blownfilmlines.com\/es\/wp-json\/wp\/v2\/product"}],"about":[{"href":"https:\/\/blownfilmlines.com\/es\/wp-json\/wp\/v2\/types\/product"}],"replies":[{"embeddable":true,"href":"https:\/\/blownfilmlines.com\/es\/wp-json\/wp\/v2\/comments?post=31364"}],"version-history":[{"count":1,"href":"https:\/\/blownfilmlines.com\/es\/wp-json\/wp\/v2\/product\/31364\/revisions"}],"predecessor-version":[{"id":31365,"href":"https:\/\/blownfilmlines.com\/es\/wp-json\/wp\/v2\/product\/31364\/revisions\/31365"}],"wp:featuredmedia":[{"embeddable":true,"href":"https:\/\/blownfilmlines.com\/es\/wp-json\/wp\/v2\/media\/29821"}],"wp:attachment":[{"href":"https:\/\/blownfilmlines.com\/es\/wp-json\/wp\/v2\/media?parent=31364"}],"wp:term":[{"taxonomy":"product_brand","embeddable":true,"href":"https:\/\/blownfilmlines.com\/es\/wp-json\/wp\/v2\/product_brand?post=31364"},{"taxonomy":"product_cat","embeddable":true,"href":"https:\/\/blownfilmlines.com\/es\/wp-json\/wp\/v2\/product_cat?post=31364"},{"taxonomy":"product_tag","embeddable":true,"href":"https:\/\/blownfilmlines.com\/es\/wp-json\/wp\/v2\/product_tag?post=31364"}],"curies":[{"name":"wp","href":"https:\/\/api.w.org\/{rel}","templated":true}]}}