{"id":31366,"date":"2025-03-28T21:10:36","date_gmt":"2025-03-28T13:10:36","guid":{"rendered":"https:\/\/blownfilmlines.com\/product\/caja-de-control-de-tension-automatica-zxtec"},"modified":"2025-05-14T08:22:10","modified_gmt":"2025-05-14T00:22:10","slug":"caja-de-control-de-tension-automatica-zxtec","status":"publish","type":"product","link":"https:\/\/blownfilmlines.com\/es\/product\/caja-de-control-de-tension-automatica-zxtec","title":{"rendered":"Caja de control de tensi\u00f3n autom\u00e1tica ZXTEC"},"content":{"rendered":"<p>Caja de control de tensi\u00f3n autom\u00e1tica ZXTEC para m\u00e1quina de hacer bolsas de pl\u00e1stico, m\u00e1quina impresora flexogr\u00e1fica,m\u00e1quina impresora de huecograbado<\/p>\n","protected":false},"excerpt":{"rendered":"<p>Caja de control de tensi\u00f3n autom\u00e1tica ZXTEC para m\u00e1quina de hacer bolsas de pl\u00e1stico, m\u00e1quina impresora flexogr\u00e1fica,m\u00e1quina impresora de huecograbado<\/p>\n","protected":false},"featured_media":30307,"comment_status":"closed","ping_status":"closed","template":"","meta":{"_acf_changed":false,"_oss_video_url":""},"product_brand":[],"product_cat":[101],"product_tag":[],"class_list":{"0":"post-31366","1":"product","2":"type-product","3":"status-publish","4":"has-post-thumbnail","6":"product_cat-sin-categoria","8":"first","9":"instock","10":"shipping-taxable","11":"product-type-simple"},"acf":[],"_links":{"self":[{"href":"https:\/\/blownfilmlines.com\/es\/wp-json\/wp\/v2\/product\/31366","targetHints":{"allow":["GET"]}}],"collection":[{"href":"https:\/\/blownfilmlines.com\/es\/wp-json\/wp\/v2\/product"}],"about":[{"href":"https:\/\/blownfilmlines.com\/es\/wp-json\/wp\/v2\/types\/product"}],"replies":[{"embeddable":true,"href":"https:\/\/blownfilmlines.com\/es\/wp-json\/wp\/v2\/comments?post=31366"}],"version-history":[{"count":1,"href":"https:\/\/blownfilmlines.com\/es\/wp-json\/wp\/v2\/product\/31366\/revisions"}],"predecessor-version":[{"id":31367,"href":"https:\/\/blownfilmlines.com\/es\/wp-json\/wp\/v2\/product\/31366\/revisions\/31367"}],"wp:featuredmedia":[{"embeddable":true,"href":"https:\/\/blownfilmlines.com\/es\/wp-json\/wp\/v2\/media\/30307"}],"wp:attachment":[{"href":"https:\/\/blownfilmlines.com\/es\/wp-json\/wp\/v2\/media?parent=31366"}],"wp:term":[{"taxonomy":"product_brand","embeddable":true,"href":"https:\/\/blownfilmlines.com\/es\/wp-json\/wp\/v2\/product_brand?post=31366"},{"taxonomy":"product_cat","embeddable":true,"href":"https:\/\/blownfilmlines.com\/es\/wp-json\/wp\/v2\/product_cat?post=31366"},{"taxonomy":"product_tag","embeddable":true,"href":"https:\/\/blownfilmlines.com\/es\/wp-json\/wp\/v2\/product_tag?post=31366"}],"curies":[{"name":"wp","href":"https:\/\/api.w.org\/{rel}","templated":true}]}}