{"id":31368,"date":"2025-03-28T21:18:49","date_gmt":"2025-03-28T13:18:49","guid":{"rendered":"https:\/\/blownfilmlines.com\/product\/sensor-para-maquina-de-bolsas-de-plastico"},"modified":"2025-05-14T08:22:12","modified_gmt":"2025-05-14T00:22:12","slug":"sensor-para-maquina-de-bolsas-de-plastico","status":"publish","type":"product","link":"https:\/\/blownfilmlines.com\/es\/product\/sensor-para-maquina-de-bolsas-de-plastico","title":{"rendered":"Sensor para m\u00e1quina de bolsas de pl\u00e1stico"},"content":{"rendered":"<div class=\"product-tab-desc\">\n<div>Sensor tambi\u00e9n llamado foto ell,traje para bolsa de pl\u00e1stico m\u00e1quina de virar bolsa impresa.<\/div>\n<div><\/div>\n<div>JULONG Z3N-TB22 Sensor fotoel\u00e9ctrico de marcas de color<\/div>\n<div>\n<p><span data-spm-anchor-id=\"a2700.wholesale.0.i7.2ba57914rH88EL\">1.La serie de interruptores fotoel\u00e9ctricos de detecci\u00f3n de se\u00f1ales Z3N\/Z3S se emite por su propia fuente de luz escanea la superficie del papel se apoder\u00f3.<br \/>\nColor de la superficie debido a la diferente cantidad de luz que sale del bucle transmisor diferente para lograr el reconocimiento de c\u00f3digo de colores.<br \/>\n2.Dise\u00f1o \u00f3ptico coaxial, alto coeficiente de reflexi\u00f3n del papel y adaptable.<br \/>\n3.Con blanco, azul, verde, rojo y otras fuentes de luz opcionales conveniencia en la resoluci\u00f3n de varios colores.<br \/>\n4.Punto peque\u00f1o, muy alta resoluci\u00f3n.<br \/>\n5.La alta velocidad de respuesta de 0,1-1 ms, capaz de adaptarse a diversas necesidades de control de m\u00e1quinas de envasado, m\u00e1quinas de bolsas y m\u00e1quinas de impresi\u00f3n.<br \/>\n6.Excelente dise\u00f1o dentro del circuito, anti tipos de interferencias electromagn\u00e9ticas y de luz par\u00e1sita, excelente rendimiento, funcionamiento estable y acci\u00f3n correcta.<br \/>\n7.Tienen un mando de ajuste de la sensibilidad, no es necesario utilizar herramientas para ajustarlo.<\/span><\/p>\n<table border=\"1\">\n<tbody>\n<tr>\n<td colspan=\"6\" rowspan=\"1\">\n<div>\n<div><span data-spm-anchor-id=\"a2700.wholesale.0.i7.48be7914iokr35\">Tabla de selecci\u00f3n de modelos<\/span><\/div>\n<\/div>\n<\/td>\n<\/tr>\n<tr>\n<td colspan=\"1\" rowspan=\"1\">\n<div>\n<div>Modelo<\/div>\n<\/div>\n<\/td>\n<td colspan=\"1\" rowspan=\"1\">\n<div>\n<div>Fuente de luz<\/div>\n<\/div>\n<\/td>\n<td colspan=\"1\" rowspan=\"1\">\n<div>\n<div>Tipo de plomo<\/div>\n<\/div>\n<\/td>\n<td colspan=\"1\" rowspan=\"1\">\n<div>\n<div>Modelo<\/div>\n<\/div>\n<\/td>\n<td colspan=\"1\" rowspan=\"1\">\n<div>\n<div>Fuente de luz<\/div>\n<\/div>\n<\/td>\n<td colspan=\"1\" rowspan=\"1\">\n<div>\n<div>Tipo de plomo<\/div>\n<\/div>\n<\/td>\n<\/tr>\n<tr>\n<td colspan=\"1\" rowspan=\"1\">\n<div>\n<div>TR22<\/div>\n<\/div>\n<\/td>\n<td colspan=\"1\" rowspan=\"1\">\n<div>\n<div>Rojo<\/div>\n<\/div>\n<\/td>\n<td colspan=\"1\" rowspan=\"1\">\n<div>\n<div>4 n\u00facleos<\/div>\n<\/div>\n<\/td>\n<td colspan=\"1\" rowspan=\"1\">\n<div>\n<div>TR2<\/div>\n<\/div>\n<\/td>\n<td colspan=\"1\" rowspan=\"1\">\n<div>\n<div>Rojo<\/div>\n<\/div>\n<\/td>\n<td colspan=\"1\" rowspan=\"1\">\n<div>\n<div>3 n\u00facleos<\/div>\n<\/div>\n<\/td>\n<\/tr>\n<tr>\n<td colspan=\"1\" rowspan=\"1\">\n<div>\n<div>TG22<\/div>\n<\/div>\n<\/td>\n<td colspan=\"1\" rowspan=\"1\">\n<div>\n<div>Verde<\/div>\n<\/div>\n<\/td>\n<td colspan=\"1\" rowspan=\"1\">\n<div>\n<div>4 n\u00facleos<\/div>\n<\/div>\n<\/td>\n<td colspan=\"1\" rowspan=\"1\">\n<div>\n<div>TG2<\/div>\n<\/div>\n<\/td>\n<td colspan=\"1\" rowspan=\"1\">\n<div>\n<div>Verde<\/div>\n<\/div>\n<\/td>\n<td colspan=\"1\" rowspan=\"1\">\n<div>\n<div>3 n\u00facleos<\/div>\n<\/div>\n<\/td>\n<\/tr>\n<tr>\n<td colspan=\"1\" rowspan=\"1\">\n<div>\n<div>T22<\/div>\n<\/div>\n<\/td>\n<td colspan=\"1\" rowspan=\"1\">\n<div>\n<div>Rojo\/Verde<\/div>\n<\/div>\n<\/td>\n<td colspan=\"1\" rowspan=\"1\">\n<div>\n<div>4 n\u00facleos<\/div>\n<\/div>\n<\/td>\n<td colspan=\"1\" rowspan=\"1\">\n<div>\n<div>T2<\/div>\n<\/div>\n<\/td>\n<td colspan=\"1\" rowspan=\"1\">\n<div>\n<div>Rojo\/Verde<\/div>\n<\/div>\n<\/td>\n<td colspan=\"1\" rowspan=\"1\">\n<div>\n<div>3 n\u00facleos<\/div>\n<\/div>\n<\/td>\n<\/tr>\n<tr>\n<td colspan=\"1\" rowspan=\"1\">\n<div>\n<div>TB22<\/div>\n<\/div>\n<\/td>\n<td colspan=\"1\" rowspan=\"1\">\n<div>\n<div>Verde\/Azul<\/div>\n<\/div>\n<\/td>\n<td colspan=\"1\" rowspan=\"1\">\n<div>\n<div>4 n\u00facleos<\/div>\n<\/div>\n<\/td>\n<td colspan=\"1\" rowspan=\"1\">\n<div>\n<div>TB2<\/div>\n<\/div>\n<\/td>\n<td colspan=\"1\" rowspan=\"1\">\n<div>\n<div>Verde\/Azul<\/div>\n<\/div>\n<\/td>\n<td colspan=\"1\" rowspan=\"1\">\n<div>\n<div><span data-spm-anchor-id=\"a2700.wholesale.0.i8.48be7914iokr35\">3 n\u00facleos<\/span><\/div>\n<\/div>\n<\/td>\n<\/tr>\n<tr>\n<td colspan=\"1\" rowspan=\"1\">\n<div>\n<div>TW22<\/div>\n<\/div>\n<\/td>\n<td colspan=\"1\" rowspan=\"1\">\n<div>\n<div>Verde\/Blanco<\/div>\n<\/div>\n<\/td>\n<td colspan=\"1\" rowspan=\"1\">\n<div>\n<div>4 n\u00facleos<\/div>\n<\/div>\n<\/td>\n<td colspan=\"1\" rowspan=\"1\">\n<div>\n<div>TW2<\/div>\n<\/div>\n<\/td>\n<td colspan=\"1\" rowspan=\"1\">\n<div>\n<div>Verde\/Blanco<\/div>\n<\/div>\n<\/td>\n<td colspan=\"1\" rowspan=\"1\">\n<div>\n<div data-spm-anchor-id=\"a2700.wholesale.0.i9.48be7914iokr35\">3 n\u00facleos<\/div>\n<\/div>\n<\/td>\n<\/tr>\n<\/tbody>\n<\/table>\n<p>&nbsp;<\/p>\n<table border=\"1\">\n<tbody>\n<tr>\n<td colspan=\"1\" rowspan=\"1\">\n<div><span data-spm-anchor-id=\"a2700.wholesale.0.i17.2ba57914rH88EL\">Comprobaci\u00f3n de la distancia<\/span><\/div>\n<\/td>\n<td colspan=\"1\" rowspan=\"1\">\n<div>10 mm +\/- 2 mm<\/div>\n<\/td>\n<\/tr>\n<tr>\n<td colspan=\"1\" rowspan=\"1\">\n<div>Suministro de tensi\u00f3n<\/div>\n<\/td>\n<td colspan=\"1\" rowspan=\"1\">\n<div>DC10-30V +\/- 10% Onda &lt;10%<\/div>\n<\/td>\n<\/tr>\n<tr>\n<td colspan=\"1\" rowspan=\"1\">\n<div>Moneda de trabajo<\/div>\n<\/td>\n<td colspan=\"1\" rowspan=\"1\">\n<div>Menos de 45 mA<\/div>\n<\/td>\n<\/tr>\n<tr>\n<td colspan=\"1\" rowspan=\"1\">\n<div>Espectro de la fuente de luz<\/div>\n<\/td>\n<td colspan=\"1\" rowspan=\"1\">\n<div>Rojo, verde, azul, blanco, opcional<\/div>\n<\/td>\n<\/tr>\n<tr>\n<td colspan=\"1\" rowspan=\"1\">\n<div>Punto luminoso<\/div>\n<\/td>\n<td colspan=\"1\" rowspan=\"1\">\n<div>\u03a60,5~\u03a61,5<\/div>\n<\/td>\n<\/tr>\n<tr>\n<td colspan=\"1\" rowspan=\"1\">\n<div>\u00c1ngulo de control<\/div>\n<\/td>\n<td colspan=\"1\" rowspan=\"1\">\n<div><span data-spm-anchor-id=\"a2700.wholesale.0.i18.2ba57914rH88EL\">Vertical con superficie, con tolerancia de 15<\/span><\/div>\n<\/td>\n<\/tr>\n<tr>\n<td colspan=\"1\" rowspan=\"1\">\n<div>Tiempo de respuesta<\/div>\n<\/td>\n<td colspan=\"1\" rowspan=\"1\">\n<div>0,1~1ms<\/div>\n<\/td>\n<\/tr>\n<tr>\n<td colspan=\"1\" rowspan=\"1\">\n<div>Modo de salida<\/div>\n<\/td>\n<td colspan=\"1\" rowspan=\"1\">\n<div>Funciona con luz o sin luz<\/div>\n<\/td>\n<\/tr>\n<tr>\n<td colspan=\"1\" rowspan=\"1\">\n<div>Indicaci\u00f3n de salida<\/div>\n<\/td>\n<td colspan=\"1\" rowspan=\"1\">\n<div>LED rojo<\/div>\n<\/td>\n<\/tr>\n<tr>\n<td colspan=\"1\" rowspan=\"1\">\n<div>Carga de divisas<\/div>\n<\/td>\n<td colspan=\"1\" rowspan=\"1\">\n<div>200 mA (m\u00e1x.)<\/div>\n<\/td>\n<\/tr>\n<tr>\n<td colspan=\"1\" rowspan=\"1\">\n<div>Dispositivo de protecci\u00f3n del circuito<\/div>\n<\/td>\n<td colspan=\"1\" rowspan=\"1\">\n<div>Protecci\u00f3n polar Vc Protecci\u00f3n contra cortocircuitos<\/div>\n<\/td>\n<\/tr>\n<tr>\n<td colspan=\"1\" rowspan=\"1\">\n<div>Sensibilidad<\/div>\n<\/td>\n<td colspan=\"1\" rowspan=\"1\">\n<div>Bucle \u00fanico ajustable<\/div>\n<\/td>\n<\/tr>\n<tr>\n<td colspan=\"1\" rowspan=\"1\">\n<div>Luz antifondo<\/div>\n<\/td>\n<td colspan=\"1\" rowspan=\"1\">\n<div>Luz solar &lt; 10000 Lx luz incandescente&lt;3000Lx<\/div>\n<\/td>\n<\/tr>\n<tr>\n<td colspan=\"1\" rowspan=\"1\">\n<div>Nivel de protecci\u00f3n<\/div>\n<\/td>\n<td colspan=\"1\" rowspan=\"1\">\n<div>Ip67<\/div>\n<\/td>\n<\/tr>\n<tr>\n<td colspan=\"1\" rowspan=\"1\">\n<div>Temperatura de protecci\u00f3n ambiental<\/div>\n<\/td>\n<td colspan=\"1\" rowspan=\"1\">\n<div>Trabaja a -15\u2103~65\u2103 de almacenamiento -25\u2103~80\u2103<\/div>\n<\/td>\n<\/tr>\n<tr>\n<td colspan=\"1\" rowspan=\"1\">\n<div>Material del caparaz\u00f3n<\/div>\n<\/td>\n<td colspan=\"1\" rowspan=\"1\">\n<div>Metal<\/div>\n<\/td>\n<\/tr>\n<tr>\n<td colspan=\"1\" rowspan=\"1\">\n<div>Cable de conexi\u00f3n<\/div>\n<\/td>\n<td colspan=\"1\" rowspan=\"1\">\n<div>\u03a65.4 Cable de PVC de 4 conductores L=2m<\/div>\n<\/td>\n<\/tr>\n<tr>\n<td colspan=\"1\" rowspan=\"1\">\n<div>Peso<\/div>\n<\/td>\n<td colspan=\"1\" rowspan=\"1\">\n<div data-spm-anchor-id=\"a2700.wholesale.0.i19.2ba57914rH88EL\">Unos 500 g<\/div>\n<\/td>\n<\/tr>\n<\/tbody>\n<\/table>\n<div><\/div>\n<div><img decoding=\"async\" src=\"https:\/\/shopic.mcmcclass.com\/20211229125704092816269.jpg\" alt=\"sensor julong 02.jpg\" width=\"500\"><\/div>\n<div><img decoding=\"async\" src=\"https:\/\/shopic.mcmcclass.com\/20211229125739856246561.jpg\" alt=\"sensor julong 04.jpg\" width=\"500\"><\/div>\n<div><img decoding=\"async\" src=\"https:\/\/shopic.mcmcclass.com\/20211229125736277296992.jpg\" alt=\"sensor julong 03.jpg\" width=\"500\"><\/div>\n<div><\/div>\n<div><img decoding=\"async\" src=\"https:\/\/shopic.mcmcclass.com\/20211229125746449812721.jpg\" alt=\"sensor julong 05.jpg\" width=\"500\"><\/div>\n<div><img decoding=\"async\" src=\"https:\/\/shopic.mcmcclass.com\/20211228115001195156867.jpg\" alt=\"bolsa-de-pl\u00e1stico-m\u00e1quina-proveedor.jpg\" width=\"500\"><\/div>\n<div><img decoding=\"async\" src=\"https:\/\/shopic.mcmcclass.com\/20211228114935210710163.jpg\" alt=\"maquina-sopladora-de-pvc-film-2.jpg\" width=\"500\"><\/div>\n<div><img decoding=\"async\" src=\"https:\/\/shopic.mcmcclass.com\/20211228114923643729522.jpg\" alt=\"maquina de corte automatico-9.jpg\" width=\"500\"><\/div>\n<div><\/div>\n<\/div>\n<div><\/div>\n<\/div>\n","protected":false},"excerpt":{"rendered":"<p>Sensor tambi\u00e9n llamado foto ell,traje para bolsa de pl\u00e1stico m\u00e1quina de virar bolsa impresa. JULONG Z3N-TB22 Sensor fotoel\u00e9ctrico de marcas<\/p>\n","protected":false},"featured_media":30341,"comment_status":"closed","ping_status":"closed","template":"","meta":{"_acf_changed":false,"_oss_video_url":""},"product_brand":[],"product_cat":[101],"product_tag":[],"class_list":{"0":"post-31368","1":"product","2":"type-product","3":"status-publish","4":"has-post-thumbnail","6":"product_cat-sin-categoria","8":"first","9":"instock","10":"shipping-taxable","11":"product-type-simple"},"acf":[],"_links":{"self":[{"href":"https:\/\/blownfilmlines.com\/es\/wp-json\/wp\/v2\/product\/31368","targetHints":{"allow":["GET"]}}],"collection":[{"href":"https:\/\/blownfilmlines.com\/es\/wp-json\/wp\/v2\/product"}],"about":[{"href":"https:\/\/blownfilmlines.com\/es\/wp-json\/wp\/v2\/types\/product"}],"replies":[{"embeddable":true,"href":"https:\/\/blownfilmlines.com\/es\/wp-json\/wp\/v2\/comments?post=31368"}],"version-history":[{"count":1,"href":"https:\/\/blownfilmlines.com\/es\/wp-json\/wp\/v2\/product\/31368\/revisions"}],"predecessor-version":[{"id":31369,"href":"https:\/\/blownfilmlines.com\/es\/wp-json\/wp\/v2\/product\/31368\/revisions\/31369"}],"wp:featuredmedia":[{"embeddable":true,"href":"https:\/\/blownfilmlines.com\/es\/wp-json\/wp\/v2\/media\/30341"}],"wp:attachment":[{"href":"https:\/\/blownfilmlines.com\/es\/wp-json\/wp\/v2\/media?parent=31368"}],"wp:term":[{"taxonomy":"product_brand","embeddable":true,"href":"https:\/\/blownfilmlines.com\/es\/wp-json\/wp\/v2\/product_brand?post=31368"},{"taxonomy":"product_cat","embeddable":true,"href":"https:\/\/blownfilmlines.com\/es\/wp-json\/wp\/v2\/product_cat?post=31368"},{"taxonomy":"product_tag","embeddable":true,"href":"https:\/\/blownfilmlines.com\/es\/wp-json\/wp\/v2\/product_tag?post=31368"}],"curies":[{"name":"wp","href":"https:\/\/api.w.org\/{rel}","templated":true}]}}