{"id":31370,"date":"2025-03-28T21:05:29","date_gmt":"2025-03-28T13:05:29","guid":{"rendered":"https:\/\/blownfilmlines.com\/product\/japon-nitto-denko-cinta-adhesiva-electrica-para-maquina-de-bolsas-de-plastico"},"modified":"2025-05-14T08:22:13","modified_gmt":"2025-05-14T00:22:13","slug":"japon-nitto-denko-cinta-adhesiva-electrica-para-maquina-de-bolsas-de-plastico","status":"publish","type":"product","link":"https:\/\/blownfilmlines.com\/es\/product\/japon-nitto-denko-cinta-adhesiva-electrica-para-maquina-de-bolsas-de-plastico","title":{"rendered":"Jap\u00f3n NITTO DENKO Cinta adhesiva el\u00e9ctrica para m\u00e1quina de bolsas de pl\u00e1stico"},"content":{"rendered":"<div class=\"product-tab-desc\">\n<div>Cinta japonesa Nitto para m\u00e1quina de bolsas de pl\u00e1stico<\/div>\n<div>\n<p>Puede resistir temperaturas m\u00e1s altas y m\u00e1s fr\u00edo que la cinta com\u00fan.<br \/>\nEn uso continuo, el rango de temperatura es de -100-260 grados Celsius, punto de fusi\u00f3n de hasta 327 grados, baja fricci\u00f3n y buena lubricidad;<br \/>\nen el aislante de alta tensi\u00f3n con buen efecto;<br \/>\nen los productos qu\u00edmicos o disolventes no Reacci\u00f3n qu\u00edmica;<br \/>\ny tiene anti-luz, efecto anti-oxidaci\u00f3n;<br \/>\nbuena pegajosidad.<br \/>\nOtras caracter\u00edsticas son: resistente al desgaste, antipresi\u00f3n, antierosi\u00f3n, antimicroondas, resistente a altas temperaturas, antirozaduras, resbaladizo, se adhiere firmemente y tiene un grano perfilado.<\/p>\n<p><strong>Aplicaciones<\/strong><\/p>\n<p>Para enmascaramiento resistente al calor.<br \/>\nPara termosellado.<br \/>\nPara aislamiento el\u00e9ctrico resistente al calor.<br \/>\nMuy utilizado en:Industria alimentaria, industria gr\u00e1fica, industria, industria qu\u00edmica, etc.<\/p>\n<div class=\"rich-text-table\">\n<table>\n<tbody>\n<tr>\n<td>Modelo<\/td>\n<td>Color<\/td>\n<td colspan=\"3\">Sustrato<\/td>\n<td>Resistencia al calor a corto plazo<\/p>\n<p> (\u00baC)<\/td>\n<td>Uso continuo<br \/>\ntemperatura(\u00baC)<\/td>\n<\/tr>\n<tr>\n<td><\/td>\n<td><\/td>\n<td>Grosor (mm)<\/td>\n<td>Anchura (mm)<\/td>\n<td>Longitud (m)<\/td>\n<td><\/td>\n<td><\/td>\n<\/tr>\n<tr>\n<td>N\u00ba 903UL<\/td>\n<td>Gris<\/td>\n<td>0.08<\/td>\n<td>13<\/td>\n<td>10<\/td>\n<td>300\u00baC<\/td>\n<td>-60~280\u00baC<\/td>\n<\/tr>\n<tr>\n<td>N\u00ba 903UL<\/td>\n<td>Gris<\/td>\n<td>0.08<\/td>\n<td>15<\/td>\n<td>10<\/td>\n<td>300\u00baC<\/td>\n<td>-60~280\u00baC<\/td>\n<\/tr>\n<tr>\n<td>N\u00ba 903UL<\/td>\n<td>Gris<\/td>\n<td>0.08<\/td>\n<td>19<\/td>\n<td>10<\/td>\n<td>300\u00baC<\/td>\n<td>-60~280\u00baC<\/td>\n<\/tr>\n<tr>\n<td>N\u00ba 903UL<\/td>\n<td>Gris<\/td>\n<td>0.08<\/td>\n<td>25<\/td>\n<td>10<\/td>\n<td>300\u00baC<\/td>\n<td>-60~280\u00baC<\/td>\n<\/tr>\n<tr>\n<td>N\u00ba 903UL<\/td>\n<td>Gris<\/td>\n<td>0.08<\/td>\n<td>38<\/td>\n<td>10<\/td>\n<td>300\u00baC<\/td>\n<td>-60~280\u00baC<\/td>\n<\/tr>\n<tr>\n<td>N\u00ba 903UL<\/td>\n<td>Gris<\/td>\n<td>0.08<\/td>\n<td>50<\/td>\n<td>10<\/td>\n<td>300\u00baC<\/td>\n<td>-60~280\u00baC<\/td>\n<\/tr>\n<tr>\n<td>N\u00ba 903UL<\/td>\n<td>Gris<\/td>\n<td>0.08<\/td>\n<td>100<\/td>\n<td>10<\/td>\n<td>300\u00baC<\/td>\n<td>-60~280\u00baC<\/td>\n<\/tr>\n<tr>\n<td>N\u00ba 903UL<\/td>\n<td>Gris<\/td>\n<td>0.08<\/td>\n<td>250<\/td>\n<td>10<\/td>\n<td>300\u00baC<\/td>\n<td>-60~280\u00baC<\/td>\n<\/tr>\n<tr>\n<td>N\u00ba 903UL<\/td>\n<td>Gris<\/td>\n<td>0.08<\/td>\n<td>300<\/td>\n<td>10<\/td>\n<td>300\u00baC<\/td>\n<td>-60~280\u00baC<\/td>\n<\/tr>\n<tr>\n<td>N\u00ba 903UL<\/td>\n<td>Gris<\/td>\n<td>0.08<\/td>\n<td>450<\/td>\n<td>10<\/td>\n<td>300\u00baC<\/td>\n<td>-60~280\u00baC<\/td>\n<\/tr>\n<tr>\n<td>N\u00ba 903UL<\/td>\n<td>Gris<\/td>\n<td>0.13<\/td>\n<td>19<\/td>\n<td>10<\/td>\n<td>300\u00baC<\/td>\n<td>-60~280\u00baC<\/td>\n<\/tr>\n<tr>\n<td>N\u00ba 903UL<\/td>\n<td>Gris<\/td>\n<td>0.18<\/td>\n<td>18<\/td>\n<td>10<\/td>\n<td>300\u00baC<\/td>\n<td>-60~280\u00baC<\/td>\n<\/tr>\n<tr>\n<td>N\u00ba 903UL<\/td>\n<td>Gris<\/td>\n<td>0.18<\/td>\n<td>19<\/td>\n<td>10<\/td>\n<td>300\u00baC<\/td>\n<td>-60~280\u00baC<\/td>\n<\/tr>\n<tr>\n<td>N\u00ba 903UL<\/td>\n<td>Gris<\/td>\n<td>0.18<\/td>\n<td>25<\/td>\n<td>10<\/td>\n<td>300\u00baC<\/td>\n<td>-60~280\u00baC<\/td>\n<\/tr>\n<tr>\n<td>N\u00ba 903UL<\/td>\n<td>Gris<\/td>\n<td>0.18<\/td>\n<td>50<\/td>\n<td>10<\/td>\n<td>300\u00baC<\/td>\n<td>-60~280\u00baC<\/td>\n<\/tr>\n<tr>\n<td>N\u00ba 903UL<\/td>\n<td>Gris<\/td>\n<td>0.18<\/td>\n<td>300<\/td>\n<td>10<\/td>\n<td>300\u00baC<\/td>\n<td>-60~280\u00baC<\/td>\n<\/tr>\n<\/tbody>\n<\/table>\n<div><img decoding=\"async\" src=\"https:\/\/shopic.mcmcclass.com\/20211229013804485255752.JPG\" alt=\"Cinta adhesiva Nitto Cinta el\u00e9ctrica de alta temperatura Jap\u00f3n NITTO DENKO Cinta adhesiva 973UL-S.JPG\" width=\"500\"><\/div>\n<div><\/div>\n<div><img decoding=\"async\" src=\"https:\/\/shopic.mcmcclass.com\/20211229013804246681329.JPG\" alt=\"Cinta El\u00e9ctrica Alta Temperatura Jap\u00f3n NITTO DENKO Cinta Adhesiva-973UL-S.JPG\" width=\"500\"><\/div>\n<div><\/div>\n<div><img decoding=\"async\" src=\"https:\/\/shopic.mcmcclass.com\/20211229013804106244048.jpg\" alt=\"Jap\u00f3n cinta nitto para m\u00e1quinas de bolsas de pl\u00e1stico 2.jpg\" width=\"500\"><\/div>\n<div><\/div>\n<div><img decoding=\"async\" src=\"https:\/\/shopic.mcmcclass.com\/20211229013804114145872.jpg\" alt=\"Jap\u00f3n cinta nitto para m\u00e1quinas de bolsas de pl\u00e1stico_530x450_500x500.jpg\" width=\"500\"><\/div>\n<div><\/div>\n<div><img decoding=\"async\" src=\"https:\/\/shopic.mcmcclass.com\/20211229013804562764285.JPG\" alt=\"Cinta adhesiva el\u00e9ctrica de alta temperatura Jap\u00f3n NITTO DENKO.JPG\" width=\"500\"><\/div>\n<div>\n<p><img decoding=\"async\" src=\"https:\/\/fshop.oss-accelerate.aliyuncs.com\/20211228115001195156867.jpg\" alt=\"bolsa-de-pl\u00e1stico-m\u00e1quina-proveedor.jpg\"><\/p>\n<p><img fetchpriority=\"high\" decoding=\"async\" src=\"https:\/\/fshop.oss-accelerate.aliyuncs.com\/20211215213723786217429.JPG\" alt=\"F\u00e1brica de m\u00e1quinas de bolsas de pl\u00e1stico.JPG\" width=\"489\" height=\"496\"><\/p>\n<p><img decoding=\"async\" src=\"https:\/\/fshop.oss-accelerate.aliyuncs.com\/20211228114650196065744.jpg\" alt=\"\u6bcf\u4e2a\u4ea7\u54c1\u540e\u9762\u90fd\u653e\u4e0a\u8fd9\u4e2a\u56fe\u7247 01.jpg\" width=\"500\"><\/p>\n<p><img decoding=\"async\" src=\"https:\/\/fshop.oss-accelerate.aliyuncs.com\/20211228114923643729522.jpg\" alt=\"maquina de corte automatico-9.jpg\" width=\"500\"><\/p>\n<\/div>\n<div><\/div>\n<div><\/div>\n<div><\/div>\n<div><\/div>\n<\/div>\n<\/div>\n<\/div>\n","protected":false},"excerpt":{"rendered":"<p>Cinta japonesa Nitto para m\u00e1quina de bolsas de pl\u00e1stico Puede resistir temperaturas m\u00e1s altas y m\u00e1s fr\u00edo que la cinta<\/p>\n","protected":false},"featured_media":30279,"comment_status":"closed","ping_status":"closed","template":"","meta":{"_acf_changed":false,"_oss_video_url":""},"product_brand":[],"product_cat":[101],"product_tag":[],"class_list":{"0":"post-31370","1":"product","2":"type-product","3":"status-publish","4":"has-post-thumbnail","6":"product_cat-sin-categoria","8":"first","9":"instock","10":"shipping-taxable","11":"product-type-simple"},"acf":[],"_links":{"self":[{"href":"https:\/\/blownfilmlines.com\/es\/wp-json\/wp\/v2\/product\/31370","targetHints":{"allow":["GET"]}}],"collection":[{"href":"https:\/\/blownfilmlines.com\/es\/wp-json\/wp\/v2\/product"}],"about":[{"href":"https:\/\/blownfilmlines.com\/es\/wp-json\/wp\/v2\/types\/product"}],"replies":[{"embeddable":true,"href":"https:\/\/blownfilmlines.com\/es\/wp-json\/wp\/v2\/comments?post=31370"}],"version-history":[{"count":1,"href":"https:\/\/blownfilmlines.com\/es\/wp-json\/wp\/v2\/product\/31370\/revisions"}],"predecessor-version":[{"id":31371,"href":"https:\/\/blownfilmlines.com\/es\/wp-json\/wp\/v2\/product\/31370\/revisions\/31371"}],"wp:featuredmedia":[{"embeddable":true,"href":"https:\/\/blownfilmlines.com\/es\/wp-json\/wp\/v2\/media\/30279"}],"wp:attachment":[{"href":"https:\/\/blownfilmlines.com\/es\/wp-json\/wp\/v2\/media?parent=31370"}],"wp:term":[{"taxonomy":"product_brand","embeddable":true,"href":"https:\/\/blownfilmlines.com\/es\/wp-json\/wp\/v2\/product_brand?post=31370"},{"taxonomy":"product_cat","embeddable":true,"href":"https:\/\/blownfilmlines.com\/es\/wp-json\/wp\/v2\/product_cat?post=31370"},{"taxonomy":"product_tag","embeddable":true,"href":"https:\/\/blownfilmlines.com\/es\/wp-json\/wp\/v2\/product_tag?post=31370"}],"curies":[{"name":"wp","href":"https:\/\/api.w.org\/{rel}","templated":true}]}}