{"id":31374,"date":"2025-03-28T21:03:54","date_gmt":"2025-03-28T13:03:54","guid":{"rendered":"https:\/\/blownfilmlines.com\/product\/japon-nitto-denko-cinta-adhesiva-electrica-para-maquina-de-bolsas-de-plastico-2"},"modified":"2025-05-14T08:22:34","modified_gmt":"2025-05-14T00:22:34","slug":"japon-nitto-denko-cinta-adhesiva-electrica-para-maquina-de-bolsas-de-plastico-2","status":"publish","type":"product","link":"https:\/\/blownfilmlines.com\/es\/product\/japon-nitto-denko-cinta-adhesiva-electrica-para-maquina-de-bolsas-de-plastico-2","title":{"rendered":"Jap\u00f3n NITTO DENKO Cinta adhesiva el\u00e9ctrica para m\u00e1quina de bolsas de pl\u00e1stico"},"content":{"rendered":"<div class=\"product-tab-desc\">\n<div>Cinta Nitto Jap\u00f3n para M\u00e1quina de Bolsas de Pl\u00e1stico,Color Rojo<\/div>\n<div><strong>Cintas Nitto denko<\/strong><br \/>1. N\u00ba 903UL 0,08x25x10<br \/>2. Origen: Jap\u00f3n<br \/>3. Fabricante: NITTO DENKO CORP.<br \/>4. Excelente resistencia qu\u00edmica.<br \/>5. Amplio rango de temperaturas de funcionamiento.<br \/>6. Excelentes propiedades el\u00e9ctricas.<br \/>7. Caracter\u00edsticas de baja fricci\u00f3n y excelentes propiedades de autolubricaci\u00f3n.<br \/>8. Aplicaci\u00f3n:<br \/>Resistente al calor, refugio; Sellado t\u00e9rmico; Aislamiento el\u00e9ctrico t\u00e9rmico;<br \/>Ampliamente utilizado en la industria farmac\u00e9utica, alimentaria, de impresi\u00f3n, industrial, qu\u00edmica y otros campos, especialmente en m\u00e1quinas de sellado de bolsas.<\/p>\n<div class=\"rich-text-table\">\n<table>\n<tbody>\n<tr>\n<td>Modelos<\/td>\n<td>Tama\u00f1os<\/td>\n<td>Embalaje<\/td>\n<\/tr>\n<tr>\n<td>903UL<\/td>\n<td>0,08x13x10<\/td>\n<td>250 rollos\/ctn<\/td>\n<\/tr>\n<tr>\n<td>903UL<\/td>\n<td>0,08x15x10<\/td>\n<td>250 rollos\/ctn<\/td>\n<\/tr>\n<tr>\n<td>903UL<\/td>\n<td>0,08x19x10<\/td>\n<td>250 rollos\/ctn<\/td>\n<\/tr>\n<tr>\n<td>903UL<\/td>\n<td>0,08x25x10<\/td>\n<td>250 rollos\/ctn<\/td>\n<\/tr>\n<tr>\n<td>903UL<\/td>\n<td>0,08x38x10<\/td>\n<td>125 rollos\/ctn<\/td>\n<\/tr>\n<tr>\n<td>903UL<\/td>\n<td>0,08x50x10<\/td>\n<td>125 rollos\/ctn<\/td>\n<\/tr>\n<tr>\n<td>903UL<\/td>\n<td>0,08x100x10<\/td>\n<td>50 rollos\/ctn<\/td>\n<\/tr>\n<tr>\n<td>903UL<\/td>\n<td>0,08x150x10<\/td>\n<td>50 rollos\/ctn<\/td>\n<\/tr>\n<tr>\n<td>903UL<\/td>\n<td>0,08x300x10<\/td>\n<td>25 rollos\/ctn<\/td>\n<\/tr>\n<tr>\n<td>&nbsp;<\/td>\n<td>&nbsp;<\/td>\n<td>&nbsp;<\/td>\n<\/tr>\n<tr>\n<td>903UL<\/td>\n<td>0,18x19x10<\/td>\n<td>250 rollos\/ctn<\/td>\n<\/tr>\n<tr>\n<td>903UL<\/td>\n<td>0,18x50x10<\/td>\n<td>125 rollos\/ctn<\/td>\n<\/tr>\n<tr>\n<td>&nbsp;<\/td>\n<td>&nbsp;<\/td>\n<td>&nbsp;<\/td>\n<\/tr>\n<tr>\n<td>923S<\/td>\n<td>0,10x38x33<\/td>\n<td>70 rollos\/ctn<\/td>\n<\/tr>\n<tr>\n<td>923S<\/td>\n<td>0,10x50x33<\/td>\n<td>60 rollos\/ctn<\/td>\n<\/tr>\n<tr>\n<td>&nbsp;<\/td>\n<td>&nbsp;<\/td>\n<td>&nbsp;<\/td>\n<\/tr>\n<tr>\n<td>973UL-S<\/td>\n<td>0,13x13x10<\/td>\n<td>250 rollos\/ctn<\/td>\n<\/tr>\n<tr>\n<td>973UL-S<\/td>\n<td>0,13x19x10<\/td>\n<td>250 rollos\/ctn<\/td>\n<\/tr>\n<tr>\n<td>973UL-S<\/td>\n<td>0,13x25x10<\/td>\n<td>250 rollos\/ctn<\/td>\n<\/tr>\n<tr>\n<td>973UL-S<\/td>\n<td>0,13x38x10<\/td>\n<td>125 rollos\/ctn<\/td>\n<\/tr>\n<tr>\n<td>973UL-S<\/td>\n<td>0,13x50x10<\/td>\n<td>125 rollos\/ctn<\/td>\n<\/tr>\n<tr>\n<td>973UL-S<\/td>\n<td>0,13x60x10<\/td>\n<td>100 rollos\/ctn<\/td>\n<\/tr>\n<tr>\n<td>973UL-S<\/td>\n<td>0,13x300x10<\/td>\n<td>25 rollos\/ctn<\/td>\n<\/tr>\n<tr>\n<td>973UL-S<\/td>\n<td>0,13x600x10<\/td>\n<td>15 rollos\/ctn<\/td>\n<\/tr>\n<\/tbody>\n<\/table>\n<div><img fetchpriority=\"high\" decoding=\"async\" src=\"https:\/\/shopic.mcmcclass.com\/20211229013234734921073.JPG\" alt=\"Cinta adhesiva Nitto Cinta el\u00e9ctrica de alta temperatura Jap\u00f3n NITTO DENKO Cinta adhesiva 973UL.JPG\" width=\"500\" height=\"497\"><\/div>\n<div>&nbsp;<\/div>\n<div><img decoding=\"async\" src=\"https:\/\/shopic.mcmcclass.com\/20211229013234752346269.JPG\" alt=\"Cinta Nitto Cinta el\u00e9ctrica de alta temperatura Jap\u00f3n NITTO DENKO Cinta adhesiva973UL.JPG\" width=\"500\" height=\"498\"><\/div>\n<div>&nbsp;<\/div>\n<div><img decoding=\"async\" src=\"https:\/\/shopic.mcmcclass.com\/20211229013234505243810.jpg\" alt=\"Jap\u00f3n cinta nitto para m\u00e1quina de bolsas de pl\u00e1stico_530x450_500x500.jpg\" width=\"500\" height=\"500\"><\/div>\n<div>&nbsp;<\/div>\n<div><img loading=\"lazy\" decoding=\"async\" src=\"https:\/\/shopic.mcmcclass.com\/20211229013234565612688.jpg\" alt=\"Jap\u00f3n cinta nitto para m\u00e1quinas de bolsas de pl\u00e1stico.jpg\" width=\"500\" height=\"500\"><\/div>\n<div><img loading=\"lazy\" decoding=\"async\" src=\"https:\/\/shopic.mcmcclass.com\/20211229013235568868874.JPG\" alt=\"Cinta Nitto Cinta El\u00e9ctrica Alta Temperatura Jap\u00f3n NITTO DENKO Cinta Adhesiva973UL-S.JPG\" width=\"500\" height=\"497\"><\/div>\n<div>&nbsp;<\/div>\n<div>\n<p><img decoding=\"async\" src=\"https:\/\/fshop.oss-accelerate.aliyuncs.com\/20211228115001195156867.jpg\" alt=\"bolsa-de-pl\u00e1stico-m\u00e1quina-proveedor.jpg\"><\/p>\n<p><img loading=\"lazy\" decoding=\"async\" src=\"https:\/\/fshop.oss-accelerate.aliyuncs.com\/20211215213723786217429.JPG\" alt=\"F\u00e1brica de m\u00e1quinas de bolsas de pl\u00e1stico.JPG\" width=\"489\" height=\"496\"><\/p>\n<p><img decoding=\"async\" src=\"https:\/\/fshop.oss-accelerate.aliyuncs.com\/20211228114650196065744.jpg\" alt=\"\u6bcf\u4e2a\u4ea7\u54c1\u540e\u9762\u90fd\u653e\u4e0a\u8fd9\u4e2a\u56fe\u7247 01.jpg\" width=\"500\"><\/p>\n<p><img decoding=\"async\" src=\"https:\/\/fshop.oss-accelerate.aliyuncs.com\/20211228114923643729522.jpg\" alt=\"maquina de corte automatico-9.jpg\" width=\"500\"><\/p>\n<\/div>\n<\/div>\n<\/div><\/div>\n","protected":false},"excerpt":{"rendered":"<p>Cinta Nitto Jap\u00f3n para M\u00e1quina de Bolsas de Pl\u00e1stico,Color Rojo Cintas Nitto denko1. N\u00ba 903UL 0,08x25x102. Origen: Jap\u00f3n3. Fabricante: NITTO<\/p>\n","protected":false},"featured_media":30269,"comment_status":"closed","ping_status":"closed","template":"","meta":{"_acf_changed":false,"_oss_video_url":""},"product_brand":[],"product_cat":[101],"product_tag":[],"class_list":{"0":"post-31374","1":"product","2":"type-product","3":"status-publish","4":"has-post-thumbnail","6":"product_cat-sin-categoria","8":"first","9":"instock","10":"shipping-taxable","11":"product-type-simple"},"acf":[],"_links":{"self":[{"href":"https:\/\/blownfilmlines.com\/es\/wp-json\/wp\/v2\/product\/31374","targetHints":{"allow":["GET"]}}],"collection":[{"href":"https:\/\/blownfilmlines.com\/es\/wp-json\/wp\/v2\/product"}],"about":[{"href":"https:\/\/blownfilmlines.com\/es\/wp-json\/wp\/v2\/types\/product"}],"replies":[{"embeddable":true,"href":"https:\/\/blownfilmlines.com\/es\/wp-json\/wp\/v2\/comments?post=31374"}],"version-history":[{"count":1,"href":"https:\/\/blownfilmlines.com\/es\/wp-json\/wp\/v2\/product\/31374\/revisions"}],"predecessor-version":[{"id":31375,"href":"https:\/\/blownfilmlines.com\/es\/wp-json\/wp\/v2\/product\/31374\/revisions\/31375"}],"wp:featuredmedia":[{"embeddable":true,"href":"https:\/\/blownfilmlines.com\/es\/wp-json\/wp\/v2\/media\/30269"}],"wp:attachment":[{"href":"https:\/\/blownfilmlines.com\/es\/wp-json\/wp\/v2\/media?parent=31374"}],"wp:term":[{"taxonomy":"product_brand","embeddable":true,"href":"https:\/\/blownfilmlines.com\/es\/wp-json\/wp\/v2\/product_brand?post=31374"},{"taxonomy":"product_cat","embeddable":true,"href":"https:\/\/blownfilmlines.com\/es\/wp-json\/wp\/v2\/product_cat?post=31374"},{"taxonomy":"product_tag","embeddable":true,"href":"https:\/\/blownfilmlines.com\/es\/wp-json\/wp\/v2\/product_tag?post=31374"}],"curies":[{"name":"wp","href":"https:\/\/api.w.org\/{rel}","templated":true}]}}