{"id":31378,"date":"2025-03-28T15:43:42","date_gmt":"2025-03-28T07:43:42","guid":{"rendered":"https:\/\/blownfilmlines.com\/product\/maquina-de-film-de-burbujas-de-aire-de-tres-capas"},"modified":"2025-05-14T08:22:36","modified_gmt":"2025-05-14T00:22:36","slug":"maquina-de-film-de-burbujas-de-aire-de-tres-capas","status":"publish","type":"product","link":"https:\/\/blownfilmlines.com\/es\/product\/maquina-de-film-de-burbujas-de-aire-de-tres-capas","title":{"rendered":"M\u00e1quina de film de burbujas de aire de tres capas"},"content":{"rendered":"<div id=\"tab-desc\" class=\"tab-pane active\" role=\"tabpanel\">\n<div class=\"ProductAttr\">\n<div class=\"ProductAttrItem\">\n<div class=\"ProductAttr-title\">color<\/div>\n<div class=\"ProductAttr-text\">rojo,azul,amarillo<\/div>\n<\/div>\n<\/div>\n<div class=\"product-tab-desc\">\n<p>M\u00e1quina de film de burbujas de aire de tres capas tambi\u00e9n llamada extrusi\u00f3n de film de burbujas de aire.<\/p>\n<p>La m\u00e1quina utiliza polietileno de baja densidad (LDPE) para producir pel\u00edcula de burbujas de aire.<\/p>\n<p>M\u00e1quina de film de burbujas de aire de dise\u00f1o sencillo, f\u00e1cil manejo, dise\u00f1ada para trabajar 24 horas 7 d\u00edas.<\/p>\n<p><img fetchpriority=\"high\" decoding=\"async\" src=\"https:\/\/shopic.mcmcclass.com\/20211215005224792442842.jpg\" alt=\"M\u00e1quina de film de burbujas de aire de tres capas.jpg\" width=\"500\" height=\"219\"><\/p>\n<p>Variables t\u00e9cnicas:<\/p>\n<table>\n<tbody>\n<tr>\n<td>Modelo<\/td>\n<td>KDPEG-1000<\/td>\n<td>KDFPG-1200<\/td>\n<td>KDPEG-1500<\/td>\n<\/tr>\n<tr>\n<td>Materia prima<\/td>\n<td colspan=\"3\">LDPE, material reciclado, masterbatch y aditivos<\/td>\n<\/tr>\n<tr>\n<td>Di\u00e1metro del tornillo<\/td>\n<td>\u03c665mm+\u03c650mm<\/td>\n<td>\u03c675mm+\u03c660mm<\/td>\n<td>\u03c690mm+\u03c670mm<\/td>\n<\/tr>\n<tr>\n<td>Pel\u00edcula de burbujas Anchura m\u00e1x. <\/td>\n<td>600 mm<\/td>\n<td>1200 mm<\/td>\n<td>1500 mm<\/td>\n<\/tr>\n<tr>\n<td>Capa de pel\u00edcula de burbujas<\/td>\n<td colspan=\"3\">3 capas,4 capas,5 capas<\/td>\n<\/tr>\n<tr>\n<td>Color de la pel\u00edcula de burbujas<\/td>\n<td colspan=\"3\">Transparente, negro, rojo, blanco, azul&#8230; el color de la bolsa cambia con el masterbatch<\/td>\n<\/tr>\n<tr>\n<td>Salida<\/td>\n<td>55 kg\/h<\/td>\n<td>70 kg\/h<\/td>\n<td>90 kg\/h<\/td>\n<\/tr>\n<tr>\n<td>Potencia total<\/td>\n<td>75kw<\/td>\n<td>82kw<\/td>\n<td>98kw<\/td>\n<\/tr>\n<tr>\n<td>Relaci\u00f3n L\/D Del Tornillo<\/td>\n<td>28\uff1a1<\/td>\n<td>28\uff1a1<\/td>\n<td>28\uff1a1<\/td>\n<\/tr>\n<tr>\n<td>Consumo de agua<\/td>\n<td>0,5 <sup>m3\/h<\/sup><\/td>\n<td>0,5 <sup>m3\/h<\/sup><\/td>\n<td>0,5 <sup>m3\/h<\/sup><\/td>\n<\/tr>\n<tr>\n<td>Peso de la m\u00e1quina<\/td>\n<td>3.5<\/td>\n<td>4.5<\/td>\n<td>5<\/td>\n<\/tr>\n<tr>\n<td>Tensi\u00f3n de alimentaci\u00f3n<\/td>\n<td colspan=\"3\">220V,380V,440V(Personalizado seg\u00fan petici\u00f3n (Por ejemplo: EEUU 480V 60Hz, M\u00e9xico 440V\/220V 60Hz, Arabia Saud\u00ed 380V 60Hz, Nigeria 415V 50Hz&#8230;)<\/td>\n<\/tr>\n<tr>\n<td>Di\u00e1metro del eje de aire<\/td>\n<td colspan=\"3\">sin n\u00facleo de papel ,58mm,76mm<\/td>\n<\/tr>\n<tr>\n<td>Tiempo de trabajo de la m\u00e1quina<\/td>\n<td colspan=\"3\">24 horas*7<\/td>\n<\/tr>\n<tr>\n<td>Garant\u00eda<\/td>\n<td colspan=\"3\">1 a\u00f1o<\/td>\n<\/tr>\n<tr>\n<td>Asistencia t\u00e9cnica<\/td>\n<td colspan=\"3\">Ingenieros disponibles para dar servicio a la maquinaria en el extranjero<\/td>\n<\/tr>\n<\/tbody>\n<\/table>\n<p><img decoding=\"async\" src=\"https:\/\/shopic.mcmcclass.com\/20211215004007302494034.jpg\" alt=\"tres-cinco-capas-pel\u00edcula-burbuja.jpg\" width=\"500\" height=\"215\"><\/p>\n<p><img decoding=\"async\" src=\"https:\/\/shopic.mcmcclass.com\/20211215004215509690359.jpg\" alt=\"pel\u00edcula-burbuja.jpg\"><\/p>\n<p>\u203bLas especificaciones correctas dependen del modelo real. Todas las especificaciones est\u00e1n sujetas a cambios sin previo aviso. <\/p>\n<p>M\u00e1quina de film de burbujas en funcionamiento en la f\u00e1brica del cliente<\/p>\n<p><img decoding=\"async\" src=\"https:\/\/shopic.mcmcclass.com\/20211215004215569380787.jpg\" alt=\"pel\u00edcula-burbuja-m\u00e1quina-precio.jpg\"><\/p>\n<p>Instalar la m\u00e1quina de pel\u00edcula Strech en la f\u00e1brica del cliente<\/p>\n<p><img decoding=\"async\" src=\"https:\/\/shopic.mcmcclass.com\/20211214015056677179067.JPG\" alt=\"m\u00e1quina de film estirable1.JPG\"><\/p>\n<p>Nuestro cooperador de piezas principales como marca siguiente (piezas est\u00e1ndar todas hechas en China).<\/p>\n<p><img decoding=\"async\" src=\"https:\/\/fshop.oss-accelerate.aliyuncs.com\/20211213214903233504108.jpg\" alt=\"maquina_de_bolsas_electricas.jpg\" width=\"500\" height=\"312\"><\/p>\n<p>Proveedor de material para pajitas<\/p>\n<p><img loading=\"lazy\" decoding=\"async\" src=\"https:\/\/fshop.oss-accelerate.aliyuncs.com\/20211214224140246141552.jpg\" alt=\"Polythylene-Polypropylene-PP-HDPE-LDPE-material-Supplier-Top-ten-List(1).jpg\" width=\"500\" height=\"500\"><\/p>\n<p><img loading=\"lazy\" decoding=\"async\" src=\"https:\/\/shopic.mcmcclass.com\/20211215004555835914023.jpg\" alt=\"maquina de corte automatico-7.jpg\" width=\"500\" height=\"476\"><\/p>\n<p>&nbsp;<\/p>\n<p><img loading=\"lazy\" decoding=\"async\" src=\"https:\/\/shopic.mcmcclass.com\/20211215004555806011983.jpg\" alt=\"maquina de corte automatico-9.jpg\" width=\"500\" height=\"252\"><\/p>\n<p>Red Global de Servicios<\/p>\n<p><img loading=\"lazy\" decoding=\"async\" src=\"https:\/\/shopic.mcmcclass.com\/20211213231123292754909.jpg\" alt=\"Red de marketing-plasticbagmachine.jpg\" width=\"481\" height=\"319\"><\/p>\n<\/div>\n<\/div>\n","protected":false},"excerpt":{"rendered":"<p>color rojo,azul,amarillo M\u00e1quina de film de burbujas de aire de tres capas tambi\u00e9n llamada extrusi\u00f3n de film de burbujas de<\/p>\n","protected":false},"featured_media":30237,"comment_status":"closed","ping_status":"closed","template":"","meta":{"_acf_changed":false,"_oss_video_url":""},"product_brand":[],"product_cat":[105],"product_tag":[],"class_list":{"0":"post-31378","1":"product","2":"type-product","3":"status-publish","4":"has-post-thumbnail","6":"product_cat-maquina-de-film-de-burbujas","8":"first","9":"instock","10":"shipping-taxable","11":"product-type-simple"},"acf":[],"_links":{"self":[{"href":"https:\/\/blownfilmlines.com\/es\/wp-json\/wp\/v2\/product\/31378","targetHints":{"allow":["GET"]}}],"collection":[{"href":"https:\/\/blownfilmlines.com\/es\/wp-json\/wp\/v2\/product"}],"about":[{"href":"https:\/\/blownfilmlines.com\/es\/wp-json\/wp\/v2\/types\/product"}],"replies":[{"embeddable":true,"href":"https:\/\/blownfilmlines.com\/es\/wp-json\/wp\/v2\/comments?post=31378"}],"version-history":[{"count":1,"href":"https:\/\/blownfilmlines.com\/es\/wp-json\/wp\/v2\/product\/31378\/revisions"}],"predecessor-version":[{"id":31379,"href":"https:\/\/blownfilmlines.com\/es\/wp-json\/wp\/v2\/product\/31378\/revisions\/31379"}],"wp:featuredmedia":[{"embeddable":true,"href":"https:\/\/blownfilmlines.com\/es\/wp-json\/wp\/v2\/media\/30237"}],"wp:attachment":[{"href":"https:\/\/blownfilmlines.com\/es\/wp-json\/wp\/v2\/media?parent=31378"}],"wp:term":[{"taxonomy":"product_brand","embeddable":true,"href":"https:\/\/blownfilmlines.com\/es\/wp-json\/wp\/v2\/product_brand?post=31378"},{"taxonomy":"product_cat","embeddable":true,"href":"https:\/\/blownfilmlines.com\/es\/wp-json\/wp\/v2\/product_cat?post=31378"},{"taxonomy":"product_tag","embeddable":true,"href":"https:\/\/blownfilmlines.com\/es\/wp-json\/wp\/v2\/product_tag?post=31378"}],"curies":[{"name":"wp","href":"https:\/\/api.w.org\/{rel}","templated":true}]}}