{"id":31380,"date":"2025-03-28T15:44:21","date_gmt":"2025-03-28T07:44:21","guid":{"rendered":"https:\/\/blownfilmlines.com\/product\/maquina-de-film-de-burbujas-de-aire-de-doble-capa"},"modified":"2025-05-14T08:22:40","modified_gmt":"2025-05-14T00:22:40","slug":"maquina-de-film-de-burbujas-de-aire-de-doble-capa","status":"publish","type":"product","link":"https:\/\/blownfilmlines.com\/es\/product\/maquina-de-film-de-burbujas-de-aire-de-doble-capa","title":{"rendered":"M\u00e1quina de film de burbujas de aire de doble capa"},"content":{"rendered":"<div id=\"tab-desc\" class=\"tab-pane active\" role=\"tabpanel\">\n<div class=\"ProductAttr\">\n<div class=\"ProductAttrItem\">\n<div class=\"ProductAttr-title\">color<\/div>\n<div class=\"ProductAttr-text\">rojo,azul,amarillo<\/div>\n<\/div>\n<\/div>\n<div class=\"product-tab-desc\">\n<p>M\u00e1quina de film de burbujas de aire de doble capa<\/p>\n<p>m\u00e1quina de film de burbujas de aire de dos capas tambi\u00e9n llamada extrusi\u00f3n de film de burbujas de aire,<\/p>\n<p>La m\u00e1quina utiliza polietileno de baja densidad (LDPE) para producir pel\u00edcula de burbujas de aire.<\/p>\n<p>M\u00e1quina de film de burbujas de aire de dise\u00f1o sencillo, f\u00e1cil manejo, dise\u00f1ada para trabajar 24 horas 7 d\u00edas.<\/p>\n<p><img fetchpriority=\"high\" decoding=\"async\" src=\"https:\/\/shopic.mcmcclass.com\/20211215003707899230247.jpg\" alt=\"dibujo de m\u00e1quina de film de burbujas de aire de dos capas.jpg\" width=\"500\" height=\"308\"><img decoding=\"async\" src=\"https:\/\/shopic.mcmcclass.com\/20211215003707908098991.jpg\" alt=\"m\u00e1quina de film de burbujas de aire de dos capas.jpg\" width=\"500\" height=\"187\"><\/p>\n<p>Principales variables t\u00e9cnicas:<\/p>\n<table>\n<tbody>\n<tr>\n<td width=\"201\">Modelo<\/td>\n<td width=\"141\">KDPE-1000<\/td>\n<td width=\"130\">KDPE-1200<\/td>\n<td width=\"124\">KDPE-1500<\/td>\n<\/tr>\n<tr>\n<td width=\"201\">Materia prima<\/td>\n<td width=\"141\">LDPE<\/td>\n<td width=\"130\">PEBD<\/td>\n<td width=\"124\">PEBD<\/td>\n<\/tr>\n<tr>\n<td width=\"201\">Di\u00e1metro del tornillo<\/td>\n<td width=\"141\">\u03c665 mm<\/td>\n<td width=\"130\">\u03c675mm<\/td>\n<td width=\"124\">\u03c690mm<\/td>\n<\/tr>\n<tr>\n<td width=\"201\">Anchura de la pel\u00edcula<\/td>\n<td width=\"141\">1000 mm<\/td>\n<td width=\"130\">1200 mm<\/td>\n<td width=\"124\">1500 mm<\/td>\n<\/tr>\n<tr>\n<td width=\"201\">Capa de pel\u00edcula<\/td>\n<td width=\"141\">Dos capas<\/td>\n<td width=\"130\">Dos capas<\/td>\n<td width=\"124\">Dos capas<\/td>\n<\/tr>\n<tr>\n<td width=\"201\">Di\u00e1metro del agujero de la burbuja(mm)<\/td>\n<td colspan=\"3\" width=\"396\">6,8,10,12,14,16,18,20mm<\/td>\n<\/tr>\n<tr>\n<td width=\"201\">Color de la pel\u00edcula<\/td>\n<td colspan=\"3\" width=\"396\">Transparente,Negro,Rojo,Blanco,azul&#8230;color de la bolsa cambiado por masterbatch<\/td>\n<\/tr>\n<tr>\n<td width=\"201\">Salida<\/td>\n<td width=\"141\">50 kg\/h<\/td>\n<td width=\"130\">60 kg\/h<\/td>\n<td width=\"124\">70 kg\/h<\/td>\n<\/tr>\n<tr>\n<td width=\"201\">Potencia total<\/td>\n<td width=\"141\">48kw<\/td>\n<td width=\"130\">58kw<\/td>\n<td width=\"124\">68kw<\/td>\n<\/tr>\n<tr>\n<td width=\"201\">Relaci\u00f3n L\/D Del Tornillo<\/td>\n<td width=\"141\">28:1<\/td>\n<td width=\"130\">28:1<\/td>\n<td width=\"124\">28:1<\/td>\n<\/tr>\n<tr>\n<td width=\"201\">Consumo de agua<\/td>\n<td width=\"141\">0,5 <sup>m3\/h<\/sup><\/td>\n<td width=\"130\">0,5 <sup>m3\/h<\/sup><\/td>\n<td width=\"124\">0,5 <sup>m3\/h<\/sup><\/td>\n<\/tr>\n<tr>\n<td width=\"201\">Peso de la m\u00e1quina<\/td>\n<td width=\"141\">3<\/td>\n<td width=\"130\">4<\/td>\n<td width=\"124\">5<\/td>\n<\/tr>\n<tr>\n<td width=\"201\">Tensi\u00f3n de alimentaci\u00f3n<\/td>\n<td colspan=\"3\" width=\"396\">220V,380V,440V<\/td>\n<\/tr>\n<tr>\n<td width=\"201\">Di\u00e1metro del eje de aire<\/td>\n<td colspan=\"3\" width=\"396\">sin n\u00facleo de papel ,58mm,76mm<\/td>\n<\/tr>\n<tr>\n<td width=\"201\">Tiempo de trabajo de la m\u00e1quina<\/td>\n<td width=\"141\">24 horas*7<\/td>\n<td width=\"130\">24 horas*7<\/td>\n<td width=\"124\">24 horas*7<\/td>\n<\/tr>\n<tr>\n<td width=\"201\">Garant\u00eda<\/td>\n<td colspan=\"3\" width=\"396\">1 a\u00f1o<\/td>\n<\/tr>\n<tr>\n<td width=\"201\">Asistencia t\u00e9cnica<\/td>\n<td colspan=\"3\" width=\"396\">Ingenieros disponibles para dar servicio a la maquinaria en el extranjero<\/td>\n<\/tr>\n<\/tbody>\n<\/table>\n<p><img decoding=\"async\" src=\"https:\/\/shopic.mcmcclass.com\/20211215004007302494034.jpg\" alt=\"tres-cinco-capas-pel\u00edcula-burbuja.jpg\" width=\"500\" height=\"215\"><\/p>\n<p><img loading=\"lazy\" decoding=\"async\" src=\"https:\/\/shopic.mcmcclass.com\/20211215004007251842589.jpg\" alt=\"pel\u00edcula-burbuja-de-aire.jpg\" width=\"500\" height=\"500\"><\/p>\n<p>\u203bLas especificaciones correctas dependen del modelo real. Todas las especificaciones est\u00e1n sujetas a cambios sin previo aviso. <\/p>\n<p>M\u00e1quina de film de burbujas en funcionamiento en la f\u00e1brica del cliente<\/p>\n<p><img decoding=\"async\" src=\"https:\/\/shopic.mcmcclass.com\/20211215004215569380787.jpg\" alt=\"pel\u00edcula-burbuja-m\u00e1quina-precio.jpg\"><\/p>\n<p>Instalar la m\u00e1quina de pel\u00edcula Strech en la f\u00e1brica del cliente<\/p>\n<p><img decoding=\"async\" src=\"https:\/\/shopic.mcmcclass.com\/20211214015056677179067.JPG\" alt=\"m\u00e1quina de film estirable1.JPG\"><\/p>\n<p>Nuestro cooperador de piezas principales como marca siguiente (piezas est\u00e1ndar todas hechas en China).<\/p>\n<p><img loading=\"lazy\" decoding=\"async\" src=\"https:\/\/fshop.oss-accelerate.aliyuncs.com\/20211213214903233504108.jpg\" alt=\"maquina_de_bolsas_electricas.jpg\" width=\"500\" height=\"312\"><\/p>\n<p>Proveedor de material para pajitas<\/p>\n<p><img loading=\"lazy\" decoding=\"async\" src=\"https:\/\/fshop.oss-accelerate.aliyuncs.com\/20211214224140246141552.jpg\" alt=\"Polythylene-Polypropylene-PP-HDPE-LDPE-material-Supplier-Top-ten-List(1).jpg\" width=\"500\" height=\"500\"><\/p>\n<p><img loading=\"lazy\" decoding=\"async\" src=\"https:\/\/shopic.mcmcclass.com\/20211215004555835914023.jpg\" alt=\"maquina de corte automatico-7.jpg\" width=\"500\" height=\"476\"><\/p>\n<p><img loading=\"lazy\" decoding=\"async\" src=\"https:\/\/shopic.mcmcclass.com\/20211215004555806011983.jpg\" alt=\"maquina de corte automatico-9.jpg\" width=\"500\" height=\"252\"><\/p>\n<p>Red Global de Servicios<\/p>\n<p><img loading=\"lazy\" decoding=\"async\" src=\"https:\/\/shopic.mcmcclass.com\/20211213231123292754909.jpg\" alt=\"Red de Marketing-plasticbagmachine.jpg\" width=\"481\" height=\"319\"><\/p>\n<\/div>\n<\/div>\n","protected":false},"excerpt":{"rendered":"<p>color rojo,azul,amarillo M\u00e1quina de film de burbujas de aire de doble capa m\u00e1quina de film de burbujas de aire de<\/p>\n","protected":false},"featured_media":30241,"comment_status":"closed","ping_status":"closed","template":"","meta":{"_acf_changed":false,"_oss_video_url":""},"product_brand":[],"product_cat":[105],"product_tag":[],"class_list":{"0":"post-31380","1":"product","2":"type-product","3":"status-publish","4":"has-post-thumbnail","6":"product_cat-maquina-de-film-de-burbujas","8":"first","9":"instock","10":"shipping-taxable","11":"product-type-simple"},"acf":[],"_links":{"self":[{"href":"https:\/\/blownfilmlines.com\/es\/wp-json\/wp\/v2\/product\/31380","targetHints":{"allow":["GET"]}}],"collection":[{"href":"https:\/\/blownfilmlines.com\/es\/wp-json\/wp\/v2\/product"}],"about":[{"href":"https:\/\/blownfilmlines.com\/es\/wp-json\/wp\/v2\/types\/product"}],"replies":[{"embeddable":true,"href":"https:\/\/blownfilmlines.com\/es\/wp-json\/wp\/v2\/comments?post=31380"}],"version-history":[{"count":1,"href":"https:\/\/blownfilmlines.com\/es\/wp-json\/wp\/v2\/product\/31380\/revisions"}],"predecessor-version":[{"id":31381,"href":"https:\/\/blownfilmlines.com\/es\/wp-json\/wp\/v2\/product\/31380\/revisions\/31381"}],"wp:featuredmedia":[{"embeddable":true,"href":"https:\/\/blownfilmlines.com\/es\/wp-json\/wp\/v2\/media\/30241"}],"wp:attachment":[{"href":"https:\/\/blownfilmlines.com\/es\/wp-json\/wp\/v2\/media?parent=31380"}],"wp:term":[{"taxonomy":"product_brand","embeddable":true,"href":"https:\/\/blownfilmlines.com\/es\/wp-json\/wp\/v2\/product_brand?post=31380"},{"taxonomy":"product_cat","embeddable":true,"href":"https:\/\/blownfilmlines.com\/es\/wp-json\/wp\/v2\/product_cat?post=31380"},{"taxonomy":"product_tag","embeddable":true,"href":"https:\/\/blownfilmlines.com\/es\/wp-json\/wp\/v2\/product_tag?post=31380"}],"curies":[{"name":"wp","href":"https:\/\/api.w.org\/{rel}","templated":true}]}}