{"id":31382,"date":"2025-03-28T21:02:01","date_gmt":"2025-03-28T13:02:01","guid":{"rendered":"https:\/\/blownfilmlines.com\/product\/motor-paso-a-paso-de-ca-para-maquina-de-hacer-bolsas-de-plastico"},"modified":"2025-05-14T08:22:41","modified_gmt":"2025-05-14T00:22:41","slug":"motor-paso-a-paso-de-ca-para-maquina-de-hacer-bolsas-de-plastico","status":"publish","type":"product","link":"https:\/\/blownfilmlines.com\/es\/product\/motor-paso-a-paso-de-ca-para-maquina-de-hacer-bolsas-de-plastico","title":{"rendered":"Motor paso a paso de CA para m\u00e1quina de hacer bolsas de pl\u00e1stico"},"content":{"rendered":"<div class=\"product-tab-desc\">\n<div><span style=\"font-family: arial, helvetica, sans-serif; color: #000000;\">Motor paso a paso SOYO Tipo 130BYG350B 50N.M Motor paso a paso para m\u00e1quinas de hacer bolsas Motor DC<\/span><\/div>\n<div>\n<p><span style=\"color: #000000;\"><strong>Caracter\u00edsticas principales:<\/strong><\/span><\/p>\n<p><span style=\"color: #000000;\">1. La precisi\u00f3n general del paso del motor paso a paso \u00c1ngulo de 3-5%, y no se acumulan.<\/span><br \/>\n<span style=\"color: #000000;\">2. Deja que aparezca la temperatura m\u00e1s alta del motor paso a paso.<\/span><br \/>\n<span style=\"color: #000000;\">La temperatura del motor paso a paso har\u00e1 que el primer motor de la desmagnetizaci\u00f3n de los materiales magn\u00e9ticos, que puede conducir a la disminuci\u00f3n de par e incluso fuera de paso, por lo que la apariencia del motor permite que la temperatura m\u00e1s alta debe depender de diferentes puntos de desmagnetizaci\u00f3n material magn\u00e9tico; La desmagnetizaci\u00f3n de los materiales magn\u00e9ticos, en general, algunos est\u00e1n por encima de 130 grados Celsius, algunos incluso tan alto como 200 grados Celsius por encima, por lo que la apariencia del motor paso a paso en 80-90 grados Celsius de temperatura completamente normal.<\/span><br \/>\n<span style=\"color: #000000;\">3. El par del motor paso a paso variar\u00e1 con el aumento de la velocidad de giro se reducir\u00e1.<\/span><br \/>\n<span style=\"color: #000000;\">Al girar el motor paso a paso, la inductancia del bobinado de cada fase del motor formar\u00e1 una fuerza electromotriz inversa; cuanto mayor sea la frecuencia, mayor ser\u00e1 la contrafase. En funci\u00f3n de ella, el motor con frecuencia (o velocidad) y la corriente de fase disminuye, lo que conduce a la disminuci\u00f3n del par. <\/span><br \/>\n<span style=\"color: #000000;\">4. Puede funcionar correctamente cuando el motor paso a paso est\u00e1 a baja velocidad, pero por encima de cierta velocidad no podr\u00e1 arrancar, acompa\u00f1ado de chirridos.<\/span><br \/>\n<span style=\"color: #000000;\">El motor paso a paso tiene unos par\u00e1metros t\u00e9cnicos: frecuencia de arranque en vac\u00edo, el motor paso a paso en vac\u00edo puede arrancar con una frecuencia de impulsos normal, si la frecuencia de impulsos es superior al valor, el motor no arranca correctamente, puede perderse o bloquearse. En los casos de carga, la frecuencia de arranque debe ser inferior. Si desea que el motor para lograr la rotaci\u00f3n de alta velocidad, la frecuencia de impulsos debe ser acelerar el proceso, es decir, la frecuencia de arranque es baja, y luego en una cierta aceleraci\u00f3n de alta frecuencia a querer (velocidad del motor de baja velocidad a alta velocidad).  <\/span><br \/>\n<span style=\"color: #000000;\">El motor paso a paso, con sus notables caracter\u00edsticas, en la era de la fabricaci\u00f3n digital desempe\u00f1a un papel importante. Con el desarrollo de la tecnolog\u00eda digital y el propio motor paso a paso, mejorar la tecnolog\u00eda, motor paso a paso se aplicar\u00e1 en m\u00e1s campos. <\/span><\/p>\n<p align=\"left\"><span style=\"color: #000000;\"><strong>Descripci\u00f3n del producto<\/strong><\/span><\/p>\n<table border=\"1\" cellspacing=\"0\" cellpadding=\"0\">\n<tbody>\n<tr>\n<td>\n<p align=\"left\"><span style=\"color: #000000;\">Paso \u00c1ngulo<\/span><\/p>\n<\/td>\n<td>\n<p align=\"left\"><span style=\"color: #000000;\">0,6\/1,2 grados<\/span><\/p>\n<\/td>\n<\/tr>\n<tr>\n<td>\n<p align=\"left\"><span style=\"color: #000000;\">Resistencia al aislamiento<\/span><\/p>\n<\/td>\n<td>\n<p align=\"left\"><span style=\"color: #000000;\">500V CC 100M\u03a9 M\u00edn<\/span><\/p>\n<\/td>\n<\/tr>\n<tr>\n<td>\n<p align=\"left\"><span style=\"color: #000000;\">Rigidez diel\u00e9ctrica<\/span><\/p>\n<\/td>\n<td>\n<p align=\"left\"><span style=\"color: #000000;\">1000V CA 50Hz 2mA 1Minuto<\/span><\/p>\n<\/td>\n<\/tr>\n<tr>\n<td>\n<p align=\"left\"><span style=\"color: #000000;\">Temperatura ambiente<\/span><\/p>\n<\/td>\n<td>\n<p align=\"left\"><span style=\"color: #000000;\">-20 &#8211; 40 grados cent\u00edgrados<\/span><\/p>\n<\/td>\n<\/tr>\n<tr>\n<td>\n<p align=\"left\"><span style=\"color: #000000;\">Aumento de temperatura<\/span><\/p>\n<\/td>\n<td>\n<p align=\"left\"><span style=\"color: #000000;\">80.000 m\u00e1x.<\/span><\/p>\n<\/td>\n<\/tr>\n<tr>\n<td>\n<p align=\"left\"><span style=\"color: #000000;\">Clase de aislamiento<\/span><\/p>\n<\/td>\n<td>\n<p align=\"left\"><span style=\"color: #000000;\">B<\/span><\/p>\n<\/td>\n<\/tr>\n<\/tbody>\n<\/table>\n<p align=\"left\"><span style=\"color: #000000;\"><strong>Principales par\u00e1metros t\u00e9cnicos<\/strong><\/span><\/p>\n<table border=\"1\" cellspacing=\"0\" cellpadding=\"0\">\n<tbody>\n<tr>\n<td>\n<p align=\"left\"><span style=\"color: #000000;\">Modelo<\/span><\/p>\n<\/td>\n<td>\n<p align=\"left\"><span style=\"color: #000000;\">Tensi\u00f3n de funcionamiento<\/span><\/p>\n<\/td>\n<td>\n<p align=\"left\"><span style=\"color: #000000;\">Corriente nominal<\/span><\/p>\n<\/td>\n<td>\n<p align=\"left\"><span style=\"color: #000000;\">Resistencia<\/span><\/p>\n<\/td>\n<td>\n<p align=\"left\"><span style=\"color: #000000;\">Inductancia<\/span><\/p>\n<\/td>\n<td>\n<p align=\"left\"><span style=\"color: #000000;\">Par de retenci\u00f3n<\/span><\/p>\n<\/td>\n<td>\n<p align=\"left\"><span style=\"color: #000000;\">Noload Frecuencia<\/span><\/p>\n<\/td>\n<td>\n<p align=\"left\"><span style=\"color: #000000;\">Frecuencia inicial<\/span><\/p>\n<\/td>\n<td>\n<p align=\"left\"><span style=\"color: #000000;\">Peso<\/span><\/p>\n<\/td>\n<td>\n<p align=\"left\"><span style=\"color: #000000;\">Longitud<\/span><\/p>\n<\/td>\n<\/tr>\n<tr>\n<td>\n<p align=\"left\">\n<\/td>\n<td>\n<p align=\"left\"><span style=\"color: #000000;\">VDC<\/span><\/p>\n<\/td>\n<td>\n<p align=\"left\"><span style=\"color: #000000;\">A<\/span><\/p>\n<\/td>\n<td>\n<p align=\"left\"><span style=\"color: #000000;\">\u03a9<\/span><\/p>\n<\/td>\n<td>\n<p align=\"left\"><span style=\"color: #000000;\">mH<\/span><\/p>\n<\/td>\n<td>\n<p align=\"left\"><span style=\"color: #000000;\">N.m<\/span><\/p>\n<\/td>\n<td>\n<p align=\"left\"><span style=\"color: #000000;\">Hz<\/span><\/p>\n<\/td>\n<td>\n<p align=\"left\"><span style=\"color: #000000;\">Hz<\/span><\/p>\n<\/td>\n<td>\n<p align=\"left\"><span style=\"color: #000000;\">kg<\/span><\/p>\n<\/td>\n<td>\n<p align=\"left\"><span style=\"color: #000000;\">mm<\/span><\/p>\n<\/td>\n<\/tr>\n<tr>\n<td>\n<p align=\"left\"><span style=\"color: #000000;\">130BYG350A<\/span><\/p>\n<\/td>\n<td>\n<p align=\"left\"><span style=\"color: #000000;\">80~325<\/span><\/p>\n<\/td>\n<td>\n<p align=\"left\"><span style=\"color: #000000;\">5<\/span><\/p>\n<\/td>\n<td>\n<p align=\"left\" data-spm-anchor-id=\"a2g0o.detail.1000023.i0.534c49d3nrLlcD\"><span style=\"color: #000000;\">1.3<\/span><\/p>\n<\/td>\n<td>\n<p align=\"left\" data-spm-anchor-id=\"a2g0o.detail.1000023.i1.534c49d3nrLlcD\"><span style=\"color: #000000;\">13.1<\/span><\/p>\n<\/td>\n<td>\n<p align=\"left\"><span style=\"color: #000000;\">37<\/span><\/p>\n<\/td>\n<td>\n<p align=\"left\"><span style=\"color: #000000;\">20000<\/span><\/p>\n<\/td>\n<td>\n<p align=\"left\"><span style=\"color: #000000;\">2500<\/span><\/p>\n<\/td>\n<td>\n<p align=\"left\"><span style=\"color: #000000;\">17.8<\/span><\/p>\n<\/td>\n<td>\n<p align=\"left\"><span style=\"color: #000000;\">226<\/span><\/p>\n<\/td>\n<\/tr>\n<tr>\n<td>\n<p align=\"left\"><span style=\"color: #000000;\"><strong>130BYG350B<\/strong><\/span><\/p>\n<\/td>\n<td>\n<p align=\"left\"><span style=\"color: #000000;\"><strong>80~325<\/strong><\/span><\/p>\n<\/td>\n<td>\n<p align=\"left\"><span style=\"color: #000000;\"><strong>5<\/strong><\/span><\/p>\n<\/td>\n<td>\n<p align=\"left\"><span style=\"color: #000000;\"><strong>1.7<\/strong><\/span><\/p>\n<\/td>\n<td>\n<p align=\"left\" data-spm-anchor-id=\"a2g0o.detail.1000023.i2.534c49d3nrLlcD\"><span style=\"color: #000000;\"><strong>17<\/strong><\/span><\/p>\n<\/td>\n<td>\n<p align=\"left\"><span style=\"color: #000000;\"><strong>50<\/strong><\/span><\/p>\n<\/td>\n<td>\n<p align=\"left\"><span style=\"color: #000000;\"><strong>18000<\/strong><\/span><\/p>\n<\/td>\n<td>\n<p align=\"left\"><span style=\"color: #000000;\"><strong>2500<\/strong><\/span><\/p>\n<\/td>\n<td>\n<p align=\"left\"><span style=\"color: #000000;\"><strong>22.5<\/strong><\/span><\/p>\n<\/td>\n<td>\n<p align=\"left\"><span style=\"color: #000000;\"><strong>282<\/strong><\/span><\/p>\n<\/td>\n<\/tr>\n<\/tbody>\n<\/table>\n<p><span style=\"color: #000000;\">Ampliamente utilizado en la m\u00e1quina de embalaje, m\u00e1quina de impresi\u00f3n, m\u00e1quina de bolsas de pl\u00e1stico, farmac\u00e9utica, lavado, la m\u00e1quina de moldeo por inyecci\u00f3n, carpinter\u00eda, y otra maquinaria y equipo.<\/span><\/p>\n<p data-spm-anchor-id=\"a2g0o.detail.1000023.i6.534c49d3nrLlcD\"><span style=\"color: #000000;\"><strong>ATENCI\u00d3N: al instalar el motor, debes asegurarte de que el eje del motor y el eje de carga est\u00e9n conc\u00e9ntricos, nunca lo golpees, para no da\u00f1ar el motor.<\/strong><\/span><\/p>\n<p data-spm-anchor-id=\"a2g0o.detail.1000023.i6.534c49d3nrLlcD\"><span style=\"color: #000000;\"><strong><img decoding=\"async\" src=\"https:\/\/shopic.mcmcclass.com\/20211229005914248001678.jpg\" alt=\"soja Paso motor para m\u00e1quina de bolsas de pl\u00e1stico 2.jpg\"><\/strong><\/span><\/p>\n<p data-spm-anchor-id=\"a2g0o.detail.1000023.i6.534c49d3nrLlcD\"><span style=\"color: #000000;\"><strong><img decoding=\"async\" src=\"https:\/\/shopic.mcmcclass.com\/20211229005914482274721.jpg\" alt=\"soyo Step motor para maquina de bolsas de plastico.jpg\"><\/strong><\/span><\/p>\n<p><img fetchpriority=\"high\" decoding=\"async\" src=\"https:\/\/fshop.oss-accelerate.aliyuncs.com\/20211215213723786217429.JPG\" alt=\"F\u00e1brica de m\u00e1quinas de bolsas de pl\u00e1stico.JPG\" width=\"489\" height=\"496\"><\/p>\n<p><img decoding=\"async\" src=\"https:\/\/fshop.oss-accelerate.aliyuncs.com\/20211228114650196065744.jpg\" alt=\"\u6bcf\u4e2a\u4ea7\u54c1\u540e\u9762\u90fd\u653e\u4e0a\u8fd9\u4e2a\u56fe\u7247 01.jpg\" width=\"500\"><\/p>\n<p><img decoding=\"async\" src=\"https:\/\/fshop.oss-accelerate.aliyuncs.com\/20211228114923643729522.jpg\" alt=\"maquina de corte automatico-9.jpg\" width=\"500\"><\/p>\n<\/div>\n<\/div>\n","protected":false},"excerpt":{"rendered":"<p>\u22651\/unidad<\/p>\n<p>260,00 USD<\/p>\n","protected":false},"featured_media":30264,"comment_status":"closed","ping_status":"closed","template":"","meta":{"_acf_changed":false,"_oss_video_url":""},"product_brand":[],"product_cat":[101],"product_tag":[],"class_list":{"0":"post-31382","1":"product","2":"type-product","3":"status-publish","4":"has-post-thumbnail","6":"product_cat-sin-categoria","8":"first","9":"instock","10":"shipping-taxable","11":"product-type-simple"},"acf":[],"_links":{"self":[{"href":"https:\/\/blownfilmlines.com\/es\/wp-json\/wp\/v2\/product\/31382","targetHints":{"allow":["GET"]}}],"collection":[{"href":"https:\/\/blownfilmlines.com\/es\/wp-json\/wp\/v2\/product"}],"about":[{"href":"https:\/\/blownfilmlines.com\/es\/wp-json\/wp\/v2\/types\/product"}],"replies":[{"embeddable":true,"href":"https:\/\/blownfilmlines.com\/es\/wp-json\/wp\/v2\/comments?post=31382"}],"version-history":[{"count":1,"href":"https:\/\/blownfilmlines.com\/es\/wp-json\/wp\/v2\/product\/31382\/revisions"}],"predecessor-version":[{"id":31383,"href":"https:\/\/blownfilmlines.com\/es\/wp-json\/wp\/v2\/product\/31382\/revisions\/31383"}],"wp:featuredmedia":[{"embeddable":true,"href":"https:\/\/blownfilmlines.com\/es\/wp-json\/wp\/v2\/media\/30264"}],"wp:attachment":[{"href":"https:\/\/blownfilmlines.com\/es\/wp-json\/wp\/v2\/media?parent=31382"}],"wp:term":[{"taxonomy":"product_brand","embeddable":true,"href":"https:\/\/blownfilmlines.com\/es\/wp-json\/wp\/v2\/product_brand?post=31382"},{"taxonomy":"product_cat","embeddable":true,"href":"https:\/\/blownfilmlines.com\/es\/wp-json\/wp\/v2\/product_cat?post=31382"},{"taxonomy":"product_tag","embeddable":true,"href":"https:\/\/blownfilmlines.com\/es\/wp-json\/wp\/v2\/product_tag?post=31382"}],"curies":[{"name":"wp","href":"https:\/\/api.w.org\/{rel}","templated":true}]}}