{"id":31384,"date":"2025-03-28T20:57:47","date_gmt":"2025-03-28T12:57:47","guid":{"rendered":"https:\/\/blownfilmlines.com\/product\/maquina-cortadora"},"modified":"2025-05-14T08:22:42","modified_gmt":"2025-05-14T00:22:42","slug":"maquina-cortadora","status":"publish","type":"product","link":"https:\/\/blownfilmlines.com\/es\/product\/maquina-cortadora","title":{"rendered":"M\u00e1quina cortadora"},"content":{"rendered":"<div id=\"tab-desc\" class=\"tab-pane active\" role=\"tabpanel\">\n<div class=\"product-tab-desc\">\n<p>La m\u00e1quina cortadora vertical es adecuada para cortar y rebobinar materiales en rollo como BOPP, PET, CPP, CPE, PVC, papel de aluminio y papel, etc., y puede cortar el borde, separar y cortar el material seg\u00fan los distintos requisitos durante la producci\u00f3n.<\/p>\n<p><strong>Funci\u00f3n:<\/strong><\/p>\n<ol>\n<li><strong>S<\/strong><strong>uit to <\/strong><strong>LDPE<\/strong><strong>pel\u00edcula<\/strong><strong>HDPE<\/strong><strong> pel\u00edcula<\/strong><strong>LLDPE<\/strong><strong> film BOPP,film PP,film PET,papel<\/strong><strong>,<\/strong><\/li>\n<li><strong>control inveter <\/strong><strong>m\u00e1quina cortadora <\/strong><strong>velocidad, ahorro de energ\u00eda y ECO, ahorro de costes<\/strong><\/li>\n<li><strong>Anchura de la pel\u00edcula 100 mm-1<\/strong><strong>3<\/strong><strong>00mm<\/strong><\/li>\n<li><strong>Control de la posici\u00f3n del borde<\/strong><\/li>\n<li><strong>A<\/strong><strong>ontrolador autom\u00e1tico de tensi\u00f3n<\/strong><\/li>\n<li><strong>El material del tornillo es 38CrMoAl, puede utilizarse durante mucho tiempo<\/strong><\/li>\n<li><strong>La garant\u00eda es de un a\u00f1o, la m\u00e1quina puede funcionar sin parar, 24 horas al d\u00eda, 7 d\u00edas a la semana<\/strong><\/li>\n<li><strong>M\u00e1quina de dise\u00f1o sencillo y f\u00e1cil manejo<\/strong><\/li>\n<li><strong>La m\u00e1quina es de dise\u00f1o econ\u00f3mico, adecuada para principiantes o principiantes<\/strong><\/li>\n<li><strong>Potencia de la m\u00e1quina 220V,380V,440V,480V(Personalizada seg\u00fan pedido,Por ejemplo: EE.UU. 480V 60Hz, M\u00e9xico 440V\/220V 60Hz, Arabia Saud\u00ed 380V 60Hz, Nigeria 415V 50Hz&#8230;)<\/strong><\/li>\n<li><strong>Podemos enviar un ingeniero a la f\u00e1brica del comprador para instalar la m\u00e1quina y ofrecer un servicio de formaci\u00f3n.<\/strong><\/li>\n<li><strong>W<\/strong><strong>os damos la bienvenida a los clientes <\/strong><strong>m\u00e1quinas personalizadas<\/strong><strong>o dise\u00f1o OEM.<\/strong><\/li>\n<\/ol>\n<p><img decoding=\"async\" src=\"https:\/\/shopic.mcmcclass.com\/20211214013202679160629.jpg\" alt=\"dibujo maquina cortadora.jpg\"><\/p>\n<table>\n<tbody>\n<tr>\n<td>Tipo<\/td>\n<td>LFQ-700A<\/td>\n<td>LFQ-1100A<\/td>\n<td>LFQ-1300A<\/td>\n<\/tr>\n<tr>\n<td>Anchura m\u00e1x. del rollo madre<\/td>\n<td>700 mm<\/td>\n<td>1100 mm<\/td>\n<td>1300 mm<\/td>\n<\/tr>\n<tr>\n<td>Di\u00e1metro m\u00e1x. del rollo madre<\/td>\n<td>\u03a6600mm<\/td>\n<td>\u03a6600mm<\/td>\n<td>\u03a6600mm<\/td>\n<\/tr>\n<tr>\n<td>Anchura del rollo final<\/td>\n<td>30-600 mm<\/td>\n<td>30-600 mm<\/td>\n<td>30-600 mm<\/td>\n<\/tr>\n<tr>\n<td>Material<\/td>\n<td colspan=\"3\">BOPP,OPP,CPP,PET,LDPE,HDPE,Papel<\/td>\n<\/tr>\n<tr>\n<td>Velocidad de corte y rebobinado<\/td>\n<td>5-160 m\/min<\/td>\n<td>5-160 m\/min<\/td>\n<td>5-160 m\/min<\/td>\n<\/tr>\n<tr>\n<td>Tolerancia del EPC<\/td>\n<td>&lt;\u00b10,5 mm<\/td>\n<td>&lt;\u00b10,5 mm<\/td>\n<td>&lt;\u00b10,5 mm<\/td>\n<\/tr>\n<tr>\n<td>Potencia total<\/td>\n<td>2,7 kw<\/td>\n<td>3,5 kw<\/td>\n<td>3,5 kw<\/td>\n<\/tr>\n<tr>\n<td>Peso de la m\u00e1quina<\/td>\n<td>1200 kg<\/td>\n<td>1500 kg<\/td>\n<td>1800kg<\/td>\n<\/tr>\n<tr>\n<td>Tama\u00f1o de la m\u00e1quina<\/td>\n<td>2000\u00d71110\u00d71400 mm<\/td>\n<td>2400\u00d71110\u00d71400 mm<\/td>\n<td>2600\u00d71110\u00d71400 mm<\/td>\n<\/tr>\n<tr>\n<td>Tensi\u00f3n de alimentaci\u00f3n<\/td>\n<td colspan=\"3\">220V,380V,440V,480V(Personalizado seg\u00fan petici\u00f3n,Por ejemplo: EEUU 480V 60Hz, M\u00e9xico 440V\/220V 60Hz, Arabia Saud\u00ed 380V 60Hz, Nigeria 415V 50Hz&#8230;)<\/td>\n<\/tr>\n<tr>\n<td>Material Di\u00e1metro del n\u00facleo<\/td>\n<td colspan=\"3\">58 mm,76 mm<\/td>\n<\/tr>\n<tr>\n<td>Tiempo de trabajo de la m\u00e1quina<\/td>\n<td colspan=\"3\">24 horas * 7 d\u00edas<\/td>\n<\/tr>\n<tr>\n<td>Garant\u00eda<\/td>\n<td colspan=\"3\">1 a\u00f1o<\/td>\n<\/tr>\n<tr>\n<td>Asistencia t\u00e9cnica<\/td>\n<td colspan=\"3\">Ingenieros disponibles para dar servicio a la maquinaria en el extranjero<\/td>\n<\/tr>\n<\/tbody>\n<\/table>\n<p>\u203bLas especificaciones correctas dependen del modelo real. Todas las especificaciones est\u00e1n sujetas a cambios sin previo aviso. <\/p>\n<p><img decoding=\"async\" src=\"https:\/\/shopic.mcmcclass.com\/20211214014135548616622.jpg\" alt=\"cortadora-rebobinadora.jpg\"><\/p>\n<p>Funcionamiento de la m\u00e1quina cortadora\uff1a<\/p>\n<p>Cuando hay una pel\u00edcula en la cortadora, al utilizar la estaci\u00f3n de filmaci\u00f3n al vac\u00edo, primero se pone en marcha la estaci\u00f3n de filmaci\u00f3n hasta la posici\u00f3n de trabajo, y se aplana manualmente la pel\u00edcula en el rodillo de embutici\u00f3n y se pone en marcha la bomba de vac\u00edo superior. Succiona la l\u00e1mina, aplana la l\u00e1mina sobre la mesa de filmaci\u00f3n, coloca la cinta adhesiva de doble cara y corta el exceso de l\u00e1mina bajo la cinta, aplana la l\u00e1mina sobre el bastidor de desenrollado y pon en marcha la bomba de vac\u00edo inferior para aplanar la l\u00e1mina y absorber la cinta. Supera la capa de papel y aplana la pel\u00edcula adhesiva, las juntas deben estar limpias y sin arrugas, luego apaga las bombas de vac\u00edo superior e inferior, y abre la estaci\u00f3n de filmaci\u00f3n para que no funcione.  <\/p>\n<p><strong>\u203bLas especificaciones correctas dependen del modelo real. Todas las especificaciones est\u00e1n sujetas a cambios sin previo aviso. <\/strong><\/p>\n<p><img decoding=\"async\" src=\"https:\/\/shopic.mcmcclass.com\/20211214001920596493121.jpg\" alt=\"China-M\u00e1quina de cortar-precios-cerca-de-nosotros.jpg\"><\/p>\n<p>M\u00e1quina cortadora con caja de madera<\/p>\n<p><img decoding=\"async\" src=\"https:\/\/shopic.mcmcclass.com\/20211214001922649482421.jpg\" alt=\"Precio-m\u00e1quina-desguazadora-cerca-de-nosotros.jpg\"><\/p>\n<p>Env\u00edo de m\u00e1quinas cortadoras<\/p>\n<p><img decoding=\"async\" src=\"https:\/\/shopic.mcmcclass.com\/20211214001921193385671.jpg\" alt=\"Precio-m\u00e1quina-deslizante-cerca-de-nosotros.jpg\"><\/p>\n<p>Red Global de Servicios<\/p>\n<p><img fetchpriority=\"high\" decoding=\"async\" src=\"https:\/\/shopic.mcmcclass.com\/20211213231123292754909.jpg\" alt=\"Red de Marketing-plasticbagmachine.jpg\" width=\"500\" height=\"500\"><\/p>\n<p>&nbsp;<\/p>\n<\/div>\n<\/div>\n","protected":false},"excerpt":{"rendered":"<p>La m\u00e1quina cortadora sirve para cortar grandes rollos de film pl\u00e1stico en peque\u00f1os rollos de film pl\u00e1stico, para cortar film pl\u00e1stico, rollos de papel, papel de aluminio y film estirable.<\/p>\n","protected":false},"featured_media":30254,"comment_status":"closed","ping_status":"closed","template":"","meta":{"_acf_changed":false,"_oss_video_url":""},"product_brand":[],"product_cat":[106],"product_tag":[],"class_list":{"0":"post-31384","1":"product","2":"type-product","3":"status-publish","4":"has-post-thumbnail","6":"product_cat-maquina-cortadora","8":"first","9":"instock","10":"shipping-taxable","11":"product-type-simple"},"acf":[],"_links":{"self":[{"href":"https:\/\/blownfilmlines.com\/es\/wp-json\/wp\/v2\/product\/31384","targetHints":{"allow":["GET"]}}],"collection":[{"href":"https:\/\/blownfilmlines.com\/es\/wp-json\/wp\/v2\/product"}],"about":[{"href":"https:\/\/blownfilmlines.com\/es\/wp-json\/wp\/v2\/types\/product"}],"replies":[{"embeddable":true,"href":"https:\/\/blownfilmlines.com\/es\/wp-json\/wp\/v2\/comments?post=31384"}],"version-history":[{"count":1,"href":"https:\/\/blownfilmlines.com\/es\/wp-json\/wp\/v2\/product\/31384\/revisions"}],"predecessor-version":[{"id":31386,"href":"https:\/\/blownfilmlines.com\/es\/wp-json\/wp\/v2\/product\/31384\/revisions\/31386"}],"wp:featuredmedia":[{"embeddable":true,"href":"https:\/\/blownfilmlines.com\/es\/wp-json\/wp\/v2\/media\/30254"}],"wp:attachment":[{"href":"https:\/\/blownfilmlines.com\/es\/wp-json\/wp\/v2\/media?parent=31384"}],"wp:term":[{"taxonomy":"product_brand","embeddable":true,"href":"https:\/\/blownfilmlines.com\/es\/wp-json\/wp\/v2\/product_brand?post=31384"},{"taxonomy":"product_cat","embeddable":true,"href":"https:\/\/blownfilmlines.com\/es\/wp-json\/wp\/v2\/product_cat?post=31384"},{"taxonomy":"product_tag","embeddable":true,"href":"https:\/\/blownfilmlines.com\/es\/wp-json\/wp\/v2\/product_tag?post=31384"}],"curies":[{"name":"wp","href":"https:\/\/api.w.org\/{rel}","templated":true}]}}