{"id":31385,"date":"2025-03-28T15:39:10","date_gmt":"2025-03-28T07:39:10","guid":{"rendered":"https:\/\/blownfilmlines.com\/product\/maquina-envasadora-de-grupos-de-pajitas-para-beber"},"modified":"2025-05-14T08:22:42","modified_gmt":"2025-05-14T00:22:42","slug":"maquina-envasadora-de-grupos-de-pajitas-para-beber","status":"publish","type":"product","link":"https:\/\/blownfilmlines.com\/es\/product\/maquina-envasadora-de-grupos-de-pajitas-para-beber","title":{"rendered":"M\u00e1quina envasadora de grupos de pajitas para beber"},"content":{"rendered":"<div id=\"tab-desc\" class=\"tab-pane active\" role=\"tabpanel\">\n<div class=\"ProductAttr\">\n<div class=\"ProductAttrItem\">\n<div class=\"ProductAttr-title\">color<\/div>\n<div class=\"ProductAttr-text\">rojo,azul,amarillo<\/div>\n<\/div>\n<\/div>\n<div class=\"product-tab-desc\">\n<div>\n<p>  M\u00e1quina envasadora de grupos de pajitas para beber<\/p>\n<ol>\n<li>Los multienvases de cualquier n\u00famero (inferior a 40), el llenado, el sellado, el envasado y el corte pueden completarse de una sola vez.<\/li>\n<li>Recuento autom\u00e1tico, alarma de lote para el n\u00famero de bolsas de envasado.<\/li>\n<li>La tolva \u00fanica descarga verticalmente, descarga suavemente, realiza un funcionamiento eficiente y un alto rendimiento.<\/li>\n<li>El desenrollado de la pel\u00edcula adopta un dispositivo mec\u00e1nico frontal de ajuste de la tensi\u00f3n, que es c\u00f3modo y r\u00e1pido de ajustar en l\u00ednea.<\/li>\n<li>Sustituyendo algunas piezas, puede satisfacer la producci\u00f3n de diversas especificaciones y variedades de pajitas, con una buena versatilidad<\/li>\n<li>La encimera es de acero inoxidable, hermosa y generosa, y nunca se oxidar\u00e1.<\/li>\n<\/ol>\n<p><strong> <\/strong><\/p>\n<table>\n<tbody>\n<tr>\n<td width=\"338\">art\u00edculo<\/td>\n<td width=\"216\">FE-36<\/td>\n<\/tr>\n<tr>\n<td width=\"338\">Capacidad<\/p>\n<p>Cantidad de paja<\/td>\n<td width=\"216\">40\uff5e70bag\/minuto<\/p>\n<p>2-40pcs\/bag<\/td>\n<\/tr>\n<tr>\n<td width=\"338\">Motor principal<\/td>\n<td width=\"216\">0,75 kW<\/td>\n<\/tr>\n<tr>\n<td width=\"338\">Material de embalaje<\/td>\n<td width=\"216\">Film de pl\u00e1stico<\/td>\n<\/tr>\n<tr>\n<td width=\"338\">Anchura del material<\/td>\n<td width=\"216\">60\uff5e120mm<\/td>\n<\/tr>\n<tr>\n<td width=\"338\">Di\u00e1metro de la paja<\/td>\n<td width=\"216\">\u03c63\uff5e6mm<\/td>\n<\/tr>\n<tr>\n<td width=\"338\">Longitud de la paja<\/td>\n<td width=\"216\">120\uff5e240mm<\/td>\n<\/tr>\n<tr>\n<td width=\"338\">Peso de la m\u00e1quina<\/td>\n<td width=\"216\">400 kg<\/td>\n<\/tr>\n<tr>\n<td width=\"338\">Tama\u00f1o de la m\u00e1quina<\/td>\n<td width=\"216\">700 mm \u00d71100 mm<\/td>\n<\/tr>\n<\/tbody>\n<\/table>\n<p>\u203bLas especificaciones correctas dependen del modelo real. Todas las especificaciones est\u00e1n sujetas a cambios sin previo aviso. <\/p>\n<p>Almac\u00e9n de m\u00e1quinas de pajitas<\/p>\n<p><img decoding=\"async\" src=\"https:\/\/shopic.mcmcclass.com\/20211214222259047985840.jpg\" alt=\"m\u00e1quinas_de_paja_para_beber.jpg\"><\/p>\n<p><img decoding=\"async\" src=\"https:\/\/shopic.mcmcclass.com\/20211214222259024515862.jpg\" alt=\"maquina-de-paja-para-beber.jpg\"><\/p>\n<p>M\u00e1quina de pajitas para beber Exportaci\u00f3n a otros pa\u00edses<\/p>\n<p><img decoding=\"async\" src=\"https:\/\/shopic.mcmcclass.com\/20211214222259057983892.jpg\" alt=\"PP-m\u00e1quinas-de-beber-paja.jpg\"><\/p>\n<p>Proveedor de material para pajitas<\/p>\n<p><img fetchpriority=\"high\" decoding=\"async\" src=\"https:\/\/fshop.oss-accelerate.aliyuncs.com\/20211214224140246141552.jpg\" alt=\"Polythylene-Polypropylene-PP-HDPE-LDPE-material-Supplier-Top-ten-List(1).jpg\" width=\"500\" height=\"500\"><\/p>\n<p>Nuestro cooperador de piezas principales como marca siguiente (piezas est\u00e1ndar todas hechas en China).<\/p>\n<p><img decoding=\"async\" src=\"https:\/\/shopic.mcmcclass.com\/20211213214903233504108.jpg\" alt=\"maquina_de_bolsas_electricas.jpg\" width=\"500\" height=\"312\"><\/p>\n<p>Red Global de Servicios<\/p>\n<p><img decoding=\"async\" src=\"https:\/\/shopic.mcmcclass.com\/20211213231123292754909.jpg\" alt=\"Red de Marketing-plasticbagmachine.jpg\" width=\"500\" height=\"332\"><\/p>\n<\/div>\n<\/div>\n<\/div>\n","protected":false},"excerpt":{"rendered":"<p>color rojo,azul,amarillo M\u00e1quina envasadora de grupos de pajitas para beber Los multienvases de cualquier n\u00famero (inferior a 40), el llenado,<\/p>\n","protected":false},"featured_media":30219,"comment_status":"closed","ping_status":"closed","template":"","meta":{"_acf_changed":false,"_oss_video_url":""},"product_brand":[],"product_cat":[107],"product_tag":[],"class_list":{"0":"post-31385","1":"product","2":"type-product","3":"status-publish","4":"has-post-thumbnail","6":"product_cat-maquina-de-pajitas","8":"first","9":"instock","10":"shipping-taxable","11":"product-type-simple"},"acf":[],"_links":{"self":[{"href":"https:\/\/blownfilmlines.com\/es\/wp-json\/wp\/v2\/product\/31385","targetHints":{"allow":["GET"]}}],"collection":[{"href":"https:\/\/blownfilmlines.com\/es\/wp-json\/wp\/v2\/product"}],"about":[{"href":"https:\/\/blownfilmlines.com\/es\/wp-json\/wp\/v2\/types\/product"}],"replies":[{"embeddable":true,"href":"https:\/\/blownfilmlines.com\/es\/wp-json\/wp\/v2\/comments?post=31385"}],"version-history":[{"count":1,"href":"https:\/\/blownfilmlines.com\/es\/wp-json\/wp\/v2\/product\/31385\/revisions"}],"predecessor-version":[{"id":31387,"href":"https:\/\/blownfilmlines.com\/es\/wp-json\/wp\/v2\/product\/31385\/revisions\/31387"}],"wp:featuredmedia":[{"embeddable":true,"href":"https:\/\/blownfilmlines.com\/es\/wp-json\/wp\/v2\/media\/30219"}],"wp:attachment":[{"href":"https:\/\/blownfilmlines.com\/es\/wp-json\/wp\/v2\/media?parent=31385"}],"wp:term":[{"taxonomy":"product_brand","embeddable":true,"href":"https:\/\/blownfilmlines.com\/es\/wp-json\/wp\/v2\/product_brand?post=31385"},{"taxonomy":"product_cat","embeddable":true,"href":"https:\/\/blownfilmlines.com\/es\/wp-json\/wp\/v2\/product_cat?post=31385"},{"taxonomy":"product_tag","embeddable":true,"href":"https:\/\/blownfilmlines.com\/es\/wp-json\/wp\/v2\/product_tag?post=31385"}],"curies":[{"name":"wp","href":"https:\/\/api.w.org\/{rel}","templated":true}]}}