{"id":31388,"date":"2025-03-28T21:11:28","date_gmt":"2025-03-28T13:11:28","guid":{"rendered":"https:\/\/blownfilmlines.com\/product\/controlador-de-motor-paso-a-paso-mf308sd-para-maquina-de-bolsas-de-plastico"},"modified":"2025-05-14T08:23:12","modified_gmt":"2025-05-14T00:23:12","slug":"controlador-de-motor-paso-a-paso-mf308sd-para-maquina-de-bolsas-de-plastico","status":"publish","type":"product","link":"https:\/\/blownfilmlines.com\/es\/product\/controlador-de-motor-paso-a-paso-mf308sd-para-maquina-de-bolsas-de-plastico","title":{"rendered":"Controlador de motor paso a paso MF308SD para m\u00e1quina de bolsas de pl\u00e1stico"},"content":{"rendered":"<div class=\"product-tab-desc\">\n<div>MF308SD Controlador de motor paso a paso para m\u00e1quina de bolsas de pl\u00e1stico<\/div>\n<div>El controlador del motor paso a paso utiliza el \u00faltimo chip DSP dedicado al control del motor, tecnolog\u00eda de control vectorial en bucle cerrado, el IPM original importado. Mejorar en gran medida el motor paso a paso para perder el paso, paso a paso, sino tambi\u00e9n mejorar significativamente el rendimiento de la velocidad del motor, reducir la fiebre del motor y reducir la vibraci\u00f3n del motor. La se\u00f1al de control y la se\u00f1al interna realizan la tecnolog\u00eda de aislamiento fotoel\u00e9ctrico completo, el conductor puede alcanzar el m\u00e1s alto nivel de grado antiatasco y EMC. Puede accionar 8,5 A el siguiente motor paso a paso h\u00edbrido trif\u00e1sico de la serie 85BYG, 90BYG, 110BYG , 130BYG.<br \/>Fuente de alimentaci\u00f3n AC220V.<br \/>Dos &#8211; corriente de accionamiento m\u00e1xima por fase seg\u00fan la distribuci\u00f3n del motor.<br \/>Tres &#8211; el uso del modo de control de corriente vectorial, salida de corriente precisa, con una salida de control de onda sinusoidal de banda completa, de modo que<br \/>Motor paso a paso del rendimiento operativo del servomotor de CA.<br \/>Cuatro. La funci\u00f3n de identificaci\u00f3n de par\u00e1metros incorporada en el controlador es muy peque\u00f1a, y el motor puede obtener un rendimiento excelente.<br \/>Cinco. Los controladores incorporan un algoritmo antirresonancia y una funci\u00f3n de subdivisi\u00f3n, lo que optimiza el funcionamiento de baja frecuencia y frecuencia intermedia.<br \/>Sexto. La unidad en el observador, lo que mejora en gran medida el par de alta velocidad.<br \/>Siete &#8211; con una variedad de sub-patrones, los requisitos especiales se pueden personalizar.<br \/>Ocho &#8211; tienen fuera de l\u00ednea (LIBRE) de la se\u00f1al de control (W.F de entrada).<br \/>Nueve &#8211; motor adaptador: 85BYG, 90BYG, 110BYG , 130BYG motor paso a paso de la serie.      <\/div>\n<div><img fetchpriority=\"high\" decoding=\"async\" src=\"https:\/\/shopic.mcmcclass.com\/20211206161650746724611.jpg\" alt=\"Controlador MF308SD para m\u00e1quina de bolsas de pl\u00e1stico.jpg\" width=\"500\" height=\"439\"><\/div>\n<div>&nbsp;<\/div>\n<div><img decoding=\"async\" src=\"https:\/\/shopic.mcmcclass.com\/20211206161650722336342.JPG\" alt=\"Conductor MF308SD m\u00e1quina de bolsas de pl\u00e1stico.JPG\" width=\"500\" height=\"477\"><\/div>\n<div>\n<p><img decoding=\"async\" src=\"https:\/\/fshop.oss-accelerate.aliyuncs.com\/20211215213723786217429.JPG\" alt=\"F\u00e1brica de m\u00e1quinas de bolsas de pl\u00e1stico.JPG\" width=\"489\" height=\"496\"><\/p>\n<p><img decoding=\"async\" src=\"https:\/\/fshop.oss-accelerate.aliyuncs.com\/20211228114650196065744.jpg\" alt=\"\u6bcf\u4e2a\u4ea7\u54c1\u540e\u9762\u90fd\u653e\u4e0a\u8fd9\u4e2a\u56fe\u7247 01.jpg\" width=\"500\"><\/p>\n<p><img decoding=\"async\" src=\"https:\/\/fshop.oss-accelerate.aliyuncs.com\/20211228114923643729522.jpg\" alt=\"maquina de corte automatico-9.jpg\" width=\"500\"><\/p>\n<\/div><\/div>\n","protected":false},"excerpt":{"rendered":"<p>MF308SD Controlador de motor paso a paso para m\u00e1quina de bolsas de pl\u00e1stico El controlador del motor paso a paso<\/p>\n","protected":false},"featured_media":30310,"comment_status":"closed","ping_status":"closed","template":"","meta":{"_acf_changed":false,"_oss_video_url":""},"product_brand":[],"product_cat":[101],"product_tag":[],"class_list":{"0":"post-31388","1":"product","2":"type-product","3":"status-publish","4":"has-post-thumbnail","6":"product_cat-sin-categoria","8":"first","9":"instock","10":"shipping-taxable","11":"product-type-simple"},"acf":[],"_links":{"self":[{"href":"https:\/\/blownfilmlines.com\/es\/wp-json\/wp\/v2\/product\/31388","targetHints":{"allow":["GET"]}}],"collection":[{"href":"https:\/\/blownfilmlines.com\/es\/wp-json\/wp\/v2\/product"}],"about":[{"href":"https:\/\/blownfilmlines.com\/es\/wp-json\/wp\/v2\/types\/product"}],"replies":[{"embeddable":true,"href":"https:\/\/blownfilmlines.com\/es\/wp-json\/wp\/v2\/comments?post=31388"}],"version-history":[{"count":1,"href":"https:\/\/blownfilmlines.com\/es\/wp-json\/wp\/v2\/product\/31388\/revisions"}],"predecessor-version":[{"id":31389,"href":"https:\/\/blownfilmlines.com\/es\/wp-json\/wp\/v2\/product\/31388\/revisions\/31389"}],"wp:featuredmedia":[{"embeddable":true,"href":"https:\/\/blownfilmlines.com\/es\/wp-json\/wp\/v2\/media\/30310"}],"wp:attachment":[{"href":"https:\/\/blownfilmlines.com\/es\/wp-json\/wp\/v2\/media?parent=31388"}],"wp:term":[{"taxonomy":"product_brand","embeddable":true,"href":"https:\/\/blownfilmlines.com\/es\/wp-json\/wp\/v2\/product_brand?post=31388"},{"taxonomy":"product_cat","embeddable":true,"href":"https:\/\/blownfilmlines.com\/es\/wp-json\/wp\/v2\/product_cat?post=31388"},{"taxonomy":"product_tag","embeddable":true,"href":"https:\/\/blownfilmlines.com\/es\/wp-json\/wp\/v2\/product_tag?post=31388"}],"curies":[{"name":"wp","href":"https:\/\/api.w.org\/{rel}","templated":true}]}}