{"id":31390,"date":"2025-03-28T20:56:25","date_gmt":"2025-03-28T12:56:25","guid":{"rendered":"https:\/\/blownfilmlines.com\/product\/maquina-de-corte-longitudinal-de-alta-velocidad"},"modified":"2025-05-14T08:24:10","modified_gmt":"2025-05-14T00:24:10","slug":"maquina-de-corte-longitudinal-de-alta-velocidad","status":"publish","type":"product","link":"https:\/\/blownfilmlines.com\/es\/product\/maquina-de-corte-longitudinal-de-alta-velocidad","title":{"rendered":"M\u00e1quina de corte longitudinal de alta velocidad"},"content":{"rendered":"<div id=\"tab-desc\" class=\"tab-pane active\" role=\"tabpanel\">\n<div class=\"product-tab-desc\">\n<div>\n<p>La cortadora de film de pl\u00e1stico de alta velocidad es adecuada para cortar rollos de papel, film PET, film PVC, film LDPE, film HDPE y otros films de pl\u00e1stico.<\/p>\n<p><strong>Control de la velocidad de la m\u00e1quina mediante inversor, equipada con control autom\u00e1tico de la tensi\u00f3n, contador, bobinadora de superficie, adecuada para el corte longitudinal del papel.<\/strong><\/p>\n<p>&nbsp;<\/p>\n<p><strong>La m\u00e1quina cortadora es un tipo de equipo mec\u00e1nico que corta el papel o la pel\u00edcula anchos en una pluralidad de materiales de anchura estrecha, y se utiliza com\u00fanmente en la maquinaria de fabricaci\u00f3n de papel y en la maquinaria de impresi\u00f3n y envasado.  <\/strong><\/p>\n<p><strong>Feautre:<\/strong><\/p>\n<p><strong>  1.Ajuste autom\u00e1tico de la anchura de desenrollado mediante sistema hidr\u00e1ulico<br \/>\n2.Carga autom\u00e1tica hidr\u00e1ulica del material<br \/>\n3.Dispositivo de recogida de material<br \/>\n4.T\u00e9cnica de posicionamiento del n\u00facleo de papel (por l\u00e1ser)<br \/>\n5.T\u00e9cnica de servodirecci\u00f3n\/Control vectorial de frecuencia<br \/>\n6.Secci\u00f3n tecnolog\u00eda de control de tensi\u00f3n<br \/>\n7.Cambio autom\u00e1tico del eje de rebobinado, disminuci\u00f3n del tiempo de parada<br \/>\n8.Posicionamiento autom\u00e1tico de la cuchilla<br \/>\n9.Sistema autom\u00e1tico de descarga<br \/>\n10.Modo de corte con cuchilla circular<br \/>\n11.Rollo expansor<br \/>\n12.Rollo de baile<br \/>\nModo rebobinado de 13,6 pulgadas<br \/>\n14.parada de la cuenta de contadores<br \/>\n15.Desgarro f\u00e1cil en l\u00ednea<br \/>\n16.Agujero de aire en l\u00ednea<br \/>\n17.Rodillo de separaci\u00f3n<br \/>\n18.Adecuado para papel, film LDPE, film HDPE, film LLDPE, film BOPP, film PP, film PET,<br \/>\n19.Potencia de la m\u00e1quina 220V, 380V, 440V, 480V (Personalizada a petici\u00f3n del cliente, por ejemplo: EE.UU. 480V 60Hz, M\u00e9xico 440V\/220V 60Hz, Arabia Saud\u00ed 380V 60Hz, Nigeria 415V 50Hz&#8230;)<br \/>\n20.Servicio postventa asequible, puede enviar un ingeniero a la f\u00e1brica del comprador, para instalar la m\u00e1quina y ofrecer servicio de formaci\u00f3n.<br \/>\n21.Nos dan la bienvenida los clientes M\u00e1quinas personalizadas o dise\u00f1o OEM.<\/strong><strong> <\/strong><\/p>\n<table>\n<tbody>\n<tr>\n<td width=\"243\"><strong>Tipo<\/strong><\/td>\n<td width=\"193\"><strong>LFQ-E1300<\/strong><\/td>\n<td width=\"109\"><strong>LFQ-E1500<\/strong><\/td>\n<\/tr>\n<tr>\n<td width=\"243\"><strong>Anchura m\u00e1x. del rollo madre<\/strong><\/td>\n<td width=\"193\"><strong>1300 mm<\/strong><\/td>\n<td width=\"109\"><strong>1500 mm<\/strong><\/td>\n<\/tr>\n<tr>\n<td width=\"243\"><strong>Di\u00e1metro m\u00e1x. del rollo madre<\/strong><\/td>\n<td width=\"193\"><strong>\u03a6800mm<\/strong><\/td>\n<td width=\"109\"><strong>\u03a6800mm<\/strong><\/td>\n<\/tr>\n<tr>\n<td width=\"243\"><strong>Espesor del material<\/strong><\/td>\n<td width=\"193\"><strong>20-200\u03bc\u039c<\/strong><\/td>\n<td width=\"109\"><strong>20-200\u03bc\u039c<\/strong><\/td>\n<\/tr>\n<tr>\n<td width=\"243\"><strong>M\u00e1x. Di\u00e1metro de rebobinado <\/strong><\/td>\n<td width=\"193\"><strong>\u03a6600mm<\/strong><\/td>\n<td width=\"109\"><strong>\u03a6600mm<\/strong><\/td>\n<\/tr>\n<tr>\n<td width=\"243\"><strong>M\u00edn. Anchura del rollo final <\/strong><\/td>\n<td width=\"193\"><strong>30 mm<\/strong><\/td>\n<td width=\"109\"><strong>30 mm<\/strong><\/td>\n<\/tr>\n<tr>\n<td width=\"243\"><strong>Velocidad m\u00e1x. de corte (control inversor)<\/strong><\/td>\n<td width=\"193\"><strong>300 m\/min<\/strong><\/td>\n<td width=\"109\"><strong>300 m\/min<\/strong><\/td>\n<\/tr>\n<tr>\n<td width=\"243\"><strong>Velocidad m\u00e1x. de corte (control por servomotor)<\/strong><\/td>\n<td width=\"193\"><strong>500 m\/min<\/strong><\/td>\n<td width=\"109\"><strong>500 m\/min<\/strong><\/td>\n<\/tr>\n<tr>\n<td width=\"243\"><strong>Material<\/strong><\/td>\n<td colspan=\"2\" width=\"303\"><strong>Papel, HDPE, LDPE, LLDPE, PET, BOPP, OPP, pel\u00edcula CPP<\/strong><\/td>\n<\/tr>\n<tr>\n<td width=\"243\"><strong>Tensi\u00f3n de alimentaci\u00f3n<\/strong><\/td>\n<td colspan=\"2\" width=\"303\"><strong>220V,380V,440V,480V(Personalizado seg\u00fan petici\u00f3n,Por ejemplo: EEUU 480V 60Hz, M\u00e9xico 440V\/220V 60Hz, Arabia Saud\u00ed 380V 60Hz, Nigeria 415V 50Hz&#8230;)<\/strong><\/td>\n<\/tr>\n<tr>\n<td width=\"243\"><strong>Material Di\u00e1metro del n\u00facleo<\/strong><\/td>\n<td colspan=\"2\" width=\"303\"><strong>76 mm (3 pulgadas)<\/strong><\/td>\n<\/tr>\n<tr>\n<td width=\"243\"><strong>Tiempo de trabajo de la m\u00e1quina<\/strong><\/td>\n<td colspan=\"2\" width=\"303\"><strong>24 horas * 7 d\u00edas<\/strong><\/td>\n<\/tr>\n<tr>\n<td width=\"243\"><strong>Garant\u00eda<\/strong><\/td>\n<td colspan=\"2\" width=\"303\"><strong>1 a\u00f1o<\/strong><\/td>\n<\/tr>\n<tr>\n<td width=\"243\"><strong>Asistencia t\u00e9cnica<\/strong><\/td>\n<td colspan=\"2\" width=\"303\"><strong>Ingenieros disponibles para dar servicio a la maquinaria en el extranjero<\/strong><\/td>\n<\/tr>\n<\/tbody>\n<\/table>\n<p><strong>\u203bLas especificaciones correctas dependen del modelo real. Todas las especificaciones est\u00e1n sujetas a cambios sin previo aviso. <\/strong><\/p>\n<p><img decoding=\"async\" src=\"https:\/\/shopic.mcmcclass.com\/20211214001920596493121.jpg\" alt=\"China-M\u00e1quina de cortar-precios-cerca-de-nosotros.jpg\"><\/p>\n<p>M\u00e1quina cortadora con caja de madera<\/p>\n<p><img decoding=\"async\" src=\"https:\/\/shopic.mcmcclass.com\/20211214001922649482421.jpg\" alt=\"Precio-m\u00e1quina-desguazadora-cerca-de-nosotros.jpg\"><\/p>\n<p>Env\u00edo de m\u00e1quinas cortadoras<\/p>\n<p><img decoding=\"async\" src=\"https:\/\/shopic.mcmcclass.com\/20211214001921193385671.jpg\" alt=\"Precio-m\u00e1quina-deslizante-cerca-de-nosotros.jpg\"><\/p>\n<p>Red Global de Servicios<\/p>\n<p><img fetchpriority=\"high\" decoding=\"async\" src=\"https:\/\/shopic.mcmcclass.com\/20211213231123292754909.jpg\" alt=\"Red de Marketing-plasticbagmachine.jpg\" width=\"500\" height=\"500\"><\/p>\n<\/div>\n<\/div>\n<\/div>\n","protected":false},"excerpt":{"rendered":"<p>La m\u00e1quina cortadora sirve para cortar grandes rollos de film pl\u00e1stico en peque\u00f1os rollos de film pl\u00e1stico, para cortar film pl\u00e1stico, rollos de papel, papel de aluminio y film estirable.<\/p>\n","protected":false},"featured_media":30250,"comment_status":"closed","ping_status":"closed","template":"","meta":{"_acf_changed":false,"_oss_video_url":""},"product_brand":[],"product_cat":[106],"product_tag":[],"class_list":{"0":"post-31390","1":"product","2":"type-product","3":"status-publish","4":"has-post-thumbnail","6":"product_cat-maquina-cortadora","8":"first","9":"instock","10":"shipping-taxable","11":"product-type-simple"},"acf":[],"_links":{"self":[{"href":"https:\/\/blownfilmlines.com\/es\/wp-json\/wp\/v2\/product\/31390","targetHints":{"allow":["GET"]}}],"collection":[{"href":"https:\/\/blownfilmlines.com\/es\/wp-json\/wp\/v2\/product"}],"about":[{"href":"https:\/\/blownfilmlines.com\/es\/wp-json\/wp\/v2\/types\/product"}],"replies":[{"embeddable":true,"href":"https:\/\/blownfilmlines.com\/es\/wp-json\/wp\/v2\/comments?post=31390"}],"version-history":[{"count":1,"href":"https:\/\/blownfilmlines.com\/es\/wp-json\/wp\/v2\/product\/31390\/revisions"}],"predecessor-version":[{"id":31391,"href":"https:\/\/blownfilmlines.com\/es\/wp-json\/wp\/v2\/product\/31390\/revisions\/31391"}],"wp:featuredmedia":[{"embeddable":true,"href":"https:\/\/blownfilmlines.com\/es\/wp-json\/wp\/v2\/media\/30250"}],"wp:attachment":[{"href":"https:\/\/blownfilmlines.com\/es\/wp-json\/wp\/v2\/media?parent=31390"}],"wp:term":[{"taxonomy":"product_brand","embeddable":true,"href":"https:\/\/blownfilmlines.com\/es\/wp-json\/wp\/v2\/product_brand?post=31390"},{"taxonomy":"product_cat","embeddable":true,"href":"https:\/\/blownfilmlines.com\/es\/wp-json\/wp\/v2\/product_cat?post=31390"},{"taxonomy":"product_tag","embeddable":true,"href":"https:\/\/blownfilmlines.com\/es\/wp-json\/wp\/v2\/product_tag?post=31390"}],"curies":[{"name":"wp","href":"https:\/\/api.w.org\/{rel}","templated":true}]}}